{"id":15103,"date":"2023-01-04T23:11:22","date_gmt":"2023-01-04T23:11:22","guid":{"rendered":"https:\/\/jpx.ro\/repo\/?post_type=product&#038;p=15103"},"modified":"2023-01-04T23:11:34","modified_gmt":"2023-01-04T23:11:34","slug":"cadru-metalic-si-prelata-2613-inaltime-1-5-m","status":"publish","type":"product","link":"https:\/\/jpx.ro\/repo\/product\/cadru-metalic-si-prelata-2613-inaltime-1-5-m\/","title":{"rendered":"Cadru metalic \u0219i prelat\u0103 2613, \u00een\u0103l\u021bime 1.5 m"},"content":{"rendered":"","protected":false},"excerpt":{"rendered":"","protected":false},"featured_media":0,"template":"","meta":[],"product_cat":[50],"product_tag":[52],"class_list":["post-15103","product","type-product","status-publish","hentry","product_cat-accesorii","product_tag-accesorii"],"_links":{"self":[{"href":"https:\/\/jpx.ro\/repo\/wp-json\/wp\/v2\/product\/15103","targetHints":{"allow":["GET"]}}],"collection":[{"href":"https:\/\/jpx.ro\/repo\/wp-json\/wp\/v2\/product"}],"about":[{"href":"https:\/\/jpx.ro\/repo\/wp-json\/wp\/v2\/types\/product"}],"wp:attachment":[{"href":"https:\/\/jpx.ro\/repo\/wp-json\/wp\/v2\/media?parent=15103"}],"wp:term":[{"taxonomy":"product_cat","embeddable":true,"href":"https:\/\/jpx.ro\/repo\/wp-json\/wp\/v2\/product_cat?post=15103"},{"taxonomy":"product_tag","embeddable":true,"href":"https:\/\/jpx.ro\/repo\/wp-json\/wp\/v2\/product_tag?post=15103"}],"curies":[{"name":"wp","href":"https:\/\/api.w.org\/{rel}","templated":true}]}}