{"id":14867,"date":"2023-01-04T13:30:25","date_gmt":"2023-01-04T13:30:25","guid":{"rendered":"https:\/\/jpx.ro\/repo\/?page_id=14867"},"modified":"2023-01-04T13:33:56","modified_gmt":"2023-01-04T13:33:56","slug":"noutati","status":"publish","type":"page","link":"https:\/\/jpx.ro\/repo\/noutati\/","title":{"rendered":"Noutati"},"content":{"rendered":"\t\t<div data-elementor-type=\"wp-page\" data-elementor-id=\"14867\" class=\"elementor elementor-14867\">\n\t\t\t\t\t\t\t\t\t<section class=\"elementor-section elementor-top-section elementor-element elementor-element-d89234a elementor-section-boxed elementor-section-height-default elementor-section-height-default\" data-id=\"d89234a\" data-element_type=\"section\" data-settings=\"{&quot;background_background&quot;:&quot;classic&quot;}\">\n\t\t\t\t\t\t<div class=\"elementor-container elementor-column-gap-default\">\n\t\t\t\t\t<div class=\"elementor-column elementor-col-100 elementor-top-column elementor-element elementor-element-9538859\" data-id=\"9538859\" data-element_type=\"column\">\n\t\t\t<div class=\"elementor-widget-wrap elementor-element-populated\">\n\t\t\t\t\t\t\t\t<div class=\"elementor-element elementor-element-eab762f elementor-widget elementor-widget-heading\" data-id=\"eab762f\" data-element_type=\"widget\" data-widget_type=\"heading.default\">\n\t\t\t\t<div class=\"elementor-widget-container\">\n\t\t\t<style>\/*! elementor - v3.7.7 - 20-09-2022 *\/\n.elementor-heading-title{padding:0;margin:0;line-height:1}.elementor-widget-heading .elementor-heading-title[class*=elementor-size-]>a{color:inherit;font-size:inherit;line-height:inherit}.elementor-widget-heading .elementor-heading-title.elementor-size-small{font-size:15px}.elementor-widget-heading .elementor-heading-title.elementor-size-medium{font-size:19px}.elementor-widget-heading .elementor-heading-title.elementor-size-large{font-size:29px}.elementor-widget-heading .elementor-heading-title.elementor-size-xl{font-size:39px}.elementor-widget-heading .elementor-heading-title.elementor-size-xxl{font-size:59px}<\/style><h3 class=\"elementor-heading-title elementor-size-default\">Nout\u0103\u021bi<\/h3>\t\t<\/div>\n\t\t\t\t<\/div>\n\t\t\t\t<div class=\"elementor-element elementor-element-898f2cd elementor-widget elementor-widget-text-editor\" data-id=\"898f2cd\" data-element_type=\"widget\" data-widget_type=\"text-editor.default\">\n\t\t\t\t<div class=\"elementor-widget-container\">\n\t\t\t<style>\/*! elementor - v3.7.7 - 20-09-2022 *\/\n.elementor-widget-text-editor.elementor-drop-cap-view-stacked .elementor-drop-cap{background-color:#818a91;color:#fff}.elementor-widget-text-editor.elementor-drop-cap-view-framed .elementor-drop-cap{color:#818a91;border:3px solid;background-color:transparent}.elementor-widget-text-editor:not(.elementor-drop-cap-view-default) .elementor-drop-cap{margin-top:8px}.elementor-widget-text-editor:not(.elementor-drop-cap-view-default) .elementor-drop-cap-letter{width:1em;height:1em}.elementor-widget-text-editor .elementor-drop-cap{float:left;text-align:center;line-height:1;font-size:50px}.elementor-widget-text-editor .elementor-drop-cap-letter{display:inline-block}<\/style>\t\t\t\t<p style=\"text-align: center;\">Suntem o companie <span class=\"word modified\" data-words=\"deschisa,deschis\u0103,de\u0219chisa,de\u0219chis\u0103\">deschis\u0103<\/span> <span class=\"word\" data-words=\"c\u0103tre,catre\">c\u0103tre<\/span> <span class=\"word\" data-words=\"pia\u021b\u0103,pia\u021ba,piata\">pia\u021b\u0103<\/span> <span class=\"word\" data-words=\"\u0219i,si\">\u0219i<\/span> <span class=\"word\" data-words=\"clien\u021bi,clienti\">clien\u021bi<\/span>, fiind <span class=\"word modified\" data-words=\"implicat\u0103,implicata\">implicat\u0103<\/span> activ <span class=\"word\" data-words=\"\u00een,in\">\u00een<\/span> mediul de afaceri din <span class=\"word modified\" data-words=\"Romania,Rom\u00e2nia\">Rom\u00e2nia<\/span><\/p>\t\t\t\t\t\t<\/div>\n\t\t\t\t<\/div>\n\t\t\t\t\t<\/div>\n\t\t<\/div>\n\t\t\t\t\t\t\t<\/div>\n\t\t<\/section>\n\t\t\t\t<section class=\"elementor-section elementor-top-section elementor-element elementor-element-659829f elementor-hidden-tablet elementor-hidden-mobile elementor-section-boxed elementor-section-height-default elementor-section-height-default\" data-id=\"659829f\" data-element_type=\"section\">\n\t\t\t\t\t\t<div class=\"elementor-container elementor-column-gap-default\">\n\t\t\t\t\t<div class=\"elementor-column elementor-col-33 elementor-top-column elementor-element elementor-element-30681fb\" data-id=\"30681fb\" data-element_type=\"column\">\n\t\t\t<div class=\"elementor-widget-wrap\">\n\t\t\t\t\t\t\t\t\t<\/div>\n\t\t<\/div>\n\t\t\t\t<div class=\"elementor-column elementor-col-33 elementor-top-column elementor-element elementor-element-737b804\" data-id=\"737b804\" data-element_type=\"column\" data-settings=\"{&quot;background_background&quot;:&quot;classic&quot;}\">\n\t\t\t<div class=\"elementor-widget-wrap elementor-element-populated\">\n\t\t\t\t\t\t\t\t<div class=\"elementor-element elementor-element-e00aa94 elementor-view-default elementor-widget elementor-widget-icon\" data-id=\"e00aa94\" data-element_type=\"widget\" data-widget_type=\"icon.default\">\n\t\t\t\t<div class=\"elementor-widget-container\">\n\t\t\t\t\t<div class=\"elementor-icon-wrapper\">\n\t\t\t<div class=\"elementor-icon\">\n\t\t\t<i aria-hidden=\"true\" class=\"fas fa-arrow-down\"><\/i>\t\t\t<\/div>\n\t\t<\/div>\n\t\t\t\t<\/div>\n\t\t\t\t<\/div>\n\t\t\t\t\t<\/div>\n\t\t<\/div>\n\t\t\t\t<div class=\"elementor-column elementor-col-33 elementor-top-column elementor-element elementor-element-df581c9\" data-id=\"df581c9\" data-element_type=\"column\">\n\t\t\t<div class=\"elementor-widget-wrap\">\n\t\t\t\t\t\t\t\t\t<\/div>\n\t\t<\/div>\n\t\t\t\t\t\t\t<\/div>\n\t\t<\/section>\n\t\t\t\t<section class=\"elementor-section elementor-top-section elementor-element elementor-element-16098e7 elementor-section-boxed elementor-section-height-default elementor-section-height-default\" data-id=\"16098e7\" data-element_type=\"section\">\n\t\t\t\t\t\t<div class=\"elementor-container elementor-column-gap-default\">\n\t\t\t\t\t<div class=\"elementor-column elementor-col-100 elementor-top-column elementor-element elementor-element-1cb660a\" data-id=\"1cb660a\" data-element_type=\"column\">\n\t\t\t<div class=\"elementor-widget-wrap elementor-element-populated\">\n\t\t\t\t\t\t\t\t<div class=\"elementor-element elementor-element-4cc19a0 elementor-grid-3 elementor-grid-tablet-2 elementor-grid-mobile-1 elementor-posts--thumbnail-top elementor-widget elementor-widget-posts\" data-id=\"4cc19a0\" data-element_type=\"widget\" data-settings=\"{&quot;classic_columns&quot;:&quot;3&quot;,&quot;classic_columns_tablet&quot;:&quot;2&quot;,&quot;classic_columns_mobile&quot;:&quot;1&quot;,&quot;classic_row_gap&quot;:{&quot;unit&quot;:&quot;px&quot;,&quot;size&quot;:35,&quot;sizes&quot;:[]},&quot;classic_row_gap_tablet&quot;:{&quot;unit&quot;:&quot;px&quot;,&quot;size&quot;:&quot;&quot;,&quot;sizes&quot;:[]},&quot;classic_row_gap_mobile&quot;:{&quot;unit&quot;:&quot;px&quot;,&quot;size&quot;:&quot;&quot;,&quot;sizes&quot;:[]}}\" data-widget_type=\"posts.classic\">\n\t\t\t\t<div class=\"elementor-widget-container\">\n\t\t\t<link rel=\"stylesheet\" href=\"https:\/\/jpx.ro\/repo\/wp-content\/plugins\/elementor-pro\/assets\/css\/widget-posts.min.css\">\t\t<div class=\"elementor-posts-container elementor-posts elementor-posts--skin-classic elementor-grid\">\n\t\t\t\t<article class=\"elementor-post elementor-grid-item post-15071 post type-post status-publish format-standard has-post-thumbnail hentry category-blog\">\n\t\t\t\t<a class=\"elementor-post__thumbnail__link\" href=\"https:\/\/jpx.ro\/repo\/2023\/01\/04\/repo-cargo-rezistenta-durabilitate-robustitate\/\" >\n\t\t\t<div class=\"elementor-post__thumbnail\"><img loading=\"lazy\" decoding=\"async\" width=\"360\" height=\"190\" src=\"https:\/\/jpx.ro\/repo\/wp-content\/uploads\/2023\/01\/8531cargo.jpg\" class=\"attachment-full size-full\" alt=\"\" \/><\/div>\n\t\t<\/a>\n\t\t\t\t<div class=\"elementor-post__text\">\n\t\t\t\t<h3 class=\"elementor-post__title\">\n\t\t\t<a href=\"https:\/\/jpx.ro\/repo\/2023\/01\/04\/repo-cargo-rezistenta-durabilitate-robustitate\/\" >\n\t\t\t\tREPO Cargo &#8211; Rezistenta. Durabilitate, Robustitate.\t\t\t<\/a>\n\t\t<\/h3>\n\t\t\t\t\t<div class=\"elementor-post__read-more-wrapper\">\n\t\t\n\t\t<a class=\"elementor-post__read-more\" href=\"https:\/\/jpx.ro\/repo\/2023\/01\/04\/repo-cargo-rezistenta-durabilitate-robustitate\/\" >\n\t\t\tafl\u0103 mai multe\t\t<\/a>\n\n\t\t\t\t\t<\/div>\n\t\t\t\t<\/div>\n\t\t\t\t<\/article>\n\t\t\t\t<article class=\"elementor-post elementor-grid-item post-15065 post type-post status-publish format-standard has-post-thumbnail hentry category-blog\">\n\t\t\t\t<a class=\"elementor-post__thumbnail__link\" href=\"https:\/\/jpx.ro\/repo\/2023\/01\/04\/remorci-pentru-apicultori\/\" >\n\t\t\t<div class=\"elementor-post__thumbnail\"><img loading=\"lazy\" decoding=\"async\" width=\"800\" height=\"565\" src=\"https:\/\/jpx.ro\/repo\/wp-content\/uploads\/2023\/01\/Copy_of_Copy_of_Copy_of_Copy_of_digital_banner_display_video_design_template.jpg\" class=\"attachment-full size-full\" alt=\"\" \/><\/div>\n\t\t<\/a>\n\t\t\t\t<div class=\"elementor-post__text\">\n\t\t\t\t<h3 class=\"elementor-post__title\">\n\t\t\t<a href=\"https:\/\/jpx.ro\/repo\/2023\/01\/04\/remorci-pentru-apicultori\/\" >\n\t\t\t\tRemorci pentru apicultori\t\t\t<\/a>\n\t\t<\/h3>\n\t\t\t\t\t<div class=\"elementor-post__read-more-wrapper\">\n\t\t\n\t\t<a class=\"elementor-post__read-more\" href=\"https:\/\/jpx.ro\/repo\/2023\/01\/04\/remorci-pentru-apicultori\/\" >\n\t\t\tafl\u0103 mai multe\t\t<\/a>\n\n\t\t\t\t\t<\/div>\n\t\t\t\t<\/div>\n\t\t\t\t<\/article>\n\t\t\t\t<article class=\"elementor-post elementor-grid-item post-9474 post type-post status-publish format-standard has-post-thumbnail hentry category-uncategorized\">\n\t\t\t\t<a class=\"elementor-post__thumbnail__link\" href=\"https:\/\/jpx.ro\/repo\/2022\/11\/25\/pop-industry-parte-din-programul-de-finantare-the-sme-initiative-romania\/\" >\n\t\t\t<div class=\"elementor-post__thumbnail\"><img loading=\"lazy\" decoding=\"async\" width=\"1254\" height=\"694\" src=\"https:\/\/jpx.ro\/repo\/wp-content\/uploads\/2022\/11\/Screenshot_1-1.jpg\" class=\"attachment-full size-full\" alt=\"\" \/><\/div>\n\t\t<\/a>\n\t\t\t\t<div class=\"elementor-post__text\">\n\t\t\t\t<h3 class=\"elementor-post__title\">\n\t\t\t<a href=\"https:\/\/jpx.ro\/repo\/2022\/11\/25\/pop-industry-parte-din-programul-de-finantare-the-sme-initiative-romania\/\" >\n\t\t\t\tPop Industry, parte din programul de finantare european &#8222;The SME Initiative Romania&#8221;\t\t\t<\/a>\n\t\t<\/h3>\n\t\t\t\t\t<div class=\"elementor-post__read-more-wrapper\">\n\t\t\n\t\t<a class=\"elementor-post__read-more\" href=\"https:\/\/jpx.ro\/repo\/2022\/11\/25\/pop-industry-parte-din-programul-de-finantare-the-sme-initiative-romania\/\" >\n\t\t\tafl\u0103 mai multe\t\t<\/a>\n\n\t\t\t\t\t<\/div>\n\t\t\t\t<\/div>\n\t\t\t\t<\/article>\n\t\t\t\t<article class=\"elementor-post elementor-grid-item post-9477 post type-post status-publish format-standard has-post-thumbnail hentry category-uncategorized\">\n\t\t\t\t<a class=\"elementor-post__thumbnail__link\" href=\"https:\/\/jpx.ro\/repo\/2022\/11\/25\/pop-industry-parte-din-initiativa-bcr-tinem-deschis\/\" >\n\t\t\t<div class=\"elementor-post__thumbnail\"><img loading=\"lazy\" decoding=\"async\" width=\"1026\" height=\"635\" src=\"https:\/\/jpx.ro\/repo\/wp-content\/uploads\/2022\/11\/Screenshot_4-2.jpg\" class=\"attachment-full size-full\" alt=\"\" \/><\/div>\n\t\t<\/a>\n\t\t\t\t<div class=\"elementor-post__text\">\n\t\t\t\t<h3 class=\"elementor-post__title\">\n\t\t\t<a href=\"https:\/\/jpx.ro\/repo\/2022\/11\/25\/pop-industry-parte-din-initiativa-bcr-tinem-deschis\/\" >\n\t\t\t\tPop Industry, parte din initiativa BCR &#8222;Tinem deschis&#8221;- Romania are nevoie de afaceri de incredere&#8221;\t\t\t<\/a>\n\t\t<\/h3>\n\t\t\t\t\t<div class=\"elementor-post__read-more-wrapper\">\n\t\t\n\t\t<a class=\"elementor-post__read-more\" href=\"https:\/\/jpx.ro\/repo\/2022\/11\/25\/pop-industry-parte-din-initiativa-bcr-tinem-deschis\/\" >\n\t\t\tafl\u0103 mai multe\t\t<\/a>\n\n\t\t\t\t\t<\/div>\n\t\t\t\t<\/div>\n\t\t\t\t<\/article>\n\t\t\t\t<article class=\"elementor-post elementor-grid-item post-9489 post type-post status-publish format-standard has-post-thumbnail hentry category-uncategorized\">\n\t\t\t\t<a class=\"elementor-post__thumbnail__link\" href=\"https:\/\/jpx.ro\/repo\/2022\/11\/25\/pop-industry-premiata-in-cadrul-galei-in-cadrul-galei-anuale-campioni-in-business\/\" >\n\t\t\t<div class=\"elementor-post__thumbnail\"><img loading=\"lazy\" decoding=\"async\" width=\"585\" height=\"390\" src=\"https:\/\/jpx.ro\/repo\/wp-content\/uploads\/2022\/11\/campion-in-business-pop-industry-dumitru-popescu.jpg\" class=\"attachment-full size-full\" alt=\"\" \/><\/div>\n\t\t<\/a>\n\t\t\t\t<div class=\"elementor-post__text\">\n\t\t\t\t<h3 class=\"elementor-post__title\">\n\t\t\t<a href=\"https:\/\/jpx.ro\/repo\/2022\/11\/25\/pop-industry-premiata-in-cadrul-galei-in-cadrul-galei-anuale-campioni-in-business\/\" >\n\t\t\t\tPop Industry &#8211; Premiata \u00een gala Campioni \u00een Business &#8211; Cele mai performante companii din Muntenia\t\t\t<\/a>\n\t\t<\/h3>\n\t\t\t\t\t<div class=\"elementor-post__read-more-wrapper\">\n\t\t\n\t\t<a class=\"elementor-post__read-more\" href=\"https:\/\/jpx.ro\/repo\/2022\/11\/25\/pop-industry-premiata-in-cadrul-galei-in-cadrul-galei-anuale-campioni-in-business\/\" >\n\t\t\tafl\u0103 mai multe\t\t<\/a>\n\n\t\t\t\t\t<\/div>\n\t\t\t\t<\/div>\n\t\t\t\t<\/article>\n\t\t\t\t<article class=\"elementor-post elementor-grid-item post-15074 post type-post status-publish format-standard has-post-thumbnail hentry category-blog\">\n\t\t\t\t<a class=\"elementor-post__thumbnail__link\" href=\"https:\/\/jpx.ro\/repo\/2023\/01\/04\/intretinerea-unei-remorci\/\" >\n\t\t\t<div class=\"elementor-post__thumbnail\"><img loading=\"lazy\" decoding=\"async\" width=\"360\" height=\"190\" src=\"https:\/\/jpx.ro\/repo\/wp-content\/uploads\/2023\/01\/9085IMG-20191008-WA0000.jpg\" class=\"attachment-full size-full\" alt=\"\" \/><\/div>\n\t\t<\/a>\n\t\t\t\t<div class=\"elementor-post__text\">\n\t\t\t\t<h3 class=\"elementor-post__title\">\n\t\t\t<a href=\"https:\/\/jpx.ro\/repo\/2023\/01\/04\/intretinerea-unei-remorci\/\" >\n\t\t\t\tIntretinerea unei remorci\t\t\t<\/a>\n\t\t<\/h3>\n\t\t\t\t\t<div class=\"elementor-post__read-more-wrapper\">\n\t\t\n\t\t<a class=\"elementor-post__read-more\" href=\"https:\/\/jpx.ro\/repo\/2023\/01\/04\/intretinerea-unei-remorci\/\" >\n\t\t\tafl\u0103 mai multe\t\t<\/a>\n\n\t\t\t\t\t<\/div>\n\t\t\t\t<\/div>\n\t\t\t\t<\/article>\n\t\t\t\t<\/div>\n\n\n\t\t\n\t\t\t\t<\/div>\n\t\t\t\t<\/div>\n\t\t\t\t\t<\/div>\n\t\t<\/div>\n\t\t\t\t\t\t\t<\/div>\n\t\t<\/section>\n\t\t\t\t\t\t\t<\/div>\n\t\t","protected":false},"excerpt":{"rendered":"<p>Nout\u0103\u021bi Suntem o companie deschis\u0103 c\u0103tre pia\u021b\u0103 \u0219i clien\u021bi, fiind implicat\u0103 activ \u00een mediul de afaceri din Rom\u00e2nia<\/p>\n","protected":false},"author":1,"featured_media":0,"parent":0,"menu_order":0,"comment_status":"closed","ping_status":"closed","template":"","meta":{"footnotes":""},"class_list":["post-14867","page","type-page","status-publish","hentry"],"_links":{"self":[{"href":"https:\/\/jpx.ro\/repo\/wp-json\/wp\/v2\/pages\/14867","targetHints":{"allow":["GET"]}}],"collection":[{"href":"https:\/\/jpx.ro\/repo\/wp-json\/wp\/v2\/pages"}],"about":[{"href":"https:\/\/jpx.ro\/repo\/wp-json\/wp\/v2\/types\/page"}],"author":[{"embeddable":true,"href":"https:\/\/jpx.ro\/repo\/wp-json\/wp\/v2\/users\/1"}],"replies":[{"embeddable":true,"href":"https:\/\/jpx.ro\/repo\/wp-json\/wp\/v2\/comments?post=14867"}],"version-history":[{"count":10,"href":"https:\/\/jpx.ro\/repo\/wp-json\/wp\/v2\/pages\/14867\/revisions"}],"predecessor-version":[{"id":14878,"href":"https:\/\/jpx.ro\/repo\/wp-json\/wp\/v2\/pages\/14867\/revisions\/14878"}],"wp:attachment":[{"href":"https:\/\/jpx.ro\/repo\/wp-json\/wp\/v2\/media?parent=14867"}],"curies":[{"name":"wp","href":"https:\/\/api.w.org\/{rel}","templated":true}]}}