{"id":13026,"date":"2023-01-01T22:45:45","date_gmt":"2023-01-01T22:45:45","guid":{"rendered":"https:\/\/jpx.ro\/repo\/?page_id=13026"},"modified":"2023-01-05T14:12:12","modified_gmt":"2023-01-05T14:12:12","slug":"livrare","status":"publish","type":"page","link":"https:\/\/jpx.ro\/repo\/livrare\/","title":{"rendered":"Livrare"},"content":{"rendered":"\t\t<div data-elementor-type=\"wp-page\" data-elementor-id=\"13026\" class=\"elementor elementor-13026\">\n\t\t\t\t\t\t\t\t\t<section class=\"elementor-section elementor-top-section elementor-element elementor-element-d89234a elementor-section-boxed elementor-section-height-default elementor-section-height-default\" data-id=\"d89234a\" data-element_type=\"section\" data-settings=\"{&quot;background_background&quot;:&quot;classic&quot;}\">\n\t\t\t\t\t\t<div class=\"elementor-container elementor-column-gap-default\">\n\t\t\t\t\t<div class=\"elementor-column elementor-col-100 elementor-top-column elementor-element elementor-element-9538859\" data-id=\"9538859\" data-element_type=\"column\">\n\t\t\t<div class=\"elementor-widget-wrap elementor-element-populated\">\n\t\t\t\t\t\t\t\t<div class=\"elementor-element elementor-element-eab762f elementor-widget elementor-widget-heading\" data-id=\"eab762f\" data-element_type=\"widget\" data-widget_type=\"heading.default\">\n\t\t\t\t<div class=\"elementor-widget-container\">\n\t\t\t<style>\/*! elementor - v3.7.7 - 20-09-2022 *\/\n.elementor-heading-title{padding:0;margin:0;line-height:1}.elementor-widget-heading .elementor-heading-title[class*=elementor-size-]>a{color:inherit;font-size:inherit;line-height:inherit}.elementor-widget-heading .elementor-heading-title.elementor-size-small{font-size:15px}.elementor-widget-heading .elementor-heading-title.elementor-size-medium{font-size:19px}.elementor-widget-heading .elementor-heading-title.elementor-size-large{font-size:29px}.elementor-widget-heading .elementor-heading-title.elementor-size-xl{font-size:39px}.elementor-widget-heading .elementor-heading-title.elementor-size-xxl{font-size:59px}<\/style><h3 class=\"elementor-heading-title elementor-size-default\">Livrare<\/h3>\t\t<\/div>\n\t\t\t\t<\/div>\n\t\t\t\t<div class=\"elementor-element elementor-element-0d470a8 elementor-widget elementor-widget-text-editor\" data-id=\"0d470a8\" data-element_type=\"widget\" data-widget_type=\"text-editor.default\">\n\t\t\t\t<div class=\"elementor-widget-container\">\n\t\t\t<style>\/*! elementor - v3.7.7 - 20-09-2022 *\/\n.elementor-widget-text-editor.elementor-drop-cap-view-stacked .elementor-drop-cap{background-color:#818a91;color:#fff}.elementor-widget-text-editor.elementor-drop-cap-view-framed .elementor-drop-cap{color:#818a91;border:3px solid;background-color:transparent}.elementor-widget-text-editor:not(.elementor-drop-cap-view-default) .elementor-drop-cap{margin-top:8px}.elementor-widget-text-editor:not(.elementor-drop-cap-view-default) .elementor-drop-cap-letter{width:1em;height:1em}.elementor-widget-text-editor .elementor-drop-cap{float:left;text-align:center;line-height:1;font-size:50px}.elementor-widget-text-editor .elementor-drop-cap-letter{display:inline-block}<\/style>\t\t\t\t<p style=\"text-align: center;\">POP INDUSTRY are o <span class=\"word modified\" data-words=\"gama,gam\u0103\">gam\u0103<\/span> <span class=\"word modified\" data-words=\"larg\u0103,larga\">larg\u0103<\/span> de remorci disponibile <span class=\"word\" data-words=\"\u00een,in\">\u00een<\/span> stocul propriu,<\/p><p style=\"text-align: center;\">oferind <span class=\"word\" data-words=\"oportunit\u0103\u021bi,oportunitati\">oportunit\u0103\u021bi<\/span> nelimitate pentru transportul de <span class=\"word\" data-words=\"m\u0103rfuri,marfuri\">m\u0103rfuri<\/span> <span class=\"word\" data-words=\"\u0219i,si\">\u0219i<\/span> echipamente<\/p>\t\t\t\t\t\t<\/div>\n\t\t\t\t<\/div>\n\t\t\t\t\t<\/div>\n\t\t<\/div>\n\t\t\t\t\t\t\t<\/div>\n\t\t<\/section>\n\t\t\t\t<section class=\"elementor-section elementor-top-section elementor-element elementor-element-43f11f9 elementor-hidden-tablet elementor-hidden-mobile elementor-section-boxed elementor-section-height-default elementor-section-height-default\" data-id=\"43f11f9\" data-element_type=\"section\">\n\t\t\t\t\t\t<div class=\"elementor-container elementor-column-gap-default\">\n\t\t\t\t\t<div class=\"elementor-column elementor-col-33 elementor-top-column elementor-element elementor-element-0952f32\" data-id=\"0952f32\" data-element_type=\"column\">\n\t\t\t<div class=\"elementor-widget-wrap\">\n\t\t\t\t\t\t\t\t\t<\/div>\n\t\t<\/div>\n\t\t\t\t<div class=\"elementor-column elementor-col-33 elementor-top-column elementor-element elementor-element-6717e85\" data-id=\"6717e85\" data-element_type=\"column\" data-settings=\"{&quot;background_background&quot;:&quot;classic&quot;}\">\n\t\t\t<div class=\"elementor-widget-wrap elementor-element-populated\">\n\t\t\t\t\t\t\t\t<div class=\"elementor-element elementor-element-fbb8e02 elementor-view-default elementor-widget elementor-widget-icon\" data-id=\"fbb8e02\" data-element_type=\"widget\" data-widget_type=\"icon.default\">\n\t\t\t\t<div class=\"elementor-widget-container\">\n\t\t\t\t\t<div class=\"elementor-icon-wrapper\">\n\t\t\t<div class=\"elementor-icon\">\n\t\t\t<i aria-hidden=\"true\" class=\"fas fa-arrow-down\"><\/i>\t\t\t<\/div>\n\t\t<\/div>\n\t\t\t\t<\/div>\n\t\t\t\t<\/div>\n\t\t\t\t\t<\/div>\n\t\t<\/div>\n\t\t\t\t<div class=\"elementor-column elementor-col-33 elementor-top-column elementor-element elementor-element-d7c8734\" data-id=\"d7c8734\" data-element_type=\"column\">\n\t\t\t<div class=\"elementor-widget-wrap\">\n\t\t\t\t\t\t\t\t\t<\/div>\n\t\t<\/div>\n\t\t\t\t\t\t\t<\/div>\n\t\t<\/section>\n\t\t\t\t<section class=\"elementor-section elementor-top-section elementor-element elementor-element-ccbd821 elementor-section-boxed elementor-section-height-default elementor-section-height-default\" data-id=\"ccbd821\" data-element_type=\"section\">\n\t\t\t\t\t\t<div class=\"elementor-container elementor-column-gap-default\">\n\t\t\t\t\t<div class=\"elementor-column elementor-col-100 elementor-top-column elementor-element elementor-element-4e14f74\" data-id=\"4e14f74\" data-element_type=\"column\">\n\t\t\t<div class=\"elementor-widget-wrap elementor-element-populated\">\n\t\t\t\t\t\t\t\t<section class=\"elementor-section elementor-inner-section elementor-element elementor-element-54dc4da elementor-section-boxed elementor-section-height-default elementor-section-height-default\" data-id=\"54dc4da\" data-element_type=\"section\">\n\t\t\t\t\t\t<div class=\"elementor-container elementor-column-gap-default\">\n\t\t\t\t\t<div class=\"elementor-column elementor-col-50 elementor-inner-column elementor-element elementor-element-0788fe3\" data-id=\"0788fe3\" data-element_type=\"column\">\n\t\t\t<div class=\"elementor-widget-wrap elementor-element-populated\">\n\t\t\t\t\t\t\t\t<div class=\"elementor-element elementor-element-54bdbd6 elementor-widget elementor-widget-hotspot\" data-id=\"54bdbd6\" data-element_type=\"widget\" data-settings=\"{&quot;hotspot&quot;:[{&quot;_id&quot;:&quot;5fcae5d&quot;,&quot;hotspot_custom_size&quot;:&quot;yes&quot;,&quot;hotspot_width&quot;:{&quot;unit&quot;:&quot;px&quot;,&quot;size&quot;:240,&quot;sizes&quot;:[]},&quot;hotspot_height&quot;:{&quot;unit&quot;:&quot;px&quot;,&quot;size&quot;:255,&quot;sizes&quot;:[]},&quot;hotspot_tooltip_content&quot;:&quot;&lt;p&gt;Pro\\u021bapul \\&quot;V\\&quot; galvanizat la cald, av\\u00e2nd o rezisten\\u021b\\u0103 sporit\\u0103\\u00a0la coroziune \\u0219i la utilizare intens\\u0103&lt;\\\/p&gt;&quot;,&quot;hotspot_offset_x&quot;:{&quot;unit&quot;:&quot;%&quot;,&quot;size&quot;:35,&quot;sizes&quot;:[]},&quot;hotspot_offset_y&quot;:{&quot;unit&quot;:&quot;%&quot;,&quot;size&quot;:76,&quot;sizes&quot;:[]},&quot;hotspot_tooltip_position&quot;:&quot;yes&quot;,&quot;hotspot_tooltip_width&quot;:{&quot;unit&quot;:&quot;px&quot;,&quot;size&quot;:258,&quot;sizes&quot;:[]},&quot;hotspot_tooltip_text_wrap&quot;:&quot;yes&quot;,&quot;hotspot_label&quot;:&quot;&quot;,&quot;hotspot_link&quot;:{&quot;url&quot;:&quot;&quot;,&quot;is_external&quot;:&quot;&quot;,&quot;nofollow&quot;:&quot;&quot;,&quot;custom_attributes&quot;:&quot;&quot;},&quot;hotspot_icon&quot;:{&quot;value&quot;:&quot;&quot;,&quot;library&quot;:&quot;&quot;},&quot;hotspot_icon_position&quot;:null,&quot;hotspot_icon_spacing&quot;:null,&quot;hotspot_horizontal&quot;:&quot;left&quot;,&quot;hotspot_vertical&quot;:&quot;top&quot;,&quot;hotspot_position&quot;:&quot;&quot;},{&quot;hotspot_custom_size&quot;:&quot;yes&quot;,&quot;hotspot_width&quot;:{&quot;unit&quot;:&quot;px&quot;,&quot;size&quot;:250,&quot;sizes&quot;:[]},&quot;hotspot_height&quot;:{&quot;unit&quot;:&quot;px&quot;,&quot;size&quot;:295,&quot;sizes&quot;:[]},&quot;hotspot_tooltip_content&quot;:&quot;&lt;p&gt;Dispozitiv de cuplare marca premium AL-KO sau KNOTT&lt;\\\/p&gt;&quot;,&quot;hotspot_offset_x&quot;:{&quot;unit&quot;:&quot;%&quot;,&quot;size&quot;:6,&quot;sizes&quot;:[]},&quot;hotspot_offset_y&quot;:{&quot;unit&quot;:&quot;%&quot;,&quot;size&quot;:86,&quot;sizes&quot;:[]},&quot;_id&quot;:&quot;698c3e6&quot;,&quot;hotspot_label&quot;:&quot;&quot;,&quot;hotspot_link&quot;:{&quot;url&quot;:&quot;&quot;,&quot;is_external&quot;:&quot;&quot;,&quot;nofollow&quot;:&quot;&quot;,&quot;custom_attributes&quot;:&quot;&quot;},&quot;hotspot_icon&quot;:{&quot;value&quot;:&quot;&quot;,&quot;library&quot;:&quot;&quot;},&quot;hotspot_icon_position&quot;:null,&quot;hotspot_icon_spacing&quot;:null,&quot;hotspot_horizontal&quot;:&quot;left&quot;,&quot;hotspot_vertical&quot;:&quot;top&quot;,&quot;hotspot_tooltip_position&quot;:&quot;no&quot;,&quot;hotspot_position&quot;:null,&quot;hotspot_tooltip_width&quot;:null,&quot;hotspot_tooltip_text_wrap&quot;:null},{&quot;hotspot_custom_size&quot;:&quot;yes&quot;,&quot;hotspot_width&quot;:{&quot;unit&quot;:&quot;px&quot;,&quot;size&quot;:240,&quot;sizes&quot;:[]},&quot;hotspot_height&quot;:{&quot;unit&quot;:&quot;px&quot;,&quot;size&quot;:240,&quot;sizes&quot;:[]},&quot;hotspot_tooltip_content&quot;:&quot;&lt;p&gt;Obloane din o\\u021bel galvanizat - av\\u00e2nd o greutate optim\\u0103, remorcile &lt;span class=\\&quot;word\\&quot; data-words=\\&quot;sunt,\\u0219unt\\&quot;&gt;sunt&lt;\\\/span&gt; agile \\u0219i\\u00a0u\\u0219or de manevrat, &lt;span class=\\&quot;word\\&quot; data-words=\\&quot;asigur\\u00e2nd,asigurand\\&quot;&gt;asigur\\u00e2nd&lt;\\\/span&gt;\\u00a0un consum redus&lt;\\\/p&gt;&quot;,&quot;hotspot_offset_x&quot;:{&quot;unit&quot;:&quot;%&quot;,&quot;size&quot;:69,&quot;sizes&quot;:[]},&quot;hotspot_offset_y&quot;:{&quot;unit&quot;:&quot;%&quot;,&quot;size&quot;:14,&quot;sizes&quot;:[]},&quot;hotspot_tooltip_position&quot;:&quot;yes&quot;,&quot;hotspot_tooltip_width&quot;:{&quot;unit&quot;:&quot;px&quot;,&quot;size&quot;:298,&quot;sizes&quot;:[]},&quot;hotspot_tooltip_text_wrap&quot;:&quot;yes&quot;,&quot;_id&quot;:&quot;db31f26&quot;,&quot;hotspot_label&quot;:&quot;&quot;,&quot;hotspot_link&quot;:{&quot;url&quot;:&quot;&quot;,&quot;is_external&quot;:&quot;&quot;,&quot;nofollow&quot;:&quot;&quot;,&quot;custom_attributes&quot;:&quot;&quot;},&quot;hotspot_icon&quot;:{&quot;value&quot;:&quot;&quot;,&quot;library&quot;:&quot;&quot;},&quot;hotspot_icon_position&quot;:null,&quot;hotspot_icon_spacing&quot;:null,&quot;hotspot_horizontal&quot;:&quot;left&quot;,&quot;hotspot_vertical&quot;:&quot;top&quot;,&quot;hotspot_position&quot;:&quot;&quot;},{&quot;hotspot_custom_size&quot;:&quot;yes&quot;,&quot;hotspot_width&quot;:{&quot;unit&quot;:&quot;px&quot;,&quot;size&quot;:240,&quot;sizes&quot;:[]},&quot;hotspot_height&quot;:{&quot;unit&quot;:&quot;px&quot;,&quot;size&quot;:240,&quot;sizes&quot;:[]},&quot;hotspot_tooltip_content&quot;:&quot;&lt;p&gt;&lt;strong&gt;Podeaua - hidrofuga si antiderapanta - din TEGO&lt;\\\/strong&gt; &lt;em&gt;(material din lemn stratificat, lipit si presat, cu grosime de 10 mm)&lt;\\\/em&gt;, &lt;strong&gt;prinsa de sasiul remorcii prin suruburi cu piulita.&lt;\\\/strong&gt;&lt;\\\/p&gt;&quot;,&quot;hotspot_offset_x&quot;:{&quot;unit&quot;:&quot;%&quot;,&quot;size&quot;:77,&quot;sizes&quot;:[]},&quot;hotspot_offset_y&quot;:{&quot;unit&quot;:&quot;%&quot;,&quot;size&quot;:48,&quot;sizes&quot;:[]},&quot;hotspot_tooltip_position&quot;:&quot;yes&quot;,&quot;hotspot_tooltip_width&quot;:{&quot;unit&quot;:&quot;px&quot;,&quot;size&quot;:298,&quot;sizes&quot;:[]},&quot;hotspot_tooltip_text_wrap&quot;:&quot;yes&quot;,&quot;_id&quot;:&quot;c7cfb59&quot;,&quot;hotspot_label&quot;:&quot;&quot;,&quot;hotspot_link&quot;:{&quot;url&quot;:&quot;&quot;,&quot;is_external&quot;:&quot;&quot;,&quot;nofollow&quot;:&quot;&quot;,&quot;custom_attributes&quot;:&quot;&quot;},&quot;hotspot_icon&quot;:{&quot;value&quot;:&quot;&quot;,&quot;library&quot;:&quot;&quot;},&quot;hotspot_icon_position&quot;:null,&quot;hotspot_icon_spacing&quot;:null,&quot;hotspot_horizontal&quot;:&quot;left&quot;,&quot;hotspot_vertical&quot;:&quot;top&quot;,&quot;hotspot_position&quot;:&quot;&quot;},{&quot;hotspot_custom_size&quot;:&quot;yes&quot;,&quot;hotspot_width&quot;:{&quot;unit&quot;:&quot;px&quot;,&quot;size&quot;:240,&quot;sizes&quot;:[]},&quot;hotspot_height&quot;:{&quot;unit&quot;:&quot;px&quot;,&quot;size&quot;:240,&quot;sizes&quot;:[]},&quot;hotspot_tooltip_content&quot;:&quot;&lt;p&gt;Osia marca premium AL-KO sau KNOTT (750kg), echipata cu suspensie pe bara de torsiune&lt;\\\/p&gt;&quot;,&quot;hotspot_offset_x&quot;:{&quot;unit&quot;:&quot;%&quot;,&quot;size&quot;:59,&quot;sizes&quot;:[]},&quot;hotspot_offset_y&quot;:{&quot;unit&quot;:&quot;%&quot;,&quot;size&quot;:79,&quot;sizes&quot;:[]},&quot;hotspot_tooltip_position&quot;:&quot;yes&quot;,&quot;hotspot_tooltip_width&quot;:{&quot;unit&quot;:&quot;px&quot;,&quot;size&quot;:298,&quot;sizes&quot;:[]},&quot;hotspot_tooltip_text_wrap&quot;:&quot;yes&quot;,&quot;_id&quot;:&quot;ecc584d&quot;,&quot;hotspot_label&quot;:&quot;&quot;,&quot;hotspot_link&quot;:{&quot;url&quot;:&quot;&quot;,&quot;is_external&quot;:&quot;&quot;,&quot;nofollow&quot;:&quot;&quot;,&quot;custom_attributes&quot;:&quot;&quot;},&quot;hotspot_icon&quot;:{&quot;value&quot;:&quot;&quot;,&quot;library&quot;:&quot;&quot;},&quot;hotspot_icon_position&quot;:null,&quot;hotspot_icon_spacing&quot;:null,&quot;hotspot_horizontal&quot;:&quot;left&quot;,&quot;hotspot_vertical&quot;:&quot;top&quot;,&quot;hotspot_position&quot;:&quot;&quot;}],&quot;tooltip_trigger&quot;:&quot;mouseenter&quot;,&quot;tooltip_animation&quot;:&quot;e-hotspot--fade-direction&quot;,&quot;hotspot_sequenced_animation&quot;:&quot;no&quot;,&quot;tooltip_position&quot;:&quot;top&quot;}\" data-widget_type=\"hotspot.default\">\n\t\t\t\t<div class=\"elementor-widget-container\">\n\t\t\t<link rel=\"stylesheet\" href=\"https:\/\/jpx.ro\/repo\/wp-content\/plugins\/elementor-pro\/assets\/css\/widget-hotspot.min.css\"><img loading=\"lazy\" decoding=\"async\" width=\"800\" height=\"589\" src=\"https:\/\/jpx.ro\/repo\/wp-content\/uploads\/2022\/11\/REPO1.fw_-4.png\" class=\"attachment-large size-large\" alt=\"\" srcset=\"https:\/\/jpx.ro\/repo\/wp-content\/uploads\/2022\/11\/REPO1.fw_-4.png 999w, https:\/\/jpx.ro\/repo\/wp-content\/uploads\/2022\/11\/REPO1.fw_-4-300x221.png 300w, https:\/\/jpx.ro\/repo\/wp-content\/uploads\/2022\/11\/REPO1.fw_-4-768x565.png 768w, https:\/\/jpx.ro\/repo\/wp-content\/uploads\/2022\/11\/REPO1.fw_-4-600x441.png 600w\" sizes=\"auto, (max-width: 800px) 100vw, 800px\" \/>\n\t\t\t\t\t\t<div class=\"e-hotspot elementor-repeater-item-5fcae5d  e-hotspot--position-left e-hotspot--position-top   e-hotspot--circle\">\n\n\t\t\t\t\t\t\t\t<div class=\"e-hotspot__button e-hotspot--expand\">\n\t\t\t\t\t\t\t\t\t\t\t<div class=\"e-hotspot__outer-circle\"><\/div>\n\t\t\t\t\t\t<div class=\"e-hotspot__inner-circle\"><\/div>\n\t\t\t\t\t\t\t\t\t<\/div>\n\n\t\t\t\t\t\t\t\t\t\t\t\t\t\t\t\t\t\t\t<div class=\"e-hotspot__direction-mask e-hotspot--tooltip-position\">\n\t\t\t\t\t\t\t\t\t\t<div class=\"e-hotspot__tooltip   e-hotspot--fade-direction \" >\n\t\t\t\t\t\t<p>Pro\u021bapul \"V\" galvanizat la cald, av\u00e2nd o rezisten\u021b\u0103 sporit\u0103\u00a0la coroziune \u0219i la utilizare intens\u0103<\/p>\t\t\t\t\t<\/div>\n\t\t\t\t\t\t\t\t\t\t\t<\/div>\n\t\t\t\t\t\t\t\t\t\n\t\t\t<\/div>\n\n\t\n\t\t\t\t\t\t<div class=\"e-hotspot elementor-repeater-item-698c3e6  e-hotspot--position-left e-hotspot--position-top   e-hotspot--circle\">\n\n\t\t\t\t\t\t\t\t<div class=\"e-hotspot__button e-hotspot--expand\">\n\t\t\t\t\t\t\t\t\t\t\t<div class=\"e-hotspot__outer-circle\"><\/div>\n\t\t\t\t\t\t<div class=\"e-hotspot__inner-circle\"><\/div>\n\t\t\t\t\t\t\t\t\t<\/div>\n\n\t\t\t\t\t\t\t\t\t\t\t\t\t\t\t\t\t\t\t<div class=\"e-hotspot__direction-mask e-hotspot--tooltip-position\">\n\t\t\t\t\t\t\t\t\t\t<div class=\"e-hotspot__tooltip   e-hotspot--fade-direction \" >\n\t\t\t\t\t\t<p>Dispozitiv de cuplare marca premium AL-KO sau KNOTT<\/p>\t\t\t\t\t<\/div>\n\t\t\t\t\t\t\t\t\t\t\t<\/div>\n\t\t\t\t\t\t\t\t\t\n\t\t\t<\/div>\n\n\t\n\t\t\t\t\t\t<div class=\"e-hotspot elementor-repeater-item-db31f26  e-hotspot--position-left e-hotspot--position-top   e-hotspot--circle\">\n\n\t\t\t\t\t\t\t\t<div class=\"e-hotspot__button e-hotspot--expand\">\n\t\t\t\t\t\t\t\t\t\t\t<div class=\"e-hotspot__outer-circle\"><\/div>\n\t\t\t\t\t\t<div class=\"e-hotspot__inner-circle\"><\/div>\n\t\t\t\t\t\t\t\t\t<\/div>\n\n\t\t\t\t\t\t\t\t\t\t\t\t\t\t\t\t\t\t\t<div class=\"e-hotspot__direction-mask e-hotspot--tooltip-position\">\n\t\t\t\t\t\t\t\t\t\t<div class=\"e-hotspot__tooltip   e-hotspot--fade-direction \" >\n\t\t\t\t\t\t<p>Obloane din o\u021bel galvanizat - av\u00e2nd o greutate optim\u0103, remorcile <span class=\"word\" data-words=\"sunt,\u0219unt\">sunt<\/span> agile \u0219i\u00a0u\u0219or de manevrat, <span class=\"word\" data-words=\"asigur\u00e2nd,asigurand\">asigur\u00e2nd<\/span>\u00a0un consum redus<\/p>\t\t\t\t\t<\/div>\n\t\t\t\t\t\t\t\t\t\t\t<\/div>\n\t\t\t\t\t\t\t\t\t\n\t\t\t<\/div>\n\n\t\n\t\t\t\t\t\t<div class=\"e-hotspot elementor-repeater-item-c7cfb59  e-hotspot--position-left e-hotspot--position-top   e-hotspot--circle\">\n\n\t\t\t\t\t\t\t\t<div class=\"e-hotspot__button e-hotspot--expand\">\n\t\t\t\t\t\t\t\t\t\t\t<div class=\"e-hotspot__outer-circle\"><\/div>\n\t\t\t\t\t\t<div class=\"e-hotspot__inner-circle\"><\/div>\n\t\t\t\t\t\t\t\t\t<\/div>\n\n\t\t\t\t\t\t\t\t\t\t\t\t\t\t\t\t\t\t\t<div class=\"e-hotspot__direction-mask e-hotspot--tooltip-position\">\n\t\t\t\t\t\t\t\t\t\t<div class=\"e-hotspot__tooltip   e-hotspot--fade-direction \" >\n\t\t\t\t\t\t<p><strong>Podeaua - hidrofuga si antiderapanta - din TEGO<\/strong> <em>(material din lemn stratificat, lipit si presat, cu grosime de 10 mm)<\/em>, <strong>prinsa de sasiul remorcii prin suruburi cu piulita.<\/strong><\/p>\t\t\t\t\t<\/div>\n\t\t\t\t\t\t\t\t\t\t\t<\/div>\n\t\t\t\t\t\t\t\t\t\n\t\t\t<\/div>\n\n\t\n\t\t\t\t\t\t<div class=\"e-hotspot elementor-repeater-item-ecc584d  e-hotspot--position-left e-hotspot--position-top   e-hotspot--circle\">\n\n\t\t\t\t\t\t\t\t<div class=\"e-hotspot__button e-hotspot--expand\">\n\t\t\t\t\t\t\t\t\t\t\t<div class=\"e-hotspot__outer-circle\"><\/div>\n\t\t\t\t\t\t<div class=\"e-hotspot__inner-circle\"><\/div>\n\t\t\t\t\t\t\t\t\t<\/div>\n\n\t\t\t\t\t\t\t\t\t\t\t\t\t\t\t\t\t\t\t<div class=\"e-hotspot__direction-mask e-hotspot--tooltip-position\">\n\t\t\t\t\t\t\t\t\t\t<div class=\"e-hotspot__tooltip   e-hotspot--fade-direction \" >\n\t\t\t\t\t\t<p>Osia marca premium AL-KO sau KNOTT (750kg), echipata cu suspensie pe bara de torsiune<\/p>\t\t\t\t\t<\/div>\n\t\t\t\t\t\t\t\t\t\t\t<\/div>\n\t\t\t\t\t\t\t\t\t\n\t\t\t<\/div>\n\n\t\n\t\t\t\t<\/div>\n\t\t\t\t<\/div>\n\t\t\t\t\t<\/div>\n\t\t<\/div>\n\t\t\t\t<div class=\"elementor-column elementor-col-50 elementor-inner-column elementor-element elementor-element-70f0ccd\" data-id=\"70f0ccd\" data-element_type=\"column\" data-settings=\"{&quot;background_background&quot;:&quot;classic&quot;}\">\n\t\t\t<div class=\"elementor-widget-wrap elementor-element-populated\">\n\t\t\t\t\t\t\t\t<div class=\"elementor-element elementor-element-59b175f elementor-widget elementor-widget-text-editor\" data-id=\"59b175f\" data-element_type=\"widget\" data-widget_type=\"text-editor.default\">\n\t\t\t\t<div class=\"elementor-widget-container\">\n\t\t\t\t\t\t\t<p>Agen\u021bii \u0219i dealerii no\u0219tri autoriza\u021bi din \u00eentreaga \u021bar\u0103 pot oferi sfaturi profesionale \u0219i asisten\u021b\u0103 cu livrarea comenzilor c\u00e2t mai rapid posibil.<\/p><p>Majoritatea produselor noastre sunt disponibile din stoc, \u00eens\u0103 pentru comenzi specifice, <b>timpul de livrare poate varia \u00eentre 10 \u0219i 30 de zile<\/b>.\u00a0<\/p><p>Stocul POP INDUSTRY const\u0103 din sute de produse gata de livrare oriunde \u00een \u021bar\u0103 \u0219i \u00een str\u0103in\u0103tate.<\/p>\t\t\t\t\t\t<\/div>\n\t\t\t\t<\/div>\n\t\t\t\t\t<\/div>\n\t\t<\/div>\n\t\t\t\t\t\t\t<\/div>\n\t\t<\/section>\n\t\t\t\t\t<\/div>\n\t\t<\/div>\n\t\t\t\t\t\t\t<\/div>\n\t\t<\/section>\n\t\t\t\t\t\t\t<\/div>\n\t\t","protected":false},"excerpt":{"rendered":"<p>Livrare POP INDUSTRY are o gam\u0103 larg\u0103 de remorci disponibile \u00een stocul propriu, oferind oportunit\u0103\u021bi nelimitate pentru transportul de m\u0103rfuri \u0219i echipamente Pro\u021bapul &#8222;V&#8221; galvanizat la cald, av\u00e2nd o rezisten\u021b\u0103 sporit\u0103\u00a0la coroziune \u0219i la utilizare intens\u0103 Dispozitiv de cuplare marca premium AL-KO sau KNOTT Obloane din o\u021bel galvanizat &#8211; av\u00e2nd o greutate optim\u0103, remorcile sunt [&hellip;]<\/p>\n","protected":false},"author":1,"featured_media":0,"parent":0,"menu_order":0,"comment_status":"closed","ping_status":"closed","template":"","meta":{"footnotes":""},"class_list":["post-13026","page","type-page","status-publish","hentry"],"_links":{"self":[{"href":"https:\/\/jpx.ro\/repo\/wp-json\/wp\/v2\/pages\/13026","targetHints":{"allow":["GET"]}}],"collection":[{"href":"https:\/\/jpx.ro\/repo\/wp-json\/wp\/v2\/pages"}],"about":[{"href":"https:\/\/jpx.ro\/repo\/wp-json\/wp\/v2\/types\/page"}],"author":[{"embeddable":true,"href":"https:\/\/jpx.ro\/repo\/wp-json\/wp\/v2\/users\/1"}],"replies":[{"embeddable":true,"href":"https:\/\/jpx.ro\/repo\/wp-json\/wp\/v2\/comments?post=13026"}],"version-history":[{"count":47,"href":"https:\/\/jpx.ro\/repo\/wp-json\/wp\/v2\/pages\/13026\/revisions"}],"predecessor-version":[{"id":16056,"href":"https:\/\/jpx.ro\/repo\/wp-json\/wp\/v2\/pages\/13026\/revisions\/16056"}],"wp:attachment":[{"href":"https:\/\/jpx.ro\/repo\/wp-json\/wp\/v2\/media?parent=13026"}],"curies":[{"name":"wp","href":"https:\/\/api.w.org\/{rel}","templated":true}]}}