{"id":9782,"date":"2021-02-07T17:31:18","date_gmt":"2021-02-07T15:31:18","guid":{"rendered":"https:\/\/jpx.ro\/eurodac\/?post_type=product&#038;p=9782"},"modified":"2025-05-21T16:39:33","modified_gmt":"2025-05-21T13:39:33","slug":"tribloc-imbuteliere-lichide-plate-si-carbonate","status":"publish","type":"product","link":"https:\/\/jpx.ro\/eurodac\/product\/tribloc-imbuteliere-lichide-plate-si-carbonate\/","title":{"rendered":"Tribloc \u00eembuteliere lichide plate \u0219i carbonate"},"content":{"rendered":"\t\t<div data-elementor-type=\"product-post\" data-elementor-id=\"9782\" class=\"elementor elementor-9782\" data-elementor-post-type=\"product\">\n\t\t\t\t\t\t<section class=\"elementor-section elementor-top-section elementor-element elementor-element-a7663cc elementor-section-boxed elementor-section-height-default elementor-section-height-default\" data-id=\"a7663cc\" data-element_type=\"section\" data-e-type=\"section\">\n\t\t\t\t\t\t<div class=\"elementor-container elementor-column-gap-default\">\n\t\t\t\t\t<div class=\"elementor-column elementor-col-100 elementor-top-column elementor-element elementor-element-a42685b\" data-id=\"a42685b\" data-element_type=\"column\" data-e-type=\"column\">\n\t\t\t<div class=\"elementor-widget-wrap\">\n\t\t\t\t\t\t\t<\/div>\n\t\t<\/div>\n\t\t\t\t\t<\/div>\n\t\t<\/section>\n\t\t\t\t<section class=\"elementor-section elementor-top-section elementor-element elementor-element-9f55c3b elementor-section-boxed elementor-section-height-default elementor-section-height-default\" data-id=\"9f55c3b\" data-element_type=\"section\" data-e-type=\"section\">\n\t\t\t\t\t\t<div class=\"elementor-container elementor-column-gap-default\">\n\t\t\t\t\t<div class=\"elementor-column elementor-col-100 elementor-top-column elementor-element elementor-element-4a17e36\" data-id=\"4a17e36\" data-element_type=\"column\" data-e-type=\"column\">\n\t\t\t<div class=\"elementor-widget-wrap elementor-element-populated\">\n\t\t\t\t\t\t<div class=\"elementor-element elementor-element-f4c8b28 e-tabs-view-vertical elementor-layout-end elementor-widget elementor-widget-video-playlist\" data-id=\"f4c8b28\" data-element_type=\"widget\" data-e-type=\"widget\" data-settings=\"{&quot;playlist_title&quot;:&quot;Playlist&quot;,&quot;tabs&quot;:[{&quot;_id&quot;:&quot;f6ef9fe&quot;,&quot;type&quot;:&quot;hosted&quot;,&quot;hosted_url&quot;:{&quot;url&quot;:&quot;http:\\\/\\\/jpx.ro\\\/eurodac\\\/wp-content\\\/uploads\\\/2021\\\/02\\\/Tribloc-imbuteliere-apa-1.mp4&quot;,&quot;id&quot;:10501,&quot;size&quot;:&quot;&quot;},&quot;title&quot;:&quot;Tribloc imbuteliere apa&quot;,&quot;thumbnail&quot;:{&quot;url&quot;:&quot;http:\\\/\\\/jpx.ro\\\/eurodac\\\/wp-content\\\/uploads\\\/2021\\\/03\\\/PRTscr.jpg&quot;,&quot;id&quot;:9714,&quot;size&quot;:&quot;&quot;},&quot;youtube_url&quot;:null,&quot;vimeo_url&quot;:null,&quot;is_external_url&quot;:&quot;&quot;,&quot;external_url&quot;:null,&quot;section_html_tag&quot;:null,&quot;video_html_tag&quot;:&quot;h4&quot;,&quot;duration&quot;:&quot;&quot;,&quot;inner_tab_is_content_visible&quot;:&quot;&quot;,&quot;inner_tab_content_1&quot;:null,&quot;inner_tab_content_2&quot;:null}],&quot;inner_tab_title_1&quot;:&quot;Tab #1&quot;,&quot;inner_tab_title_2&quot;:&quot;Tab #2&quot;}\" data-widget_type=\"video-playlist.default\">\n\t\t\t\t<div class=\"elementor-widget-container\">\n\t\t\t\t\t\n\t\t<div class=\"e-tabs\" role=\"region\" aria-labelledby=\"e-playlist-f4c8b28\">\n\t\t\t<div class=\"e-tabs-main-area\">\n\t\t\t\t<div class=\"e-tabs-wrapper\">\n\t\t\t\t\t<div class=\"e-tabs-header\">\n\t\t\t\t\t\t<h2 class=\"e-tabs-title\" id=\"e-playlist-f4c8b28\">Playlist<\/h2>\n\t\t\t\t\t\t<div class=\"e-tabs-header-right-side\">\n\t\t\t\t\t\t\t\t\t\t\t\t\t\t\t<span class=\"e-tabs-videos-count\">1 Videos<\/span>\n\t\t\t\t\t\t\t\t\t\t\t\t\t\t<i aria-hidden=\"true\" class=\"e-tabs-toggle-videos-display-button rotate-down eicon-caret-down\"><\/i>\t\t\t\t\t\t<\/div>\n\t\t\t\t\t<\/div>\n\t\t\t\t\t<div class=\"e-tabs-items-wrapper\">\n\t\t\t\t\t\t<div class=\"e-tabs-items\" role=\"tablist\">\n\t\t\t\t\t\t\t\t\t\t\t\t\t\t\t\t\t\t\t\t\t\t\t\t<div id=\"e-tab-title-2561\" class=\"e-tab-title e-tab-desktop-title\" aria-selected=\"true\" data-tab=\"1\" role=\"tab\" tabindex=\"0\" aria-controls=\"e-tab-content-2561\">\n\t\t\t\t\t\t\t\t\t\t\t\t\t\t\t\t\t\t\t\t\t<div class=\"e-tab-thumbnail\">\n\t\t\t\t\t\t\t\t\t\t\t\t\t\t\t\t\t\t\t\t\t\t\t\t\t<img decoding=\"async\" src=\"https:\/\/jpx.ro\/eurodac\/wp-content\/uploads\/2021\/03\/PRTscr.jpg\" alt=\"Tribloc imbuteliere apa\" loading=\"lazy\" \/>\n\t\t\t\t\t\t\t\t\t\t\t\t\t\t\t\t\t\t\t\t\t\t\t\t<span class=\"icon-play\"><i aria-hidden=\"true\" class=\"fas fa-play-circle\"><\/i><\/span>\n\t\t\t\t\t\t\t\t\t\t\t\t<span class=\"icon-watched\"><i aria-hidden=\"true\" class=\"fas fa-check-circle\"><\/i><\/span>\n\t\t\t\t\t\t\t\t\t\t\t<\/div>\n\t\t\t\t\t\t\t\t\t\t\t\t\t\t\t\t\t\t\t\t<h4 class=\"e-tab-title-text\">\n\t\t\t\t\t\t\t\t\t\t\t<button type=\"button\">Tribloc imbuteliere apa<\/button>\n\t\t\t\t\t\t\t\t\t\t<\/h4>\n\t\t\t\t\t\t\t\t\t\t\t\t\t\t\t\t\t\t\t<\/div>\n\t\t\t\t\t\t\t\t\t\t\t\t\t\t\t\t\t\t\t\t\t<\/div>\n\t\t\t\t\t\t<div class=\"shadow shadow-top\" aria-hidden=\"true\"><\/div>\n\t\t\t\t\t\t<div class=\"shadow shadow-bottom\" aria-hidden=\"true\"><\/div>\n\t\t\t\t\t<\/div>\n\t\t\t\t<\/div>\n\n\t\t\t\t<div class=\"e-tabs-content-wrapper\" role=\"tablist\" aria-orientation=\"vertical\">\n\t\t\t\t\t\t\t\t\t\t\t<div id=\"e-tab-content-2561\" class=\"e-tab-content elementor-clearfix\" data-tab=\"1\" role=\"tabpanel\" aria-labelledby=\"e-tab-title-2561\" tabindex=\"0\" data-video-url=\"https:\/\/jpx.ro\/eurodac\/wp-content\/uploads\/2021\/02\/Tribloc-imbuteliere-apa-1.mp4\" data-video-type=\"hosted\" data-video-title=\"Tribloc imbuteliere apa\" data-video-duration=\"\">\n\t\t\t\t\t\t\t<div><\/div>\n\t\t\t\t\t\t\t\t\t\t\t\t\t<\/div>\n\t\t\t\t\t\t\t\t\t<\/div>\n\t\t\t<\/div>\n\n\t\t\t<div class=\"e-tabs-inner-tabs\" >\n\t\t\t\t\t\t\t\t\t\t\t\t\t\t\t\t<\/div>\n\t\t<\/div>\n\t\t\t\t\t\t<\/div>\n\t\t\t\t<\/div>\n\t\t\t\t\t<\/div>\n\t\t<\/div>\n\t\t\t\t\t<\/div>\n\t\t<\/section>\n\t\t\t\t<\/div>\n\t\t","protected":false},"excerpt":{"rendered":"<p><!--StartFragment --><\/p>\n<p>Un tribloc automat de \u00eembuteliere pentru ap\u0103 plat\u0103 \u0219i carbogazoas\u0103 este un echipament industrial de \u00eenalt\u0103 performan\u021b\u0103, utilizat pentru procesul complet de \u00eembuteliere, incluz\u00e2nd cl\u0103tirea, umplerea \u0219i dopuirea recipientelor. Acest sistem este esen\u021bial \u00een industria b\u0103uturilor, asigur\u00e2nd o produc\u021bie rapid\u0103 \u0219i eficient\u0103.<\/p>\n<p>&nbsp;<\/p>\n<p>Caracteristici principale<\/p>\n<p>&#8211; Cl\u0103tire automat\u0103 \u2013 Recipientele sunt cur\u0103\u021bate \u00eenainte de umplere, elimin\u00e2nd impurit\u0103\u021bile.<\/p>\n<p>&#8211; Umplere precis\u0103 \u2013 Sistemul de umplere izobaric\u0103 permite dozarea exact\u0103 a apei plate sau carbogazoase, men\u021bin\u00e2nd presiunea optim\u0103.<\/p>\n<p>&#8211; Dopuire automat\u0103 \u2013 Aplicarea capacelor se face rapid \u0219i sigur, asigur\u00e2nd etan\u0219eitatea produsului.<\/p>\n<p>&#8211; Control digital \u2013 Operarea este gestionat\u0103 printr-un panou de control PLC, optimiz\u00e2nd parametrii de produc\u021bie.<\/p>\n<p>&#8211; Materiale de calitate \u2013 Fabricat din o\u021bel inoxidabil AISI 304, rezistent la coroziune \u0219i u\u0219or de \u00eentre\u021binut.<\/p>\n<p>&#8211; Capacitate de produc\u021bie ridicat\u0103 \u2013 Poate \u00eembutelia mii de litri pe or\u0103, \u00een func\u021bie de model \u0219i configura\u021bie.<\/p>\n<p>Acest tip de echipament este ideal pentru produc\u0103torii de ap\u0103 \u00eembuteliat\u0103 care doresc eficien\u021b\u0103 maxim\u0103 \u0219i calitate constant\u0103 \u00een procesul de produc\u021bie.<\/p>\n","protected":false},"featured_media":9784,"template":"","meta":[],"product_brand":[],"product_cat":[188,189,176,191,187],"product_tag":[],"class_list":{"0":"post-9782","1":"product","2":"type-product","3":"status-publish","4":"has-post-thumbnail","6":"product_cat-alimentara-bauturi","7":"product_cat-farmaceutica-cosmetica","8":"product_cat-imbuteliere-si-dozare","9":"product_cat-industria-chimica","10":"product_cat-industrii","12":"first","13":"instock","14":"shipping-taxable","15":"product-type-simple"},"brands":[],"_links":{"self":[{"href":"https:\/\/jpx.ro\/eurodac\/wp-json\/wp\/v2\/product\/9782","targetHints":{"allow":["GET"]}}],"collection":[{"href":"https:\/\/jpx.ro\/eurodac\/wp-json\/wp\/v2\/product"}],"about":[{"href":"https:\/\/jpx.ro\/eurodac\/wp-json\/wp\/v2\/types\/product"}],"version-history":[{"count":22,"href":"https:\/\/jpx.ro\/eurodac\/wp-json\/wp\/v2\/product\/9782\/revisions"}],"predecessor-version":[{"id":10919,"href":"https:\/\/jpx.ro\/eurodac\/wp-json\/wp\/v2\/product\/9782\/revisions\/10919"}],"wp:featuredmedia":[{"embeddable":true,"href":"https:\/\/jpx.ro\/eurodac\/wp-json\/wp\/v2\/media\/9784"}],"wp:attachment":[{"href":"https:\/\/jpx.ro\/eurodac\/wp-json\/wp\/v2\/media?parent=9782"}],"wp:term":[{"taxonomy":"product_brand","embeddable":true,"href":"https:\/\/jpx.ro\/eurodac\/wp-json\/wp\/v2\/product_brand?post=9782"},{"taxonomy":"product_cat","embeddable":true,"href":"https:\/\/jpx.ro\/eurodac\/wp-json\/wp\/v2\/product_cat?post=9782"},{"taxonomy":"product_tag","embeddable":true,"href":"https:\/\/jpx.ro\/eurodac\/wp-json\/wp\/v2\/product_tag?post=9782"}],"curies":[{"name":"wp","href":"https:\/\/api.w.org\/{rel}","templated":true}]}}