{"id":9737,"date":"2021-02-02T15:28:20","date_gmt":"2021-02-02T13:28:20","guid":{"rendered":"https:\/\/jpx.ro\/eurodac\/?post_type=product&#038;p=9737"},"modified":"2025-05-21T16:41:57","modified_gmt":"2025-05-21T13:41:57","slug":"masina-automata-de-dozat-in-ampule","status":"publish","type":"product","link":"https:\/\/jpx.ro\/eurodac\/product\/masina-automata-de-dozat-in-ampule\/","title":{"rendered":"Ma\u0219ina automat\u0103 de dozat \u00een ampule"},"content":{"rendered":"\t\t<div data-elementor-type=\"product-post\" data-elementor-id=\"9737\" class=\"elementor elementor-9737\" data-elementor-post-type=\"product\">\n\t\t\t\t\t\t<section class=\"elementor-section elementor-top-section elementor-element elementor-element-0cc925a elementor-section-boxed elementor-section-height-default elementor-section-height-default\" data-id=\"0cc925a\" data-element_type=\"section\" data-e-type=\"section\">\n\t\t\t\t\t\t<div class=\"elementor-container elementor-column-gap-default\">\n\t\t\t\t\t<div class=\"elementor-column elementor-col-100 elementor-top-column elementor-element elementor-element-c5acf49\" data-id=\"c5acf49\" data-element_type=\"column\" data-e-type=\"column\">\n\t\t\t<div class=\"elementor-widget-wrap elementor-element-populated\">\n\t\t\t\t\t\t<div class=\"elementor-element elementor-element-8a86808 e-tabs-view-vertical elementor-layout-end elementor-widget elementor-widget-video-playlist\" data-id=\"8a86808\" data-element_type=\"widget\" data-e-type=\"widget\" data-settings=\"{&quot;playlist_title&quot;:&quot;Playlist&quot;,&quot;tabs&quot;:[{&quot;_id&quot;:&quot;67bd02a&quot;,&quot;type&quot;:&quot;hosted&quot;,&quot;hosted_url&quot;:{&quot;url&quot;:&quot;http:\\\/\\\/jpx.ro\\\/eurodac\\\/wp-content\\\/uploads\\\/2021\\\/02\\\/Masina-automata-de-dozat-in-ampule.mp4&quot;,&quot;id&quot;:10505,&quot;size&quot;:&quot;&quot;},&quot;title&quot;:&quot;Masina automata de dozat in ampule&quot;,&quot;thumbnail&quot;:{&quot;url&quot;:&quot;http:\\\/\\\/jpx.ro\\\/eurodac\\\/wp-content\\\/uploads\\\/2021\\\/03\\\/PRTscr.jpg&quot;,&quot;id&quot;:9714,&quot;size&quot;:&quot;&quot;},&quot;youtube_url&quot;:null,&quot;vimeo_url&quot;:null,&quot;is_external_url&quot;:&quot;&quot;,&quot;external_url&quot;:null,&quot;section_html_tag&quot;:null,&quot;video_html_tag&quot;:&quot;h4&quot;,&quot;duration&quot;:&quot;&quot;,&quot;inner_tab_is_content_visible&quot;:&quot;&quot;,&quot;inner_tab_content_1&quot;:null,&quot;inner_tab_content_2&quot;:null}],&quot;inner_tab_title_1&quot;:&quot;Tab #1&quot;,&quot;inner_tab_title_2&quot;:&quot;Tab #2&quot;}\" data-widget_type=\"video-playlist.default\">\n\t\t\t\t<div class=\"elementor-widget-container\">\n\t\t\t\t\t\n\t\t<div class=\"e-tabs\" role=\"region\" aria-labelledby=\"e-playlist-8a86808\">\n\t\t\t<div class=\"e-tabs-main-area\">\n\t\t\t\t<div class=\"e-tabs-wrapper\">\n\t\t\t\t\t<div class=\"e-tabs-header\">\n\t\t\t\t\t\t<h2 class=\"e-tabs-title\" id=\"e-playlist-8a86808\">Playlist<\/h2>\n\t\t\t\t\t\t<div class=\"e-tabs-header-right-side\">\n\t\t\t\t\t\t\t\t\t\t\t\t\t\t\t<span class=\"e-tabs-videos-count\">1 Videos<\/span>\n\t\t\t\t\t\t\t\t\t\t\t\t\t\t<i aria-hidden=\"true\" class=\"e-tabs-toggle-videos-display-button rotate-down eicon-caret-down\"><\/i>\t\t\t\t\t\t<\/div>\n\t\t\t\t\t<\/div>\n\t\t\t\t\t<div class=\"e-tabs-items-wrapper\">\n\t\t\t\t\t\t<div class=\"e-tabs-items\" role=\"tablist\">\n\t\t\t\t\t\t\t\t\t\t\t\t\t\t\t\t\t\t\t\t\t\t\t\t<div id=\"e-tab-title-1451\" class=\"e-tab-title e-tab-desktop-title\" aria-selected=\"true\" data-tab=\"1\" role=\"tab\" tabindex=\"0\" aria-controls=\"e-tab-content-1451\">\n\t\t\t\t\t\t\t\t\t\t\t\t\t\t\t\t\t\t\t\t\t<div class=\"e-tab-thumbnail\">\n\t\t\t\t\t\t\t\t\t\t\t\t\t\t\t\t\t\t\t\t\t\t\t\t\t<img decoding=\"async\" src=\"https:\/\/jpx.ro\/eurodac\/wp-content\/uploads\/2021\/03\/PRTscr.jpg\" alt=\"Masina automata de dozat in ampule\" loading=\"lazy\" \/>\n\t\t\t\t\t\t\t\t\t\t\t\t\t\t\t\t\t\t\t\t\t\t\t\t<span class=\"icon-play\"><i aria-hidden=\"true\" class=\"fas fa-play-circle\"><\/i><\/span>\n\t\t\t\t\t\t\t\t\t\t\t\t<span class=\"icon-watched\"><i aria-hidden=\"true\" class=\"fas fa-check-circle\"><\/i><\/span>\n\t\t\t\t\t\t\t\t\t\t\t<\/div>\n\t\t\t\t\t\t\t\t\t\t\t\t\t\t\t\t\t\t\t\t<h4 class=\"e-tab-title-text\">\n\t\t\t\t\t\t\t\t\t\t\t<button type=\"button\">Masina automata de dozat in ampule<\/button>\n\t\t\t\t\t\t\t\t\t\t<\/h4>\n\t\t\t\t\t\t\t\t\t\t\t\t\t\t\t\t\t\t\t<\/div>\n\t\t\t\t\t\t\t\t\t\t\t\t\t\t\t\t\t\t\t\t\t<\/div>\n\t\t\t\t\t\t<div class=\"shadow shadow-top\" aria-hidden=\"true\"><\/div>\n\t\t\t\t\t\t<div class=\"shadow shadow-bottom\" aria-hidden=\"true\"><\/div>\n\t\t\t\t\t<\/div>\n\t\t\t\t<\/div>\n\n\t\t\t\t<div class=\"e-tabs-content-wrapper\" role=\"tablist\" aria-orientation=\"vertical\">\n\t\t\t\t\t\t\t\t\t\t\t<div id=\"e-tab-content-1451\" class=\"e-tab-content elementor-clearfix\" data-tab=\"1\" role=\"tabpanel\" aria-labelledby=\"e-tab-title-1451\" tabindex=\"0\" data-video-url=\"https:\/\/jpx.ro\/eurodac\/wp-content\/uploads\/2021\/02\/Masina-automata-de-dozat-in-ampule.mp4\" data-video-type=\"hosted\" data-video-title=\"Masina automata de dozat in ampule\" data-video-duration=\"\">\n\t\t\t\t\t\t\t<div><\/div>\n\t\t\t\t\t\t\t\t\t\t\t\t\t<\/div>\n\t\t\t\t\t\t\t\t\t<\/div>\n\t\t\t<\/div>\n\n\t\t\t<div class=\"e-tabs-inner-tabs\" >\n\t\t\t\t\t\t\t\t\t\t\t\t\t\t\t\t<\/div>\n\t\t<\/div>\n\t\t\t\t\t\t<\/div>\n\t\t\t\t<\/div>\n\t\t\t\t\t<\/div>\n\t\t<\/div>\n\t\t\t\t\t<\/div>\n\t\t<\/section>\n\t\t\t\t<\/div>\n\t\t","protected":false},"excerpt":{"rendered":"<p>O ma\u0219in\u0103 automat\u0103 de dozat \u00een ampule este un echipament industrial utilizat pentru umplerea precis\u0103 a recipientelor mici, cum ar fi ampulele din plastic, cu lichide farmaceutice, cosmetice sau chimice. Acest tip de ma\u0219in\u0103 este esen\u021bial \u00een industria farmaceutic\u0103, asigur\u00e2nd dozarea exact\u0103 \u0219i sigilarea corespunz\u0103toare a produsului.<\/p>\n<p>&nbsp;<\/p>\n<p>Caracteristici principale:<\/p>\n<p>&#8211; Proces complet automatizat \u2013 Include formarea recipientului, umplerea, sigilarea \u0219i imprimarea numerelor de serie.<\/p>\n<p>&#8211; Dozare precis\u0103 \u2013 Sistemul de umplere previne risipa de lichid \u0219i asigur\u0103 o distribu\u021bie uniform\u0103.<\/p>\n<p>&#8211; Sigilare eficient\u0103 \u2013 Cap\u0103tul ampulei este sigilat automat pentru a men\u021bine sterilitatea produsului.<\/p>\n<p>&#8211; Control digital \u2013 Operarea este gestionat\u0103 printr-un panou de control PLC, permi\u021b\u00e2nd ajustarea parametrilor de produc\u021bie.<\/p>\n<p>&#8211; Materiale compatibile \u2013 Poate procesa recipiente din PVC, PE, \u00een func\u021bie de necesit\u0103\u021bi.<\/p>\n<p>&#8211; Capacitate de produc\u021bie ridicat\u0103 \u2013 Permite umplerea unui num\u0103r mare de ampule \u00eentr-un timp scurt.<\/p>\n<p>Acest tip de echipament este ideal pentru produc\u0103torii din industria farmaceutic\u0103 \u0219i cosmetic\u0103 care doresc precizie \u0219i eficien\u021b\u0103 \u00een procesul de ambalare.<\/p>\n","protected":false},"featured_media":9738,"template":"","meta":[],"product_brand":[],"product_cat":[189,176,187],"product_tag":[],"class_list":{"0":"post-9737","1":"product","2":"type-product","3":"status-publish","4":"has-post-thumbnail","6":"product_cat-farmaceutica-cosmetica","7":"product_cat-imbuteliere-si-dozare","8":"product_cat-industrii","10":"first","11":"instock","12":"shipping-taxable","13":"product-type-simple"},"brands":[],"_links":{"self":[{"href":"https:\/\/jpx.ro\/eurodac\/wp-json\/wp\/v2\/product\/9737","targetHints":{"allow":["GET"]}}],"collection":[{"href":"https:\/\/jpx.ro\/eurodac\/wp-json\/wp\/v2\/product"}],"about":[{"href":"https:\/\/jpx.ro\/eurodac\/wp-json\/wp\/v2\/types\/product"}],"version-history":[{"count":17,"href":"https:\/\/jpx.ro\/eurodac\/wp-json\/wp\/v2\/product\/9737\/revisions"}],"predecessor-version":[{"id":10920,"href":"https:\/\/jpx.ro\/eurodac\/wp-json\/wp\/v2\/product\/9737\/revisions\/10920"}],"wp:featuredmedia":[{"embeddable":true,"href":"https:\/\/jpx.ro\/eurodac\/wp-json\/wp\/v2\/media\/9738"}],"wp:attachment":[{"href":"https:\/\/jpx.ro\/eurodac\/wp-json\/wp\/v2\/media?parent=9737"}],"wp:term":[{"taxonomy":"product_brand","embeddable":true,"href":"https:\/\/jpx.ro\/eurodac\/wp-json\/wp\/v2\/product_brand?post=9737"},{"taxonomy":"product_cat","embeddable":true,"href":"https:\/\/jpx.ro\/eurodac\/wp-json\/wp\/v2\/product_cat?post=9737"},{"taxonomy":"product_tag","embeddable":true,"href":"https:\/\/jpx.ro\/eurodac\/wp-json\/wp\/v2\/product_tag?post=9737"}],"curies":[{"name":"wp","href":"https:\/\/api.w.org\/{rel}","templated":true}]}}