{"id":7348,"date":"2021-03-07T22:21:19","date_gmt":"2021-03-07T22:21:19","guid":{"rendered":"https:\/\/acoperisuri-tigle-metalice.ro\/e\/?post_type=product&#038;p=7348"},"modified":"2025-06-02T12:18:36","modified_gmt":"2025-06-02T09:18:36","slug":"cartonator-orizontal","status":"publish","type":"product","link":"https:\/\/jpx.ro\/eurodac\/product\/cartonator-orizontal\/","title":{"rendered":"Cartonator orizontal EDA-350CO"},"content":{"rendered":"\t\t<div data-elementor-type=\"product-post\" data-elementor-id=\"7348\" class=\"elementor elementor-7348\" data-elementor-post-type=\"product\">\n\t\t\t\t\t\t<section class=\"elementor-section elementor-top-section elementor-element elementor-element-c844960 elementor-section-boxed elementor-section-height-default elementor-section-height-default\" data-id=\"c844960\" data-element_type=\"section\" data-e-type=\"section\">\n\t\t\t\t\t\t<div class=\"elementor-container elementor-column-gap-default\">\n\t\t\t\t\t<div class=\"elementor-column elementor-col-100 elementor-top-column elementor-element elementor-element-212a020\" data-id=\"212a020\" data-element_type=\"column\" data-e-type=\"column\">\n\t\t\t<div class=\"elementor-widget-wrap elementor-element-populated\">\n\t\t\t\t\t\t<div class=\"elementor-element elementor-element-ef352c0 e-tabs-view-vertical elementor-layout-end elementor-widget elementor-widget-video-playlist\" data-id=\"ef352c0\" data-element_type=\"widget\" data-e-type=\"widget\" data-settings=\"{&quot;playlist_title&quot;:&quot;Playlist&quot;,&quot;tabs&quot;:[{&quot;title&quot;:&quot;Cartonator orizontal&quot;,&quot;youtube_url&quot;:null,&quot;duration&quot;:&quot;0:16&quot;,&quot;thumbnail&quot;:{&quot;url&quot;:&quot;http:\\\/\\\/jpx.ro\\\/eurodac\\\/wp-content\\\/uploads\\\/2021\\\/03\\\/PRTscr.jpg&quot;,&quot;id&quot;:9714,&quot;size&quot;:&quot;&quot;},&quot;_id&quot;:&quot;76a3957&quot;,&quot;type&quot;:&quot;hosted&quot;,&quot;hosted_url&quot;:{&quot;url&quot;:&quot;http:\\\/\\\/jpx.ro\\\/eurodac\\\/wp-content\\\/uploads\\\/2021\\\/03\\\/Cartonator-orizontal-done-480p.mp4&quot;,&quot;id&quot;:11001,&quot;size&quot;:&quot;&quot;},&quot;vimeo_url&quot;:null,&quot;is_external_url&quot;:&quot;&quot;,&quot;external_url&quot;:null,&quot;section_html_tag&quot;:null,&quot;video_html_tag&quot;:&quot;h4&quot;,&quot;inner_tab_is_content_visible&quot;:&quot;&quot;,&quot;inner_tab_content_1&quot;:null,&quot;inner_tab_content_2&quot;:null}],&quot;inner_tab_title_1&quot;:&quot;Tab #1&quot;,&quot;inner_tab_title_2&quot;:&quot;Tab #2&quot;}\" data-widget_type=\"video-playlist.default\">\n\t\t\t\t<div class=\"elementor-widget-container\">\n\t\t\t\t\t\n\t\t<div class=\"e-tabs\" role=\"region\" aria-labelledby=\"e-playlist-ef352c0\">\n\t\t\t<div class=\"e-tabs-main-area\">\n\t\t\t\t<div class=\"e-tabs-wrapper\">\n\t\t\t\t\t<div class=\"e-tabs-header\">\n\t\t\t\t\t\t<h2 class=\"e-tabs-title\" id=\"e-playlist-ef352c0\">Playlist<\/h2>\n\t\t\t\t\t\t<div class=\"e-tabs-header-right-side\">\n\t\t\t\t\t\t\t\t\t\t\t\t\t\t\t<span class=\"e-tabs-videos-count\">1 Videos<\/span>\n\t\t\t\t\t\t\t\t\t\t\t\t\t\t<i aria-hidden=\"true\" class=\"e-tabs-toggle-videos-display-button rotate-down eicon-caret-down\"><\/i>\t\t\t\t\t\t<\/div>\n\t\t\t\t\t<\/div>\n\t\t\t\t\t<div class=\"e-tabs-items-wrapper\">\n\t\t\t\t\t\t<div class=\"e-tabs-items\" role=\"tablist\">\n\t\t\t\t\t\t\t\t\t\t\t\t\t\t\t\t\t\t\t\t\t\t\t\t<div id=\"e-tab-title-2501\" class=\"e-tab-title e-tab-desktop-title\" aria-selected=\"true\" data-tab=\"1\" role=\"tab\" tabindex=\"0\" aria-controls=\"e-tab-content-2501\">\n\t\t\t\t\t\t\t\t\t\t\t\t\t\t\t\t\t\t\t\t\t<div class=\"e-tab-thumbnail\">\n\t\t\t\t\t\t\t\t\t\t\t\t\t\t\t\t\t\t\t\t\t\t\t\t\t<img decoding=\"async\" src=\"https:\/\/jpx.ro\/eurodac\/wp-content\/uploads\/2021\/03\/PRTscr.jpg\" alt=\"Cartonator orizontal\" loading=\"lazy\" \/>\n\t\t\t\t\t\t\t\t\t\t\t\t\t\t\t\t\t\t\t\t\t\t\t\t<span class=\"icon-play\"><i aria-hidden=\"true\" class=\"fas fa-play-circle\"><\/i><\/span>\n\t\t\t\t\t\t\t\t\t\t\t\t<span class=\"icon-watched\"><i aria-hidden=\"true\" class=\"fas fa-check-circle\"><\/i><\/span>\n\t\t\t\t\t\t\t\t\t\t\t<\/div>\n\t\t\t\t\t\t\t\t\t\t\t\t\t\t\t\t\t\t\t\t<h4 class=\"e-tab-title-text\">\n\t\t\t\t\t\t\t\t\t\t\t<button type=\"button\">Cartonator orizontal<\/button>\n\t\t\t\t\t\t\t\t\t\t<\/h4>\n\t\t\t\t\t\t\t\t\t\t\t\t\t\t\t\t\t\t\t\t\t<span class=\"e-tab-duration\">0:16<\/span>\n\t\t\t\t\t\t\t\t\t\t\t\t\t\t\t\t\t\t\t<\/div>\n\t\t\t\t\t\t\t\t\t\t\t\t\t\t\t\t\t\t\t\t\t<\/div>\n\t\t\t\t\t\t<div class=\"shadow shadow-top\" aria-hidden=\"true\"><\/div>\n\t\t\t\t\t\t<div class=\"shadow shadow-bottom\" aria-hidden=\"true\"><\/div>\n\t\t\t\t\t<\/div>\n\t\t\t\t<\/div>\n\n\t\t\t\t<div class=\"e-tabs-content-wrapper\" role=\"tablist\" aria-orientation=\"vertical\">\n\t\t\t\t\t\t\t\t\t\t\t<div id=\"e-tab-content-2501\" class=\"e-tab-content elementor-clearfix\" data-tab=\"1\" role=\"tabpanel\" aria-labelledby=\"e-tab-title-2501\" tabindex=\"0\" data-video-url=\"https:\/\/jpx.ro\/eurodac\/wp-content\/uploads\/2021\/03\/Cartonator-orizontal-done-480p.mp4\" data-video-type=\"hosted\" data-video-title=\"Cartonator orizontal\" data-video-duration=\"0:16\">\n\t\t\t\t\t\t\t<div><\/div>\n\t\t\t\t\t\t\t\t\t\t\t\t\t<\/div>\n\t\t\t\t\t\t\t\t\t<\/div>\n\t\t\t<\/div>\n\n\t\t\t<div class=\"e-tabs-inner-tabs\" >\n\t\t\t\t\t\t\t\t\t\t\t\t\t\t\t\t<\/div>\n\t\t<\/div>\n\t\t\t\t\t\t<\/div>\n\t\t\t\t<\/div>\n\t\t\t\t\t<\/div>\n\t\t<\/div>\n\t\t\t\t\t<\/div>\n\t\t<\/section>\n\t\t\t\t<\/div>\n\t\t","protected":false},"excerpt":{"rendered":"<p>Un echipament automat de cartonare cu introducere orizontal\u0103 a produselor \u00een cutii este utilizat \u00een industrii precum farmaceutic\u0103, alimentar\u0103 \u0219i cosmetic\u0103 pentru ambalarea rapid\u0103 \u0219i eficient\u0103 a produselor. Acest sistem automatizat asigur\u0103 formarea cutiilor, introducerea produselor \u0219i sigilarea acestora \u00eentr-un proces continuu.<\/p>\n<p>&nbsp;<\/p>\n<p>&nbsp;<\/p>\n<p>Componente principale ale echipamentului:<\/p>\n<p>&nbsp;<\/p>\n<p>&#8211; Magazia de alimentare a cutiilor \u2013 Stocheaz\u0103 \u0219i distribuie automat cutiile pliate.<\/p>\n<p>&#8211; Sistem de deschidere \u0219i formare \u2013 Pliaz\u0103 \u0219i modeleaz\u0103 cutia pentru introducerea produsului.<\/p>\n<p>&#8211; Unitatea de introducere orizontal\u0103 \u2013 Integreaz\u0103 mecanisme de pozi\u021bionare precis\u0103 a produselor \u00een cutie.<\/p>\n<p>&#8211; Sistem de impingere al produselor in cutiile deschise.<\/p>\n<p>&#8211; Sistem de lipire \u0219i sigilare \u2013 Aplic\u0103 adeziv pentru \u00eenchiderea cutiei.<\/p>\n<p>&#8211; Transportoare integrate \u2013 Asigur\u0103 fluxul continuu al cutiilor formate c\u0103tre urm\u0103toarea etap\u0103 de ambalare.<\/p>\n<p>&#8211; Senzori \u0219i sistem de control \u2013 Monitorizeaz\u0103 procesul pentru a detecta eventualele erori \u0219i optimizeaz\u0103 func\u021bionarea.<\/p>\n<p>&nbsp;<\/p>\n","protected":false},"featured_media":11000,"template":"","meta":[],"product_brand":[],"product_cat":[180],"product_tag":[],"class_list":{"0":"post-7348","1":"product","2":"type-product","3":"status-publish","4":"has-post-thumbnail","6":"product_cat-cartonare-si-formare-cutii","8":"first","9":"instock","10":"shipping-taxable","11":"product-type-simple"},"brands":[],"_links":{"self":[{"href":"https:\/\/jpx.ro\/eurodac\/wp-json\/wp\/v2\/product\/7348","targetHints":{"allow":["GET"]}}],"collection":[{"href":"https:\/\/jpx.ro\/eurodac\/wp-json\/wp\/v2\/product"}],"about":[{"href":"https:\/\/jpx.ro\/eurodac\/wp-json\/wp\/v2\/types\/product"}],"version-history":[{"count":7,"href":"https:\/\/jpx.ro\/eurodac\/wp-json\/wp\/v2\/product\/7348\/revisions"}],"predecessor-version":[{"id":11005,"href":"https:\/\/jpx.ro\/eurodac\/wp-json\/wp\/v2\/product\/7348\/revisions\/11005"}],"wp:featuredmedia":[{"embeddable":true,"href":"https:\/\/jpx.ro\/eurodac\/wp-json\/wp\/v2\/media\/11000"}],"wp:attachment":[{"href":"https:\/\/jpx.ro\/eurodac\/wp-json\/wp\/v2\/media?parent=7348"}],"wp:term":[{"taxonomy":"product_brand","embeddable":true,"href":"https:\/\/jpx.ro\/eurodac\/wp-json\/wp\/v2\/product_brand?post=7348"},{"taxonomy":"product_cat","embeddable":true,"href":"https:\/\/jpx.ro\/eurodac\/wp-json\/wp\/v2\/product_cat?post=7348"},{"taxonomy":"product_tag","embeddable":true,"href":"https:\/\/jpx.ro\/eurodac\/wp-json\/wp\/v2\/product_tag?post=7348"}],"curies":[{"name":"wp","href":"https:\/\/api.w.org\/{rel}","templated":true}]}}