{"id":7312,"date":"2021-03-07T22:03:14","date_gmt":"2021-03-07T22:03:14","guid":{"rendered":"https:\/\/acoperisuri-tigle-metalice.ro\/e\/?post_type=product&#038;p=7312"},"modified":"2025-05-21T13:51:17","modified_gmt":"2025-05-21T10:51:17","slug":"detector-cu-raze-x-eda10080","status":"publish","type":"product","link":"https:\/\/jpx.ro\/eurodac\/product\/detector-cu-raze-x-eda10080\/","title":{"rendered":"Detector cu raze X \u2013 EDA10080"},"content":{"rendered":"","protected":false},"excerpt":{"rendered":"<p>Detectoarele cu raze X sunt esen\u021biale \u00een industria alimentar\u0103 , farmaceutica , chimica etc pentru identificarea contaminan\u021bilor care nu pot fi detecta\u021bi prin metode tradi\u021bionale, cum ar fi detectoarele de metale. Aceste sisteme permit identificarea obiectelor str\u0103ine precum sticla, ceramica, pietrele sau chiar oasele, asigur\u00e2nd astfel siguran\u021ba produselor.Este un echipament robust, fiabil \u0219i u\u0219or de \u00eentre\u021binut, ideal pentru linii de produc\u021bie cu volum mijlociu si \u00a0mare.EDA10080 este echipat cu un sistem de autodiagnosticare standard, care asigur\u0103 func\u021bionarea optim\u0103 \u0219i reduce semnificativ necesarul de interven\u021bii manuale.Un avantaj major \u00eel reprezint\u0103 func\u021bia de m\u0103rire a obiectelor, care permite selectarea \u0219i m\u0103rirea unor zone specifice ale imaginii pentru o inspec\u021bie detaliat\u0103. \u00cen plus, operatorii pot ajusta luminozitatea, contrastul \u0219i alte set\u0103ri \u00een func\u021bie de particularit\u0103\u021bile produsului verificat, garant\u00e2nd astfel o detec\u021bie adaptat\u0103 fiec\u0103rei aplica\u021bii.In plus Echipamentul vine la pachet cu un Software inteligent ce Permite analiza rapid\u0103 \u0219i precis\u0103 a produselor, optimiz\u00e2nd procesul de control al calit\u0103\u021bii.<\/p>\n<p>&nbsp;<\/p>\n<p>Beneficii principale:<\/p>\n<p>&#8211; Detectare precis\u0103 a contaminan\u021bilor \u0219i defectelor ascunse \u00een produse<\/p>\n<p>&#8211; Autodiagnosticare pentru reducerea timpilor de \u00eentre\u021binere<\/p>\n<p>&#8211; Statie de rejectie automata a produselor contaminate<\/p>\n<p>&#8211; Func\u021bie de m\u0103rire \u0219i ajustare a imaginii pentru o inspec\u021bie detaliat\u0103<\/p>\n<p>&#8211; Construc\u021bie personalizabil\u0103, adaptat\u0103 cerin\u021belor clien\u021bilor<\/p>\n<p>&nbsp;<\/p>\n<p>Compatibilitate extins\u0103 cu echipamente Eurodac Automation:<\/p>\n<p>&#8211; Sta\u021bie de rejectare<\/p>\n<p>&#8211; Ma\u0219in\u0103 de ambalat vertical\u0103<\/p>\n<p>&#8211; Ma\u0219in\u0103 de ambalat flowpack<\/p>\n<p>&#8211; Ma\u0219in\u0103 de ambalat \u00een folie termocontractibil\u0103<\/p>\n<p>&#8211; Ma\u0219in\u0103 de baxat<\/p>\n<p>&#8211; Ma\u0219in\u0103 de cartonat<\/p>\n<p>&nbsp;<\/p>\n<p>Aplica\u021bii tipice:<\/p>\n<p>&#8211; Industria alimentar\u0103 (carne, pe\u0219te, lactate, panifica\u021bie, conserve)<\/p>\n<p>&#8211; Industria materialelor de construc\u021bii (saci ciment, adezivi, pl\u0103ci, componente)<\/p>\n<p>&#8211; Alte industrii unde este necesar un control strict al contaminan\u021bilor \u0219i defectelor interne<\/p>\n","protected":false},"featured_media":10641,"template":"","meta":[],"product_brand":[],"product_cat":[179],"product_tag":[],"class_list":{"0":"post-7312","1":"product","2":"type-product","3":"status-publish","4":"has-post-thumbnail","6":"product_cat-controlul-calitatii","8":"first","9":"instock","10":"shipping-taxable","11":"product-type-simple"},"brands":[],"_links":{"self":[{"href":"https:\/\/jpx.ro\/eurodac\/wp-json\/wp\/v2\/product\/7312","targetHints":{"allow":["GET"]}}],"collection":[{"href":"https:\/\/jpx.ro\/eurodac\/wp-json\/wp\/v2\/product"}],"about":[{"href":"https:\/\/jpx.ro\/eurodac\/wp-json\/wp\/v2\/types\/product"}],"version-history":[{"count":7,"href":"https:\/\/jpx.ro\/eurodac\/wp-json\/wp\/v2\/product\/7312\/revisions"}],"predecessor-version":[{"id":10910,"href":"https:\/\/jpx.ro\/eurodac\/wp-json\/wp\/v2\/product\/7312\/revisions\/10910"}],"wp:featuredmedia":[{"embeddable":true,"href":"https:\/\/jpx.ro\/eurodac\/wp-json\/wp\/v2\/media\/10641"}],"wp:attachment":[{"href":"https:\/\/jpx.ro\/eurodac\/wp-json\/wp\/v2\/media?parent=7312"}],"wp:term":[{"taxonomy":"product_brand","embeddable":true,"href":"https:\/\/jpx.ro\/eurodac\/wp-json\/wp\/v2\/product_brand?post=7312"},{"taxonomy":"product_cat","embeddable":true,"href":"https:\/\/jpx.ro\/eurodac\/wp-json\/wp\/v2\/product_cat?post=7312"},{"taxonomy":"product_tag","embeddable":true,"href":"https:\/\/jpx.ro\/eurodac\/wp-json\/wp\/v2\/product_tag?post=7312"}],"curies":[{"name":"wp","href":"https:\/\/api.w.org\/{rel}","templated":true}]}}