{"id":7305,"date":"2021-03-07T21:59:48","date_gmt":"2021-03-07T21:59:48","guid":{"rendered":"https:\/\/acoperisuri-tigle-metalice.ro\/e\/?post_type=product&#038;p=7305"},"modified":"2025-05-21T13:55:11","modified_gmt":"2025-05-21T10:55:11","slug":"sistem-pentru-inspectare-produse","status":"publish","type":"product","link":"https:\/\/jpx.ro\/eurodac\/product\/sistem-pentru-inspectare-produse\/","title":{"rendered":"Sistem pentru inspectie produse &#8211; Vision System"},"content":{"rendered":"","protected":false},"excerpt":{"rendered":"<p>Sistemul pentru inspectie produse este un echipament de ultim\u0103 genera\u021bie, utilizat cu succes \u00een industrii precum: industria alimentar\u0103, industria farmaceutic\u0103, metalurgic\u0103, petrochimic\u0103 \u0219i bunuri de larg consum. Acest echipament este recomandat \u00een special marilor produc\u0103tori care urm\u0103resc automatizarea fluxului de produc\u021bie \u0219i \u00eembun\u0103t\u0103\u021birea proceselor de control al calit\u0103\u021bii.Sistemul integreaz\u0103 tehnologii avansate pentru captarea \u0219i procesarea imaginilor, fiind echipat cu o camera industriala performata \u00a0de \u00eenalt\u0103 precizie. Func\u021bionarea este simpl\u0103, camera capteaza suprafa\u021ba reperului, iar software-ul dedicat compar\u0103 automat imaginea ob\u021binut\u0103 cu reperul etalon predefinit. Astfel, se pot identifica rapid defectele sau abaterile de la standard, elimin\u00e2nd produsele neconforme \u0219i optimiz\u00e2nd procesul de produc\u021bie.<\/p>\n<p>&nbsp;<\/p>\n<p>Printre avantajele principale ale acestui echipament industrial de inspec\u021bie se num\u0103r\u0103:<\/p>\n<p>&#8211; Detectarea rapid\u0103 a defectelor, f\u0103r\u0103 interven\u021bii mecanice;<\/p>\n<p>&#8211; Software intuitiv, cu pa\u0219i clari de operare, u\u0219or de utilizat de c\u0103tre operatori;<\/p>\n<p>&#8211; Integrare facil\u0103 \u00een fluxul de produc\u021bie existent;<\/p>\n<p>&#8211; Conectivitate la re\u021beaua fabricii;<\/p>\n<p>&#8211; Respectarea normelor europene privind protec\u021bia muncii \u0219i siguran\u021ba opera\u021bional\u0103.<\/p>\n<p>&nbsp;<\/p>\n<p>Compatibilitate echipamente:<\/p>\n<p>&#8211; Masina de capuit<\/p>\n<p>&#8211; Masina de etichetat<\/p>\n<p>&#8211; Masina de dozat<\/p>\n<p>&#8211; Echipament de blisterizat<\/p>\n<p>&nbsp;<\/p>\n","protected":false},"featured_media":10632,"template":"","meta":[],"product_brand":[],"product_cat":[179],"product_tag":[],"class_list":{"0":"post-7305","1":"product","2":"type-product","3":"status-publish","4":"has-post-thumbnail","6":"product_cat-controlul-calitatii","8":"first","9":"instock","10":"shipping-taxable","11":"product-type-simple"},"brands":[],"_links":{"self":[{"href":"https:\/\/jpx.ro\/eurodac\/wp-json\/wp\/v2\/product\/7305","targetHints":{"allow":["GET"]}}],"collection":[{"href":"https:\/\/jpx.ro\/eurodac\/wp-json\/wp\/v2\/product"}],"about":[{"href":"https:\/\/jpx.ro\/eurodac\/wp-json\/wp\/v2\/types\/product"}],"version-history":[{"count":8,"href":"https:\/\/jpx.ro\/eurodac\/wp-json\/wp\/v2\/product\/7305\/revisions"}],"predecessor-version":[{"id":10912,"href":"https:\/\/jpx.ro\/eurodac\/wp-json\/wp\/v2\/product\/7305\/revisions\/10912"}],"wp:featuredmedia":[{"embeddable":true,"href":"https:\/\/jpx.ro\/eurodac\/wp-json\/wp\/v2\/media\/10632"}],"wp:attachment":[{"href":"https:\/\/jpx.ro\/eurodac\/wp-json\/wp\/v2\/media?parent=7305"}],"wp:term":[{"taxonomy":"product_brand","embeddable":true,"href":"https:\/\/jpx.ro\/eurodac\/wp-json\/wp\/v2\/product_brand?post=7305"},{"taxonomy":"product_cat","embeddable":true,"href":"https:\/\/jpx.ro\/eurodac\/wp-json\/wp\/v2\/product_cat?post=7305"},{"taxonomy":"product_tag","embeddable":true,"href":"https:\/\/jpx.ro\/eurodac\/wp-json\/wp\/v2\/product_tag?post=7305"}],"curies":[{"name":"wp","href":"https:\/\/api.w.org\/{rel}","templated":true}]}}