{"id":7263,"date":"2024-03-06T12:45:26","date_gmt":"2024-03-06T10:45:26","guid":{"rendered":"https:\/\/acoperisuri-tigle-metalice.ro\/e\/?post_type=product&#038;p=7263"},"modified":"2025-05-22T11:00:21","modified_gmt":"2025-05-22T08:00:21","slug":"masina-pentru-infoliere-paleti-fp10-t","status":"publish","type":"product","link":"https:\/\/jpx.ro\/eurodac\/product\/masina-pentru-infoliere-paleti-fp10-t\/","title":{"rendered":"Echipament pentru \u00eenfoliere pale\u021bi FP10-T"},"content":{"rendered":"\t\t<div data-elementor-type=\"product-post\" data-elementor-id=\"7263\" class=\"elementor elementor-7263\" data-elementor-post-type=\"product\">\n\t\t\t\t\t\t<section class=\"elementor-section elementor-top-section elementor-element elementor-element-35ced91 elementor-section-boxed elementor-section-height-default elementor-section-height-default\" data-id=\"35ced91\" data-element_type=\"section\" data-e-type=\"section\">\n\t\t\t\t\t\t<div class=\"elementor-container elementor-column-gap-default\">\n\t\t\t\t\t<div class=\"elementor-column elementor-col-100 elementor-top-column elementor-element elementor-element-02447cc\" data-id=\"02447cc\" data-element_type=\"column\" data-e-type=\"column\">\n\t\t\t<div class=\"elementor-widget-wrap elementor-element-populated\">\n\t\t\t\t\t\t<div class=\"elementor-element elementor-element-b1f3830 elementor-widget elementor-widget-video\" data-id=\"b1f3830\" data-element_type=\"widget\" data-e-type=\"widget\" data-settings=\"{&quot;video_type&quot;:&quot;hosted&quot;,&quot;autoplay&quot;:&quot;yes&quot;,&quot;play_on_mobile&quot;:&quot;yes&quot;,&quot;mute&quot;:&quot;yes&quot;,&quot;loop&quot;:&quot;yes&quot;,&quot;controls&quot;:&quot;yes&quot;}\" data-widget_type=\"video.default\">\n\t\t\t\t<div class=\"elementor-widget-container\">\n\t\t\t\t\t\t\t<div class=\"e-hosted-video elementor-wrapper elementor-open-inline\">\n\t\t\t\t\t<video class=\"elementor-video\" src=\"https:\/\/jpx.ro\/eurodac\/wp-content\/uploads\/2022\/02\/FP10-T-ULTRA.mp4\" autoplay=\"\" loop=\"\" controls=\"\" muted=\"muted\" playsinline=\"\" controlsList=\"nodownload\"><\/video>\n\t\t\t\t<\/div>\n\t\t\t\t\t\t<\/div>\n\t\t\t\t<\/div>\n\t\t\t\t\t<\/div>\n\t\t<\/div>\n\t\t\t\t\t<\/div>\n\t\t<\/section>\n\t\t\t\t<\/div>\n\t\t","protected":false},"excerpt":{"rendered":"<p>Este un echipament destinat \u00eenfolierii pale\u021bilor, cu aplicabilitate \u00een diverse sectoare precum industria alimentar\u0103, materialele de construc\u021bii, industria chimic\u0103 \u0219i bunurile de consum, inclusiv alte domenii industriale.Recomandat \u00een mod deosebit produc\u0103torilor cu activit\u0103\u021bi la scar\u0103 medie \u0219i mare, FP-10 T dispune de o platform\u0103 rotativ\u0103 adaptat\u0103 pentru a facilita accesul stivuitoarelor manuale, asigur\u00e2nd \u00eenc\u0103rcarea pale\u021bilor \u00een condi\u021bii optime de siguran\u021b\u0103.\u00cen ceea ce prive\u0219te standardele de siguran\u021b\u0103, echipamentul este echipat cu o celul\u0103 fotoelectric\u0103, respect\u00e2nd rigorile normelor europene \u00een materie de securitate \u0219i protec\u021bia muncii.<\/p>\n<h3><\/h3>\n<p style=\"font-weight: 400;\">Op\u021bionale:<\/p>\n<p>&#8211; CP94- extensie coloana pentru inaltimea de 2450mm<\/p>\n<p>&#8211; CP260- invertor pentru controlul vitezei initiale graduale a platformei si a vitezei de rotatie a paletului intre 7 si 15 R.P.M.<br \/>\n&#8211; CP670M- ambreiaj mecanic preintindere folie 100% (1m=2m) pentru paleti cu o greutate minima de 130kg<br \/>\n&#8211; CP670A- ambreiaj motorizat preintindere folie 200% (1m=3m)<\/p>\n<h3 style=\"font-weight: 400;\"><\/h3>\n<p style=\"font-weight: 400;\">Caracteristici tehnice:<\/p>\n<p style=\"font-weight: 400;\">-Diametru platforma rotativa [mm]: 1500<br \/>\n&#8211; Viteza platforma rotativa [R.P.M.]: 10<br \/>\n&#8211; Capacitate maxima de incarcare [kg]: 1000<br \/>\n&#8211; Dimensiuni maxime palet [Lxlxh mm]: 1200 x 1200 x 2000<br \/>\n&#8211; Inaltime maxima rola folie [mm]: 500<br \/>\n&#8211; Diametru maxim rola folie [mm]: 300<br \/>\n&#8211; Buton resetare pentru repozitionare dispozitiv mobil de infoliere<br \/>\n&#8211; Detectare palet cu celule fotoelectrice<br \/>\n&#8211; Tensiune [VAC]: 380<br \/>\n&#8211; Putere instalata [kW]: 0.4<br \/>\n&#8211; Greutate masina [kg]: 360<\/p>\n<p>&nbsp;<\/p>\n","protected":false},"featured_media":10027,"template":"","meta":[],"product_brand":[],"product_cat":[204],"product_tag":[],"class_list":{"0":"post-7263","1":"product","2":"type-product","3":"status-publish","4":"has-post-thumbnail","6":"product_cat-infoliere-si-legare-paleti","8":"first","9":"instock","10":"shipping-taxable","11":"product-type-simple"},"brands":[],"_links":{"self":[{"href":"https:\/\/jpx.ro\/eurodac\/wp-json\/wp\/v2\/product\/7263","targetHints":{"allow":["GET"]}}],"collection":[{"href":"https:\/\/jpx.ro\/eurodac\/wp-json\/wp\/v2\/product"}],"about":[{"href":"https:\/\/jpx.ro\/eurodac\/wp-json\/wp\/v2\/types\/product"}],"version-history":[{"count":9,"href":"https:\/\/jpx.ro\/eurodac\/wp-json\/wp\/v2\/product\/7263\/revisions"}],"predecessor-version":[{"id":10958,"href":"https:\/\/jpx.ro\/eurodac\/wp-json\/wp\/v2\/product\/7263\/revisions\/10958"}],"wp:featuredmedia":[{"embeddable":true,"href":"https:\/\/jpx.ro\/eurodac\/wp-json\/wp\/v2\/media\/10027"}],"wp:attachment":[{"href":"https:\/\/jpx.ro\/eurodac\/wp-json\/wp\/v2\/media?parent=7263"}],"wp:term":[{"taxonomy":"product_brand","embeddable":true,"href":"https:\/\/jpx.ro\/eurodac\/wp-json\/wp\/v2\/product_brand?post=7263"},{"taxonomy":"product_cat","embeddable":true,"href":"https:\/\/jpx.ro\/eurodac\/wp-json\/wp\/v2\/product_cat?post=7263"},{"taxonomy":"product_tag","embeddable":true,"href":"https:\/\/jpx.ro\/eurodac\/wp-json\/wp\/v2\/product_tag?post=7263"}],"curies":[{"name":"wp","href":"https:\/\/api.w.org\/{rel}","templated":true}]}}