{"id":7059,"date":"2021-03-07T20:00:16","date_gmt":"2021-03-07T18:00:16","guid":{"rendered":"https:\/\/acoperisuri-tigle-metalice.ro\/e\/?post_type=product&#038;p=7059"},"modified":"2025-06-06T16:14:20","modified_gmt":"2025-06-06T13:14:20","slug":"linie-de-imbuteliere-lichide-25-500-ml","status":"publish","type":"product","link":"https:\/\/jpx.ro\/eurodac\/product\/linie-de-imbuteliere-lichide-25-500-ml\/","title":{"rendered":"Linie de \u00eembuteliere lichide 5ml-500ml, EDA-I-LPL500"},"content":{"rendered":"\t\t<div data-elementor-type=\"product-post\" data-elementor-id=\"7059\" class=\"elementor elementor-7059\" data-elementor-post-type=\"product\">\n\t\t\t\t\t\t<section class=\"elementor-section elementor-top-section elementor-element elementor-element-c7fd166 elementor-section-boxed elementor-section-height-default elementor-section-height-default\" data-id=\"c7fd166\" data-element_type=\"section\" data-e-type=\"section\">\n\t\t\t\t\t\t<div class=\"elementor-container elementor-column-gap-default\">\n\t\t\t\t\t<div class=\"elementor-column elementor-col-100 elementor-top-column elementor-element elementor-element-5aac8d0\" data-id=\"5aac8d0\" data-element_type=\"column\" data-e-type=\"column\">\n\t\t\t<div class=\"elementor-widget-wrap\">\n\t\t\t\t\t\t\t<\/div>\n\t\t<\/div>\n\t\t\t\t\t<\/div>\n\t\t<\/section>\n\t\t\t\t<section class=\"elementor-section elementor-top-section elementor-element elementor-element-d6a31d7 elementor-section-boxed elementor-section-height-default elementor-section-height-default\" data-id=\"d6a31d7\" data-element_type=\"section\" data-e-type=\"section\">\n\t\t\t\t\t\t<div class=\"elementor-container elementor-column-gap-default\">\n\t\t\t\t\t<div class=\"elementor-column elementor-col-100 elementor-top-column elementor-element elementor-element-5a0de5c\" data-id=\"5a0de5c\" data-element_type=\"column\" data-e-type=\"column\">\n\t\t\t<div class=\"elementor-widget-wrap elementor-element-populated\">\n\t\t\t\t\t\t<div class=\"elementor-element elementor-element-314e717 e-tabs-view-vertical elementor-layout-end elementor-widget elementor-widget-video-playlist\" data-id=\"314e717\" data-element_type=\"widget\" data-e-type=\"widget\" data-settings=\"{&quot;playlist_title&quot;:&quot;Playlist&quot;,&quot;tabs&quot;:[{&quot;title&quot;:&quot;Masina dozare creme&quot;,&quot;youtube_url&quot;:null,&quot;duration&quot;:&quot;0:16&quot;,&quot;thumbnail&quot;:{&quot;url&quot;:&quot;http:\\\/\\\/jpx.ro\\\/eurodac\\\/wp-content\\\/uploads\\\/2021\\\/03\\\/Masina-dozare.jpg&quot;,&quot;id&quot;:9654,&quot;size&quot;:&quot;&quot;},&quot;_id&quot;:&quot;adc2825&quot;,&quot;type&quot;:&quot;hosted&quot;,&quot;hosted_url&quot;:{&quot;url&quot;:&quot;http:\\\/\\\/jpx.ro\\\/eurodac\\\/wp-content\\\/uploads\\\/2023\\\/02\\\/Masina-dozare-creme.mp4&quot;,&quot;id&quot;:9609,&quot;size&quot;:&quot;&quot;},&quot;vimeo_url&quot;:null,&quot;is_external_url&quot;:&quot;&quot;,&quot;external_url&quot;:null,&quot;section_html_tag&quot;:null,&quot;video_html_tag&quot;:&quot;h4&quot;,&quot;inner_tab_is_content_visible&quot;:&quot;&quot;,&quot;inner_tab_content_1&quot;:null,&quot;inner_tab_content_2&quot;:null},{&quot;title&quot;:&quot;Masina pentru umplere recipiente tip eprubete&quot;,&quot;youtube_url&quot;:null,&quot;duration&quot;:&quot;0:16&quot;,&quot;thumbnail&quot;:{&quot;url&quot;:&quot;http:\\\/\\\/jpx.ro\\\/eurodac\\\/wp-content\\\/uploads\\\/2021\\\/03\\\/Umplere-eprubete.jpg&quot;,&quot;id&quot;:9653,&quot;size&quot;:&quot;&quot;},&quot;_id&quot;:&quot;c87c87a&quot;,&quot;type&quot;:&quot;hosted&quot;,&quot;hosted_url&quot;:{&quot;url&quot;:&quot;http:\\\/\\\/jpx.ro\\\/eurodac\\\/wp-content\\\/uploads\\\/2023\\\/02\\\/Masina-pentru-umplere-recipiente-tip-eprubete.mp4&quot;,&quot;id&quot;:9606,&quot;size&quot;:&quot;&quot;},&quot;vimeo_url&quot;:null,&quot;is_external_url&quot;:&quot;&quot;,&quot;external_url&quot;:null,&quot;section_html_tag&quot;:null,&quot;video_html_tag&quot;:&quot;h4&quot;,&quot;inner_tab_is_content_visible&quot;:&quot;&quot;,&quot;inner_tab_content_1&quot;:null,&quot;inner_tab_content_2&quot;:null},{&quot;_id&quot;:&quot;6c66d03&quot;,&quot;type&quot;:&quot;hosted&quot;,&quot;hosted_url&quot;:{&quot;url&quot;:&quot;http:\\\/\\\/jpx.ro\\\/eurodac\\\/wp-content\\\/uploads\\\/2023\\\/02\\\/Linie-dozare-picaturi-de-nascartonare.mp4&quot;,&quot;id&quot;:9605,&quot;size&quot;:&quot;&quot;},&quot;title&quot;:&quot;Linie dozare picaturi de nas si cartonare&quot;,&quot;thumbnail&quot;:{&quot;url&quot;:&quot;http:\\\/\\\/jpx.ro\\\/eurodac\\\/wp-content\\\/uploads\\\/2021\\\/03\\\/Dozare-picaturi-nas.jpg&quot;,&quot;id&quot;:9655,&quot;size&quot;:&quot;&quot;},&quot;youtube_url&quot;:null,&quot;vimeo_url&quot;:null,&quot;is_external_url&quot;:&quot;&quot;,&quot;external_url&quot;:null,&quot;section_html_tag&quot;:null,&quot;video_html_tag&quot;:&quot;h4&quot;,&quot;duration&quot;:&quot;&quot;,&quot;inner_tab_is_content_visible&quot;:&quot;&quot;,&quot;inner_tab_content_1&quot;:null,&quot;inner_tab_content_2&quot;:null},{&quot;_id&quot;:&quot;6918bd2&quot;,&quot;type&quot;:&quot;hosted&quot;,&quot;hosted_url&quot;:{&quot;url&quot;:&quot;http:\\\/\\\/jpx.ro\\\/eurodac\\\/wp-content\\\/uploads\\\/2021\\\/03\\\/Linie-pt-Dozare-Creme.mp4&quot;,&quot;id&quot;:9588,&quot;size&quot;:&quot;&quot;},&quot;title&quot;:&quot;Linie pt Dozare Creme&quot;,&quot;thumbnail&quot;:{&quot;url&quot;:&quot;http:\\\/\\\/jpx.ro\\\/eurodac\\\/wp-content\\\/uploads\\\/2021\\\/03\\\/Linie-dozare-creme.jpg&quot;,&quot;id&quot;:9656,&quot;size&quot;:&quot;&quot;},&quot;youtube_url&quot;:null,&quot;vimeo_url&quot;:null,&quot;is_external_url&quot;:&quot;&quot;,&quot;external_url&quot;:null,&quot;section_html_tag&quot;:null,&quot;video_html_tag&quot;:&quot;h4&quot;,&quot;duration&quot;:&quot;&quot;,&quot;inner_tab_is_content_visible&quot;:&quot;&quot;,&quot;inner_tab_content_1&quot;:null,&quot;inner_tab_content_2&quot;:null},{&quot;_id&quot;:&quot;e8a72e9&quot;,&quot;type&quot;:&quot;hosted&quot;,&quot;hosted_url&quot;:{&quot;url&quot;:&quot;http:\\\/\\\/jpx.ro\\\/eurodac\\\/wp-content\\\/uploads\\\/2021\\\/03\\\/Linie-dozare-50ml-lineara.mp4&quot;,&quot;id&quot;:9563,&quot;size&quot;:&quot;&quot;},&quot;title&quot;:&quot;Linie dozare 50ml lineara&quot;,&quot;thumbnail&quot;:{&quot;url&quot;:&quot;http:\\\/\\\/jpx.ro\\\/eurodac\\\/wp-content\\\/uploads\\\/2021\\\/03\\\/Dozare-lineara.jpg&quot;,&quot;id&quot;:9657,&quot;size&quot;:&quot;&quot;},&quot;youtube_url&quot;:null,&quot;vimeo_url&quot;:null,&quot;is_external_url&quot;:&quot;&quot;,&quot;external_url&quot;:null,&quot;section_html_tag&quot;:null,&quot;video_html_tag&quot;:&quot;h4&quot;,&quot;duration&quot;:&quot;&quot;,&quot;inner_tab_is_content_visible&quot;:&quot;&quot;,&quot;inner_tab_content_1&quot;:null,&quot;inner_tab_content_2&quot;:null},{&quot;_id&quot;:&quot;1d0c9e9&quot;,&quot;type&quot;:&quot;hosted&quot;,&quot;hosted_url&quot;:{&quot;url&quot;:&quot;http:\\\/\\\/jpx.ro\\\/eurodac\\\/wp-content\\\/uploads\\\/2023\\\/03\\\/Statie-De-Dozat-12-Capete-De-Dozare1.mp4&quot;,&quot;id&quot;:9693,&quot;size&quot;:&quot;&quot;},&quot;title&quot;:&quot;Statie De Dozat 12 Capete De Dozare&quot;,&quot;thumbnail&quot;:{&quot;url&quot;:&quot;http:\\\/\\\/jpx.ro\\\/eurodac\\\/wp-content\\\/uploads\\\/2021\\\/03\\\/Dozare-lineara.jpg&quot;,&quot;id&quot;:9657,&quot;size&quot;:&quot;&quot;},&quot;youtube_url&quot;:null,&quot;vimeo_url&quot;:null,&quot;is_external_url&quot;:&quot;&quot;,&quot;external_url&quot;:null,&quot;section_html_tag&quot;:null,&quot;video_html_tag&quot;:&quot;h4&quot;,&quot;duration&quot;:&quot;&quot;,&quot;inner_tab_is_content_visible&quot;:&quot;&quot;,&quot;inner_tab_content_1&quot;:null,&quot;inner_tab_content_2&quot;:null},{&quot;_id&quot;:&quot;b4f2f5a&quot;,&quot;type&quot;:&quot;hosted&quot;,&quot;hosted_url&quot;:{&quot;url&quot;:&quot;http:\\\/\\\/jpx.ro\\\/eurodac\\\/wp-content\\\/uploads\\\/2025\\\/06\\\/Echipament dozare mostre parfum 480p done.mp4&quot;,&quot;id&quot;:11140,&quot;size&quot;:&quot;&quot;},&quot;title&quot;:&quot;Echipament dozare mostre parfum&quot;,&quot;youtube_url&quot;:null,&quot;vimeo_url&quot;:null,&quot;is_external_url&quot;:&quot;&quot;,&quot;external_url&quot;:null,&quot;section_html_tag&quot;:null,&quot;video_html_tag&quot;:&quot;h4&quot;,&quot;duration&quot;:&quot;&quot;,&quot;thumbnail&quot;:{&quot;url&quot;:&quot;https:\\\/\\\/jpx.ro\\\/eurodac\\\/wp-content\\\/plugins\\\/elementor\\\/assets\\\/images\\\/placeholder.png&quot;,&quot;id&quot;:&quot;&quot;,&quot;size&quot;:&quot;&quot;},&quot;inner_tab_is_content_visible&quot;:&quot;&quot;,&quot;inner_tab_content_1&quot;:null,&quot;inner_tab_content_2&quot;:null}],&quot;inner_tab_title_1&quot;:&quot;Tab #1&quot;,&quot;inner_tab_title_2&quot;:&quot;Tab #2&quot;}\" data-widget_type=\"video-playlist.default\">\n\t\t\t\t<div class=\"elementor-widget-container\">\n\t\t\t\t\t\n\t\t<div class=\"e-tabs\" role=\"region\" aria-labelledby=\"e-playlist-314e717\">\n\t\t\t<div class=\"e-tabs-main-area\">\n\t\t\t\t<div class=\"e-tabs-wrapper\">\n\t\t\t\t\t<div class=\"e-tabs-header\">\n\t\t\t\t\t\t<h2 class=\"e-tabs-title\" id=\"e-playlist-314e717\">Playlist<\/h2>\n\t\t\t\t\t\t<div class=\"e-tabs-header-right-side\">\n\t\t\t\t\t\t\t\t\t\t\t\t\t\t\t<span class=\"e-tabs-videos-count\">7 Videos<\/span>\n\t\t\t\t\t\t\t\t\t\t\t\t\t\t<i aria-hidden=\"true\" class=\"e-tabs-toggle-videos-display-button rotate-down eicon-caret-down\"><\/i>\t\t\t\t\t\t<\/div>\n\t\t\t\t\t<\/div>\n\t\t\t\t\t<div class=\"e-tabs-items-wrapper\">\n\t\t\t\t\t\t<div class=\"e-tabs-items\" role=\"tablist\">\n\t\t\t\t\t\t\t\t\t\t\t\t\t\t\t\t\t\t\t\t\t\t\t\t<div id=\"e-tab-title-5171\" class=\"e-tab-title e-tab-desktop-title\" aria-selected=\"true\" data-tab=\"1\" role=\"tab\" tabindex=\"0\" aria-controls=\"e-tab-content-5171\">\n\t\t\t\t\t\t\t\t\t\t\t\t\t\t\t\t\t\t\t\t\t<div class=\"e-tab-thumbnail\">\n\t\t\t\t\t\t\t\t\t\t\t\t\t\t\t\t\t\t\t\t\t\t\t\t\t<img decoding=\"async\" src=\"https:\/\/jpx.ro\/eurodac\/wp-content\/uploads\/2021\/03\/Masina-dozare.jpg\" alt=\"Masina dozare creme\" loading=\"lazy\" \/>\n\t\t\t\t\t\t\t\t\t\t\t\t\t\t\t\t\t\t\t\t\t\t\t\t<span class=\"icon-play\"><i aria-hidden=\"true\" class=\"fas fa-play-circle\"><\/i><\/span>\n\t\t\t\t\t\t\t\t\t\t\t\t<span class=\"icon-watched\"><i aria-hidden=\"true\" class=\"fas fa-check-circle\"><\/i><\/span>\n\t\t\t\t\t\t\t\t\t\t\t<\/div>\n\t\t\t\t\t\t\t\t\t\t\t\t\t\t\t\t\t\t\t\t<h4 class=\"e-tab-title-text\">\n\t\t\t\t\t\t\t\t\t\t\t<button type=\"button\">Masina dozare creme<\/button>\n\t\t\t\t\t\t\t\t\t\t<\/h4>\n\t\t\t\t\t\t\t\t\t\t\t\t\t\t\t\t\t\t\t\t\t<span class=\"e-tab-duration\">0:16<\/span>\n\t\t\t\t\t\t\t\t\t\t\t\t\t\t\t\t\t\t\t<\/div>\n\t\t\t\t\t\t\t\t\t\t\t\t\t\t\t\t\t\t\t\t\t\t\t\t\t\t\t\t\t\t\t\t<div id=\"e-tab-title-5172\" class=\"e-tab-title e-tab-desktop-title\" aria-selected=\"false\" data-tab=\"2\" role=\"tab\" tabindex=\"-1\" aria-controls=\"e-tab-content-5172\">\n\t\t\t\t\t\t\t\t\t\t\t\t\t\t\t\t\t\t\t\t\t<div class=\"e-tab-thumbnail\">\n\t\t\t\t\t\t\t\t\t\t\t\t\t\t\t\t\t\t\t\t\t\t\t\t\t<img decoding=\"async\" src=\"https:\/\/jpx.ro\/eurodac\/wp-content\/uploads\/2021\/03\/Umplere-eprubete.jpg\" alt=\"Masina pentru umplere recipiente tip eprubete\" loading=\"lazy\" \/>\n\t\t\t\t\t\t\t\t\t\t\t\t\t\t\t\t\t\t\t\t\t\t\t\t<span class=\"icon-play\"><i aria-hidden=\"true\" class=\"fas fa-play-circle\"><\/i><\/span>\n\t\t\t\t\t\t\t\t\t\t\t\t<span class=\"icon-watched\"><i aria-hidden=\"true\" class=\"fas fa-check-circle\"><\/i><\/span>\n\t\t\t\t\t\t\t\t\t\t\t<\/div>\n\t\t\t\t\t\t\t\t\t\t\t\t\t\t\t\t\t\t\t\t<h4 class=\"e-tab-title-text\">\n\t\t\t\t\t\t\t\t\t\t\t<button type=\"button\">Masina pentru umplere recipiente tip eprubete<\/button>\n\t\t\t\t\t\t\t\t\t\t<\/h4>\n\t\t\t\t\t\t\t\t\t\t\t\t\t\t\t\t\t\t\t\t\t<span class=\"e-tab-duration\">0:16<\/span>\n\t\t\t\t\t\t\t\t\t\t\t\t\t\t\t\t\t\t\t<\/div>\n\t\t\t\t\t\t\t\t\t\t\t\t\t\t\t\t\t\t\t\t\t\t\t\t\t\t\t\t\t\t\t\t<div id=\"e-tab-title-5173\" class=\"e-tab-title e-tab-desktop-title\" aria-selected=\"false\" data-tab=\"3\" role=\"tab\" tabindex=\"-1\" aria-controls=\"e-tab-content-5173\">\n\t\t\t\t\t\t\t\t\t\t\t\t\t\t\t\t\t\t\t\t\t<div class=\"e-tab-thumbnail\">\n\t\t\t\t\t\t\t\t\t\t\t\t\t\t\t\t\t\t\t\t\t\t\t\t\t<img decoding=\"async\" src=\"https:\/\/jpx.ro\/eurodac\/wp-content\/uploads\/2021\/03\/Dozare-picaturi-nas.jpg\" alt=\"Linie dozare picaturi de nas si cartonare\" loading=\"lazy\" \/>\n\t\t\t\t\t\t\t\t\t\t\t\t\t\t\t\t\t\t\t\t\t\t\t\t<span class=\"icon-play\"><i aria-hidden=\"true\" class=\"fas fa-play-circle\"><\/i><\/span>\n\t\t\t\t\t\t\t\t\t\t\t\t<span class=\"icon-watched\"><i aria-hidden=\"true\" class=\"fas fa-check-circle\"><\/i><\/span>\n\t\t\t\t\t\t\t\t\t\t\t<\/div>\n\t\t\t\t\t\t\t\t\t\t\t\t\t\t\t\t\t\t\t\t<h4 class=\"e-tab-title-text\">\n\t\t\t\t\t\t\t\t\t\t\t<button type=\"button\">Linie dozare picaturi de nas si cartonare<\/button>\n\t\t\t\t\t\t\t\t\t\t<\/h4>\n\t\t\t\t\t\t\t\t\t\t\t\t\t\t\t\t\t\t\t<\/div>\n\t\t\t\t\t\t\t\t\t\t\t\t\t\t\t\t\t\t\t\t\t\t\t\t\t\t\t\t\t\t\t\t<div id=\"e-tab-title-5174\" class=\"e-tab-title e-tab-desktop-title\" aria-selected=\"false\" data-tab=\"4\" role=\"tab\" tabindex=\"-1\" aria-controls=\"e-tab-content-5174\">\n\t\t\t\t\t\t\t\t\t\t\t\t\t\t\t\t\t\t\t\t\t<div class=\"e-tab-thumbnail\">\n\t\t\t\t\t\t\t\t\t\t\t\t\t\t\t\t\t\t\t\t\t\t\t\t\t<img decoding=\"async\" src=\"https:\/\/jpx.ro\/eurodac\/wp-content\/uploads\/2021\/03\/Linie-dozare-creme.jpg\" alt=\"Linie pt Dozare Creme\" loading=\"lazy\" \/>\n\t\t\t\t\t\t\t\t\t\t\t\t\t\t\t\t\t\t\t\t\t\t\t\t<span class=\"icon-play\"><i aria-hidden=\"true\" class=\"fas fa-play-circle\"><\/i><\/span>\n\t\t\t\t\t\t\t\t\t\t\t\t<span class=\"icon-watched\"><i aria-hidden=\"true\" class=\"fas fa-check-circle\"><\/i><\/span>\n\t\t\t\t\t\t\t\t\t\t\t<\/div>\n\t\t\t\t\t\t\t\t\t\t\t\t\t\t\t\t\t\t\t\t<h4 class=\"e-tab-title-text\">\n\t\t\t\t\t\t\t\t\t\t\t<button type=\"button\">Linie pt Dozare Creme<\/button>\n\t\t\t\t\t\t\t\t\t\t<\/h4>\n\t\t\t\t\t\t\t\t\t\t\t\t\t\t\t\t\t\t\t<\/div>\n\t\t\t\t\t\t\t\t\t\t\t\t\t\t\t\t\t\t\t\t\t\t\t\t\t\t\t\t\t\t\t\t<div id=\"e-tab-title-5175\" class=\"e-tab-title e-tab-desktop-title\" aria-selected=\"false\" data-tab=\"5\" role=\"tab\" tabindex=\"-1\" aria-controls=\"e-tab-content-5175\">\n\t\t\t\t\t\t\t\t\t\t\t\t\t\t\t\t\t\t\t\t\t<div class=\"e-tab-thumbnail\">\n\t\t\t\t\t\t\t\t\t\t\t\t\t\t\t\t\t\t\t\t\t\t\t\t\t<img decoding=\"async\" src=\"https:\/\/jpx.ro\/eurodac\/wp-content\/uploads\/2021\/03\/Dozare-lineara.jpg\" alt=\"Linie dozare 50ml lineara\" loading=\"lazy\" \/>\n\t\t\t\t\t\t\t\t\t\t\t\t\t\t\t\t\t\t\t\t\t\t\t\t<span class=\"icon-play\"><i aria-hidden=\"true\" class=\"fas fa-play-circle\"><\/i><\/span>\n\t\t\t\t\t\t\t\t\t\t\t\t<span class=\"icon-watched\"><i aria-hidden=\"true\" class=\"fas fa-check-circle\"><\/i><\/span>\n\t\t\t\t\t\t\t\t\t\t\t<\/div>\n\t\t\t\t\t\t\t\t\t\t\t\t\t\t\t\t\t\t\t\t<h4 class=\"e-tab-title-text\">\n\t\t\t\t\t\t\t\t\t\t\t<button type=\"button\">Linie dozare 50ml lineara<\/button>\n\t\t\t\t\t\t\t\t\t\t<\/h4>\n\t\t\t\t\t\t\t\t\t\t\t\t\t\t\t\t\t\t\t<\/div>\n\t\t\t\t\t\t\t\t\t\t\t\t\t\t\t\t\t\t\t\t\t\t\t\t\t\t\t\t\t\t\t\t<div id=\"e-tab-title-5176\" class=\"e-tab-title e-tab-desktop-title\" aria-selected=\"false\" data-tab=\"6\" role=\"tab\" tabindex=\"-1\" aria-controls=\"e-tab-content-5176\">\n\t\t\t\t\t\t\t\t\t\t\t\t\t\t\t\t\t\t\t\t\t<div class=\"e-tab-thumbnail\">\n\t\t\t\t\t\t\t\t\t\t\t\t\t\t\t\t\t\t\t\t\t\t\t\t\t<img decoding=\"async\" src=\"https:\/\/jpx.ro\/eurodac\/wp-content\/uploads\/2021\/03\/Dozare-lineara.jpg\" alt=\"Statie De Dozat 12 Capete De Dozare\" loading=\"lazy\" \/>\n\t\t\t\t\t\t\t\t\t\t\t\t\t\t\t\t\t\t\t\t\t\t\t\t<span class=\"icon-play\"><i aria-hidden=\"true\" class=\"fas fa-play-circle\"><\/i><\/span>\n\t\t\t\t\t\t\t\t\t\t\t\t<span class=\"icon-watched\"><i aria-hidden=\"true\" class=\"fas fa-check-circle\"><\/i><\/span>\n\t\t\t\t\t\t\t\t\t\t\t<\/div>\n\t\t\t\t\t\t\t\t\t\t\t\t\t\t\t\t\t\t\t\t<h4 class=\"e-tab-title-text\">\n\t\t\t\t\t\t\t\t\t\t\t<button type=\"button\">Statie De Dozat 12 Capete De Dozare<\/button>\n\t\t\t\t\t\t\t\t\t\t<\/h4>\n\t\t\t\t\t\t\t\t\t\t\t\t\t\t\t\t\t\t\t<\/div>\n\t\t\t\t\t\t\t\t\t\t\t\t\t\t\t\t\t\t\t\t\t\t\t\t\t\t\t\t\t\t\t\t<div id=\"e-tab-title-5177\" class=\"e-tab-title e-tab-desktop-title\" aria-selected=\"false\" data-tab=\"7\" role=\"tab\" tabindex=\"-1\" aria-controls=\"e-tab-content-5177\">\n\t\t\t\t\t\t\t\t\t\t\t\t\t\t\t\t\t\t\t\t\t<div class=\"e-tab-thumbnail\">\n\t\t\t\t\t\t\t\t\t\t\t\t\t\t\t\t\t\t\t\t\t\t\t\t\t<img decoding=\"async\" src=\"https:\/\/jpx.ro\/eurodac\/wp-content\/plugins\/elementor\/assets\/images\/placeholder.png\" alt=\"Echipament dozare mostre parfum\" loading=\"lazy\" \/>\n\t\t\t\t\t\t\t\t\t\t\t\t\t\t\t\t\t\t\t\t\t\t\t\t<span class=\"icon-play\"><i aria-hidden=\"true\" class=\"fas fa-play-circle\"><\/i><\/span>\n\t\t\t\t\t\t\t\t\t\t\t\t<span class=\"icon-watched\"><i aria-hidden=\"true\" class=\"fas fa-check-circle\"><\/i><\/span>\n\t\t\t\t\t\t\t\t\t\t\t<\/div>\n\t\t\t\t\t\t\t\t\t\t\t\t\t\t\t\t\t\t\t\t<h4 class=\"e-tab-title-text\">\n\t\t\t\t\t\t\t\t\t\t\t<button type=\"button\">Echipament dozare mostre parfum<\/button>\n\t\t\t\t\t\t\t\t\t\t<\/h4>\n\t\t\t\t\t\t\t\t\t\t\t\t\t\t\t\t\t\t\t<\/div>\n\t\t\t\t\t\t\t\t\t\t\t\t\t\t\t\t\t\t\t\t\t<\/div>\n\t\t\t\t\t\t<div class=\"shadow shadow-top\" aria-hidden=\"true\"><\/div>\n\t\t\t\t\t\t<div class=\"shadow shadow-bottom\" aria-hidden=\"true\"><\/div>\n\t\t\t\t\t<\/div>\n\t\t\t\t<\/div>\n\n\t\t\t\t<div class=\"e-tabs-content-wrapper\" role=\"tablist\" aria-orientation=\"vertical\">\n\t\t\t\t\t\t\t\t\t\t\t<div id=\"e-tab-content-5171\" class=\"e-tab-content elementor-clearfix\" data-tab=\"1\" role=\"tabpanel\" aria-labelledby=\"e-tab-title-5171\" tabindex=\"0\" data-video-url=\"https:\/\/jpx.ro\/eurodac\/wp-content\/uploads\/2023\/02\/Masina-dozare-creme.mp4\" data-video-type=\"hosted\" data-video-title=\"Masina dozare creme\" data-video-duration=\"0:16\">\n\t\t\t\t\t\t\t<div><\/div>\n\t\t\t\t\t\t\t\t\t\t\t\t\t<\/div>\n\t\t\t\t\t\t\t\t\t\t\t<div id=\"e-tab-content-5172\" class=\"e-tab-content elementor-clearfix\" data-tab=\"2\" role=\"tabpanel\" aria-labelledby=\"e-tab-title-5172\" tabindex=\"0\" data-video-url=\"https:\/\/jpx.ro\/eurodac\/wp-content\/uploads\/2023\/02\/Masina-pentru-umplere-recipiente-tip-eprubete.mp4\" data-video-type=\"hosted\" data-video-title=\"Masina pentru umplere recipiente tip eprubete\" data-video-duration=\"0:16\" hidden=\"hidden\">\n\t\t\t\t\t\t\t<div><\/div>\n\t\t\t\t\t\t\t\t\t\t\t\t\t<\/div>\n\t\t\t\t\t\t\t\t\t\t\t<div id=\"e-tab-content-5173\" class=\"e-tab-content elementor-clearfix\" data-tab=\"3\" role=\"tabpanel\" aria-labelledby=\"e-tab-title-5173\" tabindex=\"0\" data-video-url=\"https:\/\/jpx.ro\/eurodac\/wp-content\/uploads\/2023\/02\/Linie-dozare-picaturi-de-nascartonare.mp4\" data-video-type=\"hosted\" data-video-title=\"Linie dozare picaturi de nas si cartonare\" data-video-duration=\"\" hidden=\"hidden\">\n\t\t\t\t\t\t\t<div><\/div>\n\t\t\t\t\t\t\t\t\t\t\t\t\t<\/div>\n\t\t\t\t\t\t\t\t\t\t\t<div id=\"e-tab-content-5174\" class=\"e-tab-content elementor-clearfix\" data-tab=\"4\" role=\"tabpanel\" aria-labelledby=\"e-tab-title-5174\" tabindex=\"0\" data-video-url=\"https:\/\/jpx.ro\/eurodac\/wp-content\/uploads\/2021\/03\/Linie-pt-Dozare-Creme.mp4\" data-video-type=\"hosted\" data-video-title=\"Linie pt Dozare Creme\" data-video-duration=\"\" hidden=\"hidden\">\n\t\t\t\t\t\t\t<div><\/div>\n\t\t\t\t\t\t\t\t\t\t\t\t\t<\/div>\n\t\t\t\t\t\t\t\t\t\t\t<div id=\"e-tab-content-5175\" class=\"e-tab-content elementor-clearfix\" data-tab=\"5\" role=\"tabpanel\" aria-labelledby=\"e-tab-title-5175\" tabindex=\"0\" data-video-url=\"https:\/\/jpx.ro\/eurodac\/wp-content\/uploads\/2021\/03\/Linie-dozare-50ml-lineara.mp4\" data-video-type=\"hosted\" data-video-title=\"Linie dozare 50ml lineara\" data-video-duration=\"\" hidden=\"hidden\">\n\t\t\t\t\t\t\t<div><\/div>\n\t\t\t\t\t\t\t\t\t\t\t\t\t<\/div>\n\t\t\t\t\t\t\t\t\t\t\t<div id=\"e-tab-content-5176\" class=\"e-tab-content elementor-clearfix\" data-tab=\"6\" role=\"tabpanel\" aria-labelledby=\"e-tab-title-5176\" tabindex=\"0\" data-video-url=\"https:\/\/jpx.ro\/eurodac\/wp-content\/uploads\/2023\/03\/Statie-De-Dozat-12-Capete-De-Dozare1.mp4\" data-video-type=\"hosted\" data-video-title=\"Statie De Dozat 12 Capete De Dozare\" data-video-duration=\"\" hidden=\"hidden\">\n\t\t\t\t\t\t\t<div><\/div>\n\t\t\t\t\t\t\t\t\t\t\t\t\t<\/div>\n\t\t\t\t\t\t\t\t\t\t\t<div id=\"e-tab-content-5177\" class=\"e-tab-content elementor-clearfix\" data-tab=\"7\" role=\"tabpanel\" aria-labelledby=\"e-tab-title-5177\" tabindex=\"0\" data-video-url=\"https:\/\/jpx.ro\/eurodac\/wp-content\/uploads\/2025\/06\/Echipament dozare mostre parfum 480p done.mp4\" data-video-type=\"hosted\" data-video-title=\"Echipament dozare mostre parfum\" data-video-duration=\"\" hidden=\"hidden\">\n\t\t\t\t\t\t\t<div><\/div>\n\t\t\t\t\t\t\t\t\t\t\t\t\t<\/div>\n\t\t\t\t\t\t\t\t\t<\/div>\n\t\t\t<\/div>\n\n\t\t\t<div class=\"e-tabs-inner-tabs\" >\n\t\t\t\t\t\t\t\t\t\t\t\t\t\t\t\t\t\t\t\t\t\t\t\t\t\t\t\t\t\t\t\t\t\t\t\t\t\t\t\t\t\t\t\t\t\t\t\t\t\t\t\t\t\t\t\t\t\t\t\t\t\t\t\t\t\t\t\t\t\t<\/div>\n\t\t<\/div>\n\t\t\t\t\t\t<\/div>\n\t\t\t\t<\/div>\n\t\t\t\t\t<\/div>\n\t\t<\/div>\n\t\t\t\t\t<\/div>\n\t\t<\/section>\n\t\t\t\t<\/div>\n\t\t","protected":false},"excerpt":{"rendered":"<p>Linia EDA-I-LPL500 este destinat\u0103 \u00eembutelierii de lichide plate \u00een volume mici cuprinse \u00eentre 5-500ml. Este o linie compact\u0103 alcatuit\u0103 din 3 sta\u021bii principale de lucru: dozare \u0219i umplere, c\u0103puire \u0219i etichetare.Se pot doza lichide cu v\u00e2scozit\u0103\u021bi diferite. Umplerea se realizeaz\u0103 cu 1, 2, 3 sau 4 valve de dozare \u00een func\u021bie de productivitatea dorit\u0103, folosindu-se de principiul volumetric de dozat pentru asigurarea preciziei.C\u0103puirea se realizeaz\u0103 cu ajutorul a dou\u0103 mandrine de pre\u00een\u0219urubare \u0219i \u00een\u0219urubare (op\u021bional se poate achizi\u021biona \u0219i sta\u021bie de aplicare picur\u0103tor \u00een cazul solu\u021biilor farmaceutice sau chimice)Etichetarea se realizeaz\u0103 cu etichet\u0103 autoadeziv\u0103 \u0219i se poate face de jur \u00eemprejur sau pe dou\u0103 fe\u021be, \u00een func\u021bie de aplica\u021bie. Pentru inscrip\u021bionare LOT \u0219i DAT\u0102 sistemul poate fi prev\u0103zut fie cu o imprimant\u0103 cu transfer termic direct pe etichet\u0103 sau cu o imprimant\u0103 inkjet.Echipamentul\u00a0 respect\u0103 normele europene privind protec\u021bia muncii \u0219i igiena. \u0218asiul este executat integral din otel inox pentru o buna igienizare \u0219i echiapmentul este prev\u0103zut cu protec\u021bii plexiglas. Toate piesele aflate \u00een mi\u0219care con\u021bin senzori \u0219i sisteme de siguran\u021b\u0103 asigur\u00e2nd protec\u021bia operatorilor. Op\u021bional se poate ad\u0103uga sta\u021bia de sp\u0103lare flacoane, sterilizare \u0219i sistem de acumulare a produsului finit, piese interschimbabile pentru func\u021bionarea pe diverse volume \u0219i masa rotativ\u0103 alimentare\/acumulare.<\/p>\n<p>&nbsp;<\/p>\n<p>Caracteristici tehnice:<\/p>\n<p>&#8211; Interval dozare [ml]: 25-500<\/p>\n<p>&#8211; Capete dozare [buc.]: 1-4<\/p>\n<p>&#8211; Acurate\u021be [%]: \u00b10.1<\/p>\n<p>&nbsp;<\/p>\n","protected":false},"featured_media":10763,"template":"","meta":[],"product_brand":[],"product_cat":[188,189,176,191,187],"product_tag":[],"class_list":{"0":"post-7059","1":"product","2":"type-product","3":"status-publish","4":"has-post-thumbnail","6":"product_cat-alimentara-bauturi","7":"product_cat-farmaceutica-cosmetica","8":"product_cat-imbuteliere-si-dozare","9":"product_cat-industria-chimica","10":"product_cat-industrii","12":"first","13":"instock","14":"shipping-taxable","15":"product-type-simple"},"brands":[],"_links":{"self":[{"href":"https:\/\/jpx.ro\/eurodac\/wp-json\/wp\/v2\/product\/7059","targetHints":{"allow":["GET"]}}],"collection":[{"href":"https:\/\/jpx.ro\/eurodac\/wp-json\/wp\/v2\/product"}],"about":[{"href":"https:\/\/jpx.ro\/eurodac\/wp-json\/wp\/v2\/types\/product"}],"version-history":[{"count":67,"href":"https:\/\/jpx.ro\/eurodac\/wp-json\/wp\/v2\/product\/7059\/revisions"}],"predecessor-version":[{"id":11152,"href":"https:\/\/jpx.ro\/eurodac\/wp-json\/wp\/v2\/product\/7059\/revisions\/11152"}],"wp:featuredmedia":[{"embeddable":true,"href":"https:\/\/jpx.ro\/eurodac\/wp-json\/wp\/v2\/media\/10763"}],"wp:attachment":[{"href":"https:\/\/jpx.ro\/eurodac\/wp-json\/wp\/v2\/media?parent=7059"}],"wp:term":[{"taxonomy":"product_brand","embeddable":true,"href":"https:\/\/jpx.ro\/eurodac\/wp-json\/wp\/v2\/product_brand?post=7059"},{"taxonomy":"product_cat","embeddable":true,"href":"https:\/\/jpx.ro\/eurodac\/wp-json\/wp\/v2\/product_cat?post=7059"},{"taxonomy":"product_tag","embeddable":true,"href":"https:\/\/jpx.ro\/eurodac\/wp-json\/wp\/v2\/product_tag?post=7059"}],"curies":[{"name":"wp","href":"https:\/\/api.w.org\/{rel}","templated":true}]}}