{"id":11258,"date":"2025-10-07T13:57:41","date_gmt":"2025-10-07T10:57:41","guid":{"rendered":"https:\/\/jpx.ro\/eurodac\/?post_type=product&#038;p=11258"},"modified":"2025-10-07T14:57:21","modified_gmt":"2025-10-07T11:57:21","slug":"masina-automata-de-dozat-in-punga-doypack-cu-dop","status":"publish","type":"product","link":"https:\/\/jpx.ro\/eurodac\/product\/masina-automata-de-dozat-in-punga-doypack-cu-dop\/","title":{"rendered":"Ma\u0219ina automat\u0103 de dozat \u00een punga doypack cu dop"},"content":{"rendered":"\t\t<div data-elementor-type=\"product-post\" data-elementor-id=\"11258\" class=\"elementor elementor-11258\" data-elementor-post-type=\"product\">\n\t\t\t\t\t\t<section class=\"elementor-section elementor-top-section elementor-element elementor-element-a7663cc elementor-section-boxed elementor-section-height-default elementor-section-height-default\" data-id=\"a7663cc\" data-element_type=\"section\" data-e-type=\"section\">\n\t\t\t\t\t\t<div class=\"elementor-container elementor-column-gap-default\">\n\t\t\t\t\t<div class=\"elementor-column elementor-col-100 elementor-top-column elementor-element elementor-element-a42685b\" data-id=\"a42685b\" data-element_type=\"column\" data-e-type=\"column\">\n\t\t\t<div class=\"elementor-widget-wrap\">\n\t\t\t\t\t\t\t<\/div>\n\t\t<\/div>\n\t\t\t\t\t<\/div>\n\t\t<\/section>\n\t\t\t\t<section class=\"elementor-section elementor-top-section elementor-element elementor-element-9f55c3b elementor-section-boxed elementor-section-height-default elementor-section-height-default\" data-id=\"9f55c3b\" data-element_type=\"section\" data-e-type=\"section\">\n\t\t\t\t\t\t<div class=\"elementor-container elementor-column-gap-default\">\n\t\t\t\t\t<div class=\"elementor-column elementor-col-100 elementor-top-column elementor-element elementor-element-4a17e36\" data-id=\"4a17e36\" data-element_type=\"column\" data-e-type=\"column\">\n\t\t\t<div class=\"elementor-widget-wrap elementor-element-populated\">\n\t\t\t\t\t\t<div class=\"elementor-element elementor-element-f4c8b28 e-tabs-view-vertical elementor-layout-end elementor-widget elementor-widget-video-playlist\" data-id=\"f4c8b28\" data-element_type=\"widget\" data-e-type=\"widget\" data-settings=\"{&quot;playlist_title&quot;:&quot;Playlist&quot;,&quot;tabs&quot;:[{&quot;_id&quot;:&quot;b7c18fc&quot;,&quot;type&quot;:&quot;hosted&quot;,&quot;hosted_url&quot;:{&quot;url&quot;:&quot;http:\\\/\\\/jpx.ro\\\/eurodac\\\/wp-content\\\/uploads\\\/2025\\\/10\\\/Untitled-video-Made-with-Clipchamp-45.mp4&quot;,&quot;id&quot;:11262,&quot;size&quot;:&quot;&quot;},&quot;title&quot;:&quot;Masina de dozat lichde in punga doypack cu dop&quot;,&quot;thumbnail&quot;:{&quot;url&quot;:&quot;http:\\\/\\\/jpx.ro\\\/eurodac\\\/wp-content\\\/uploads\\\/2021\\\/03\\\/PRTscr.jpg&quot;,&quot;id&quot;:9714,&quot;size&quot;:&quot;&quot;},&quot;youtube_url&quot;:null,&quot;vimeo_url&quot;:null,&quot;is_external_url&quot;:&quot;&quot;,&quot;external_url&quot;:null,&quot;section_html_tag&quot;:null,&quot;video_html_tag&quot;:&quot;h4&quot;,&quot;duration&quot;:&quot;&quot;,&quot;inner_tab_is_content_visible&quot;:&quot;&quot;,&quot;inner_tab_content_1&quot;:null,&quot;inner_tab_content_2&quot;:null}],&quot;inner_tab_title_1&quot;:&quot;Tab #1&quot;,&quot;inner_tab_title_2&quot;:&quot;Tab #2&quot;}\" data-widget_type=\"video-playlist.default\">\n\t\t\t\t<div class=\"elementor-widget-container\">\n\t\t\t\t\t\n\t\t<div class=\"e-tabs\" role=\"region\" aria-labelledby=\"e-playlist-f4c8b28\">\n\t\t\t<div class=\"e-tabs-main-area\">\n\t\t\t\t<div class=\"e-tabs-wrapper\">\n\t\t\t\t\t<div class=\"e-tabs-header\">\n\t\t\t\t\t\t<h2 class=\"e-tabs-title\" id=\"e-playlist-f4c8b28\">Playlist<\/h2>\n\t\t\t\t\t\t<div class=\"e-tabs-header-right-side\">\n\t\t\t\t\t\t\t\t\t\t\t\t\t\t\t<span class=\"e-tabs-videos-count\">1 Videos<\/span>\n\t\t\t\t\t\t\t\t\t\t\t\t\t\t<i aria-hidden=\"true\" class=\"e-tabs-toggle-videos-display-button rotate-down eicon-caret-down\"><\/i>\t\t\t\t\t\t<\/div>\n\t\t\t\t\t<\/div>\n\t\t\t\t\t<div class=\"e-tabs-items-wrapper\">\n\t\t\t\t\t\t<div class=\"e-tabs-items\" role=\"tablist\">\n\t\t\t\t\t\t\t\t\t\t\t\t\t\t\t\t\t\t\t\t\t\t\t\t<div id=\"e-tab-title-2561\" class=\"e-tab-title e-tab-desktop-title\" aria-selected=\"true\" data-tab=\"1\" role=\"tab\" tabindex=\"0\" aria-controls=\"e-tab-content-2561\">\n\t\t\t\t\t\t\t\t\t\t\t\t\t\t\t\t\t\t\t\t\t<div class=\"e-tab-thumbnail\">\n\t\t\t\t\t\t\t\t\t\t\t\t\t\t\t\t\t\t\t\t\t\t\t\t\t<img decoding=\"async\" src=\"https:\/\/jpx.ro\/eurodac\/wp-content\/uploads\/2021\/03\/PRTscr.jpg\" alt=\"Masina de dozat lichde in punga doypack cu dop\" loading=\"lazy\" \/>\n\t\t\t\t\t\t\t\t\t\t\t\t\t\t\t\t\t\t\t\t\t\t\t\t<span class=\"icon-play\"><i aria-hidden=\"true\" class=\"fas fa-play-circle\"><\/i><\/span>\n\t\t\t\t\t\t\t\t\t\t\t\t<span class=\"icon-watched\"><i aria-hidden=\"true\" class=\"fas fa-check-circle\"><\/i><\/span>\n\t\t\t\t\t\t\t\t\t\t\t<\/div>\n\t\t\t\t\t\t\t\t\t\t\t\t\t\t\t\t\t\t\t\t<h4 class=\"e-tab-title-text\">\n\t\t\t\t\t\t\t\t\t\t\t<button type=\"button\">Masina de dozat lichde in punga doypack cu dop<\/button>\n\t\t\t\t\t\t\t\t\t\t<\/h4>\n\t\t\t\t\t\t\t\t\t\t\t\t\t\t\t\t\t\t\t<\/div>\n\t\t\t\t\t\t\t\t\t\t\t\t\t\t\t\t\t\t\t\t\t<\/div>\n\t\t\t\t\t\t<div class=\"shadow shadow-top\" aria-hidden=\"true\"><\/div>\n\t\t\t\t\t\t<div class=\"shadow shadow-bottom\" aria-hidden=\"true\"><\/div>\n\t\t\t\t\t<\/div>\n\t\t\t\t<\/div>\n\n\t\t\t\t<div class=\"e-tabs-content-wrapper\" role=\"tablist\" aria-orientation=\"vertical\">\n\t\t\t\t\t\t\t\t\t\t\t<div id=\"e-tab-content-2561\" class=\"e-tab-content elementor-clearfix\" data-tab=\"1\" role=\"tabpanel\" aria-labelledby=\"e-tab-title-2561\" tabindex=\"0\" data-video-url=\"https:\/\/jpx.ro\/eurodac\/wp-content\/uploads\/2025\/10\/Untitled-video-Made-with-Clipchamp-45.mp4\" data-video-type=\"hosted\" data-video-title=\"Masina de dozat lichde in punga doypack cu dop\" data-video-duration=\"\">\n\t\t\t\t\t\t\t<div><\/div>\n\t\t\t\t\t\t\t\t\t\t\t\t\t<\/div>\n\t\t\t\t\t\t\t\t\t<\/div>\n\t\t\t<\/div>\n\n\t\t\t<div class=\"e-tabs-inner-tabs\" >\n\t\t\t\t\t\t\t\t\t\t\t\t\t\t\t\t<\/div>\n\t\t<\/div>\n\t\t\t\t\t\t<\/div>\n\t\t\t\t<\/div>\n\t\t\t\t\t<\/div>\n\t\t<\/div>\n\t\t\t\t\t<\/div>\n\t\t<\/section>\n\t\t\t\t<\/div>\n\t\t","protected":false},"excerpt":{"rendered":"<p><!--StartFragment --><\/p>\n<p>O ma\u0219in\u0103 automat\u0103 de umplere lichid la pungi doypack cu dop este un echipament industrial specializat, utilizat \u00een ambalarea lichidelor \u00een pungi flexibile prev\u0103zute cu dop (capac). Iat\u0103 o descriere detaliat\u0103 a func\u021bionalit\u0103\u021bii \u0219i caracteristicilor sale:<\/p>\n<p><strong>Func\u021bii principale<\/strong><\/p>\n<p>&#8211; Preluare automat\u0103 a pungii goale: Ma\u0219ina extrage punga doypack din magazie \u0219i o pozi\u021bioneaz\u0103 pentru umplere.<\/p>\n<p>&#8211; Deschidere \u0219i umplere: Punga este deschis\u0103 automat, iar lichidul este dozat cu precizie \u00een interior.<\/p>\n<p>&#8211; Inserare dop: Dopul este pozi\u021bionat \u0219i introdus \u00een zona de sudare a pungii.<\/p>\n<p>&#8211; Sudare \u0219i etan\u0219are: Dopul este sudat \u00een pung\u0103, asigur\u00e2nd o \u00eenchidere etan\u0219\u0103 \u0219i sigur\u0103.<\/p>\n<p>&#8211; Marcarea datei: Op\u021bional, se poate imprima data de produc\u021bie sau expirare pe ambalaj.<\/p>\n<p>&nbsp;<\/p>\n<p><strong>Specifica\u021bii tehnice<\/strong><\/p>\n<p>&#8211;\u00a0\u00a0\u00a0\u00a0\u00a0\u00a0\u00a0\u00a0\u00a0\u00a0 Capacitate de produc\u021bie\u00a0\u00a0\u00a0\u00a0\u00a0\u00a0\u00a0\u00a0 p\u00e2n\u0103 la 18 pungi\/minut<\/p>\n<p>&#8211;\u00a0\u00a0\u00a0\u00a0\u00a0\u00a0\u00a0\u00a0\u00a0\u00a0 Volum de umplere\u00a0\u00a0\u00a0\u00a0\u00a0 p\u00e2n\u0103 la 500 ml<\/p>\n<p>&#8211;\u00a0\u00a0\u00a0\u00a0\u00a0\u00a0\u00a0\u00a0\u00a0\u00a0 Dimensiuni pung\u0103\u00a0\u00a0\u00a0\u00a0\u00a0 L\u0103\u021bime: 100\u2013150 mm; Lungime: 130\u2013250 mm<\/p>\n<p>&#8211;\u00a0\u00a0\u00a0\u00a0\u00a0\u00a0\u00a0\u00a0\u00a0\u00a0 Alimentare electric\u0103\u00a0\u00a0 230V, 50Hz<\/p>\n<p>&#8211;\u00a0\u00a0\u00a0\u00a0\u00a0\u00a0\u00a0\u00a0\u00a0\u00a0 Putere instalat\u0103\u00a0\u00a0\u00a0\u00a0\u00a0\u00a0\u00a0\u00a0\u00a0 1,5 kW<\/p>\n<p>&#8211;\u00a0\u00a0\u00a0\u00a0\u00a0\u00a0\u00a0\u00a0\u00a0\u00a0 Consum aer comprimat\u00a0\u00a0\u00a0\u00a0\u00a0\u00a0\u00a0\u00a0\u00a0 650 l\/min la 0,6 MPa<\/p>\n<p>&#8211;\u00a0\u00a0\u00a0\u00a0\u00a0\u00a0\u00a0\u00a0\u00a0\u00a0 Dimensiuni echipament\u00a0\u00a0\u00a0\u00a0\u00a0\u00a0\u00a0\u00a0 1350 x 1400 x 1850 mm<\/p>\n<p>&#8211;\u00a0\u00a0\u00a0\u00a0\u00a0\u00a0\u00a0\u00a0\u00a0\u00a0 Greutate\u00a0\u00a0\u00a0\u00a0\u00a0\u00a0\u00a0\u00a0\u00a0 aprox. 450 kg<\/p>\n<p>&nbsp;<\/p>\n<p><strong>Tipuri de lichide compatibile<\/strong><\/p>\n<p>&#8211; Ap\u0103, sucuri, b\u0103uturi func\u021bionale<\/p>\n<p>&#8211; Detergen\u021bi, solu\u021bii de cur\u0103\u021bare<\/p>\n<p>&#8211; Uleiuri, sosuri, produse cosmetice<\/p>\n","protected":false},"featured_media":11261,"template":"","meta":[],"product_brand":[],"product_cat":[188,189,176,191,187],"product_tag":[],"class_list":{"0":"post-11258","1":"product","2":"type-product","3":"status-publish","4":"has-post-thumbnail","6":"product_cat-alimentara-bauturi","7":"product_cat-farmaceutica-cosmetica","8":"product_cat-imbuteliere-si-dozare","9":"product_cat-industria-chimica","10":"product_cat-industrii","12":"first","13":"instock","14":"shipping-taxable","15":"product-type-simple"},"brands":[],"_links":{"self":[{"href":"https:\/\/jpx.ro\/eurodac\/wp-json\/wp\/v2\/product\/11258","targetHints":{"allow":["GET"]}}],"collection":[{"href":"https:\/\/jpx.ro\/eurodac\/wp-json\/wp\/v2\/product"}],"about":[{"href":"https:\/\/jpx.ro\/eurodac\/wp-json\/wp\/v2\/types\/product"}],"version-history":[{"count":8,"href":"https:\/\/jpx.ro\/eurodac\/wp-json\/wp\/v2\/product\/11258\/revisions"}],"predecessor-version":[{"id":11270,"href":"https:\/\/jpx.ro\/eurodac\/wp-json\/wp\/v2\/product\/11258\/revisions\/11270"}],"wp:featuredmedia":[{"embeddable":true,"href":"https:\/\/jpx.ro\/eurodac\/wp-json\/wp\/v2\/media\/11261"}],"wp:attachment":[{"href":"https:\/\/jpx.ro\/eurodac\/wp-json\/wp\/v2\/media?parent=11258"}],"wp:term":[{"taxonomy":"product_brand","embeddable":true,"href":"https:\/\/jpx.ro\/eurodac\/wp-json\/wp\/v2\/product_brand?post=11258"},{"taxonomy":"product_cat","embeddable":true,"href":"https:\/\/jpx.ro\/eurodac\/wp-json\/wp\/v2\/product_cat?post=11258"},{"taxonomy":"product_tag","embeddable":true,"href":"https:\/\/jpx.ro\/eurodac\/wp-json\/wp\/v2\/product_tag?post=11258"}],"curies":[{"name":"wp","href":"https:\/\/api.w.org\/{rel}","templated":true}]}}