{"id":11083,"date":"2025-06-04T11:11:39","date_gmt":"2025-06-04T08:11:39","guid":{"rendered":"https:\/\/jpx.ro\/eurodac\/?post_type=product&#038;p=11083"},"modified":"2025-06-04T11:48:31","modified_gmt":"2025-06-04T08:48:31","slug":"sortator-optic","status":"publish","type":"product","link":"https:\/\/jpx.ro\/eurodac\/product\/sortator-optic\/","title":{"rendered":"Sortator optic"},"content":{"rendered":"\t\t<div data-elementor-type=\"product-post\" data-elementor-id=\"11083\" class=\"elementor elementor-11083\" data-elementor-post-type=\"product\">\n\t\t\t\t\t\t<section class=\"elementor-section elementor-top-section elementor-element elementor-element-7e0bb28 elementor-section-boxed elementor-section-height-default elementor-section-height-default\" data-id=\"7e0bb28\" data-element_type=\"section\" data-e-type=\"section\">\n\t\t\t\t\t\t<div class=\"elementor-container elementor-column-gap-default\">\n\t\t\t\t\t<div class=\"elementor-column elementor-col-100 elementor-top-column elementor-element elementor-element-d3a7437\" data-id=\"d3a7437\" data-element_type=\"column\" data-e-type=\"column\">\n\t\t\t<div class=\"elementor-widget-wrap elementor-element-populated\">\n\t\t\t\t\t\t<div class=\"elementor-element elementor-element-3060673 e-tabs-view-vertical elementor-layout-end elementor-widget elementor-widget-video-playlist\" data-id=\"3060673\" data-element_type=\"widget\" data-e-type=\"widget\" data-settings=\"{&quot;playlist_title&quot;:&quot;Playlist&quot;,&quot;tabs&quot;:[{&quot;title&quot;:&quot;Sortator optic&quot;,&quot;youtube_url&quot;:null,&quot;thumbnail&quot;:{&quot;url&quot;:&quot;http:\\\/\\\/jpx.ro\\\/eurodac\\\/wp-content\\\/uploads\\\/2021\\\/03\\\/PRTscr.jpg&quot;,&quot;id&quot;:9714,&quot;size&quot;:&quot;&quot;},&quot;_id&quot;:&quot;c9f0fa5&quot;,&quot;type&quot;:&quot;hosted&quot;,&quot;hosted_url&quot;:{&quot;url&quot;:&quot;http:\\\/\\\/jpx.ro\\\/eurodac\\\/wp-content\\\/uploads\\\/2025\\\/06\\\/Sortator optic.mp4&quot;,&quot;id&quot;:11093,&quot;size&quot;:&quot;&quot;},&quot;vimeo_url&quot;:null,&quot;is_external_url&quot;:&quot;&quot;,&quot;external_url&quot;:null,&quot;section_html_tag&quot;:null,&quot;video_html_tag&quot;:&quot;h4&quot;,&quot;duration&quot;:&quot;&quot;,&quot;inner_tab_is_content_visible&quot;:&quot;&quot;,&quot;inner_tab_content_1&quot;:null,&quot;inner_tab_content_2&quot;:null}],&quot;inner_tab_title_1&quot;:&quot;Tab #1&quot;,&quot;inner_tab_title_2&quot;:&quot;Tab #2&quot;}\" data-widget_type=\"video-playlist.default\">\n\t\t\t\t<div class=\"elementor-widget-container\">\n\t\t\t\t\t\n\t\t<div class=\"e-tabs\" role=\"region\" aria-labelledby=\"e-playlist-3060673\">\n\t\t\t<div class=\"e-tabs-main-area\">\n\t\t\t\t<div class=\"e-tabs-wrapper\">\n\t\t\t\t\t<div class=\"e-tabs-header\">\n\t\t\t\t\t\t<h2 class=\"e-tabs-title\" id=\"e-playlist-3060673\">Playlist<\/h2>\n\t\t\t\t\t\t<div class=\"e-tabs-header-right-side\">\n\t\t\t\t\t\t\t\t\t\t\t\t\t\t\t<span class=\"e-tabs-videos-count\">1 Videos<\/span>\n\t\t\t\t\t\t\t\t\t\t\t\t\t\t<i aria-hidden=\"true\" class=\"e-tabs-toggle-videos-display-button rotate-down eicon-caret-down\"><\/i>\t\t\t\t\t\t<\/div>\n\t\t\t\t\t<\/div>\n\t\t\t\t\t<div class=\"e-tabs-items-wrapper\">\n\t\t\t\t\t\t<div class=\"e-tabs-items\" role=\"tablist\">\n\t\t\t\t\t\t\t\t\t\t\t\t\t\t\t\t\t\t\t\t\t\t\t\t<div id=\"e-tab-title-5071\" class=\"e-tab-title e-tab-desktop-title\" aria-selected=\"true\" data-tab=\"1\" role=\"tab\" tabindex=\"0\" aria-controls=\"e-tab-content-5071\">\n\t\t\t\t\t\t\t\t\t\t\t\t\t\t\t\t\t\t\t\t\t<div class=\"e-tab-thumbnail\">\n\t\t\t\t\t\t\t\t\t\t\t\t\t\t\t\t\t\t\t\t\t\t\t\t\t<img decoding=\"async\" src=\"https:\/\/jpx.ro\/eurodac\/wp-content\/uploads\/2021\/03\/PRTscr.jpg\" alt=\"Sortator optic\" loading=\"lazy\" \/>\n\t\t\t\t\t\t\t\t\t\t\t\t\t\t\t\t\t\t\t\t\t\t\t\t<span class=\"icon-play\"><i aria-hidden=\"true\" class=\"fas fa-play-circle\"><\/i><\/span>\n\t\t\t\t\t\t\t\t\t\t\t\t<span class=\"icon-watched\"><i aria-hidden=\"true\" class=\"fas fa-check-circle\"><\/i><\/span>\n\t\t\t\t\t\t\t\t\t\t\t<\/div>\n\t\t\t\t\t\t\t\t\t\t\t\t\t\t\t\t\t\t\t\t<h4 class=\"e-tab-title-text\">\n\t\t\t\t\t\t\t\t\t\t\t<button type=\"button\">Sortator optic<\/button>\n\t\t\t\t\t\t\t\t\t\t<\/h4>\n\t\t\t\t\t\t\t\t\t\t\t\t\t\t\t\t\t\t\t<\/div>\n\t\t\t\t\t\t\t\t\t\t\t\t\t\t\t\t\t\t\t\t\t<\/div>\n\t\t\t\t\t\t<div class=\"shadow shadow-top\" aria-hidden=\"true\"><\/div>\n\t\t\t\t\t\t<div class=\"shadow shadow-bottom\" aria-hidden=\"true\"><\/div>\n\t\t\t\t\t<\/div>\n\t\t\t\t<\/div>\n\n\t\t\t\t<div class=\"e-tabs-content-wrapper\" role=\"tablist\" aria-orientation=\"vertical\">\n\t\t\t\t\t\t\t\t\t\t\t<div id=\"e-tab-content-5071\" class=\"e-tab-content elementor-clearfix\" data-tab=\"1\" role=\"tabpanel\" aria-labelledby=\"e-tab-title-5071\" tabindex=\"0\" data-video-url=\"https:\/\/jpx.ro\/eurodac\/wp-content\/uploads\/2025\/06\/Sortator optic.mp4\" data-video-type=\"hosted\" data-video-title=\"Sortator optic\" data-video-duration=\"\">\n\t\t\t\t\t\t\t<div><\/div>\n\t\t\t\t\t\t\t\t\t\t\t\t\t<\/div>\n\t\t\t\t\t\t\t\t\t<\/div>\n\t\t\t<\/div>\n\n\t\t\t<div class=\"e-tabs-inner-tabs\" >\n\t\t\t\t\t\t\t\t\t\t\t\t\t\t\t\t<\/div>\n\t\t<\/div>\n\t\t\t\t\t\t<\/div>\n\t\t\t\t<\/div>\n\t\t\t\t\t<\/div>\n\t\t<\/div>\n\t\t\t\t\t<\/div>\n\t\t<\/section>\n\t\t\t\t<\/div>\n\t\t","protected":false},"excerpt":{"rendered":"<p><!--StartFragment --><\/p>\n<p>Un sortator optic automat este un echipament avansat utilizat \u00een industria alimentar\u0103 \u0219i agricol\u0103 pentru separarea \u0219i clasificarea produselor pe baza caracteristicilor vizuale, cum ar fi culoarea, forma \u0219i textura. Acesta folose\u0219te tehnologii precum camere video de \u00eenalt\u0103 rezolu\u021bie, senzori laser \u0219i raze infraro\u0219ii pentru a identifica defectele \u0219i impurit\u0103\u021bile din produsele procesate.<\/p>\n<p>&nbsp;<\/p>\n<p>Sortatoarele optice utilizeaz\u0103 un sistem de scanare rapid\u0103 pentru a analiza fiecare produs \u00een timp real. Procesul include:<\/p>\n<p>&#8211; Captarea imaginii \u2013 Camerele RGB sau multispectrale detecteaz\u0103 varia\u021biile de culoare \u0219i form\u0103.<\/p>\n<p>&#8211; Analiza datelor \u2013 Software-ul integrat compar\u0103 imaginile cu parametrii prestabili\u021bi pentru a identifica defectele.<\/p>\n<p>&#8211; Eliminarea produselor neconforme \u2013 Ejectoare de aer sau mecanisme de separare \u00eendep\u0103rteaz\u0103 elementele care nu corespund standardelor de calitate.<\/p>\n<p>&nbsp;<\/p>\n<p>Avantaje principale<\/p>\n<p>&#8211; Precizie ridicat\u0103 \u2013 Detecteaz\u0103 \u0219i elimin\u0103 impurit\u0103\u021bile cu o acurate\u021be de milisecunde.<\/p>\n<p>&#8211; Eficien\u021b\u0103 crescut\u0103 \u2013 Permite procesarea rapid\u0103 a unor volume mari de produse.<\/p>\n<p>&#8211; Reducerea pierderilor \u2013 Optimizeaz\u0103 selec\u021bia, p\u0103str\u00e2nd c\u00e2t mai multe produse conforme.<\/p>\n<p>&#8211; Flexibilitate \u2013 Poate fi configurat pentru diverse tipuri de produse, de la cereale \u0219i semin\u021be la fructe \u0219i legume.<\/p>\n<p>Sortatoarele optice sunt esen\u021biale pentru men\u021binerea standardelor de calitate \u00een industria alimentar\u0103 \u0219i contribuie la cre\u0219terea eficien\u021bei proceselor de produc\u021bie.<\/p>\n<p><!--EndFragment --><\/p>\n","protected":false},"featured_media":11087,"template":"","meta":[],"product_brand":[],"product_cat":[183],"product_tag":[],"class_list":{"0":"post-11083","1":"product","2":"type-product","3":"status-publish","4":"has-post-thumbnail","6":"product_cat-procesare","8":"first","9":"instock","10":"shipping-taxable","11":"product-type-simple"},"brands":[],"_links":{"self":[{"href":"https:\/\/jpx.ro\/eurodac\/wp-json\/wp\/v2\/product\/11083","targetHints":{"allow":["GET"]}}],"collection":[{"href":"https:\/\/jpx.ro\/eurodac\/wp-json\/wp\/v2\/product"}],"about":[{"href":"https:\/\/jpx.ro\/eurodac\/wp-json\/wp\/v2\/types\/product"}],"version-history":[{"count":9,"href":"https:\/\/jpx.ro\/eurodac\/wp-json\/wp\/v2\/product\/11083\/revisions"}],"predecessor-version":[{"id":11098,"href":"https:\/\/jpx.ro\/eurodac\/wp-json\/wp\/v2\/product\/11083\/revisions\/11098"}],"wp:featuredmedia":[{"embeddable":true,"href":"https:\/\/jpx.ro\/eurodac\/wp-json\/wp\/v2\/media\/11087"}],"wp:attachment":[{"href":"https:\/\/jpx.ro\/eurodac\/wp-json\/wp\/v2\/media?parent=11083"}],"wp:term":[{"taxonomy":"product_brand","embeddable":true,"href":"https:\/\/jpx.ro\/eurodac\/wp-json\/wp\/v2\/product_brand?post=11083"},{"taxonomy":"product_cat","embeddable":true,"href":"https:\/\/jpx.ro\/eurodac\/wp-json\/wp\/v2\/product_cat?post=11083"},{"taxonomy":"product_tag","embeddable":true,"href":"https:\/\/jpx.ro\/eurodac\/wp-json\/wp\/v2\/product_tag?post=11083"}],"curies":[{"name":"wp","href":"https:\/\/api.w.org\/{rel}","templated":true}]}}