{"id":11073,"date":"2025-06-04T10:58:27","date_gmt":"2025-06-04T07:58:27","guid":{"rendered":"https:\/\/jpx.ro\/eurodac\/?post_type=product&#038;p=11073"},"modified":"2025-06-05T14:34:07","modified_gmt":"2025-06-05T11:34:07","slug":"masina-pentru-spalare-recipiente-hmpl-rbw-96-copy-2","status":"publish","type":"product","link":"https:\/\/jpx.ro\/eurodac\/product\/masina-pentru-spalare-recipiente-hmpl-rbw-96-copy-2\/","title":{"rendered":"Tocator legume\/fructe"},"content":{"rendered":"\t\t<div data-elementor-type=\"product-post\" data-elementor-id=\"11073\" class=\"elementor elementor-11073\" data-elementor-post-type=\"product\">\n\t\t\t\t\t\t<section class=\"elementor-section elementor-top-section elementor-element elementor-element-97f74b4 elementor-section-boxed elementor-section-height-default elementor-section-height-default\" data-id=\"97f74b4\" data-element_type=\"section\" data-e-type=\"section\">\n\t\t\t\t\t\t<div class=\"elementor-container elementor-column-gap-default\">\n\t\t\t\t\t<div class=\"elementor-column elementor-col-100 elementor-top-column elementor-element elementor-element-51cc1d9\" data-id=\"51cc1d9\" data-element_type=\"column\" data-e-type=\"column\">\n\t\t\t<div class=\"elementor-widget-wrap elementor-element-populated\">\n\t\t\t\t\t\t<div class=\"elementor-element elementor-element-dae6ce3 e-tabs-view-vertical elementor-layout-end elementor-widget elementor-widget-video-playlist\" data-id=\"dae6ce3\" data-element_type=\"widget\" data-e-type=\"widget\" data-settings=\"{&quot;playlist_title&quot;:&quot;Playlist&quot;,&quot;tabs&quot;:[{&quot;title&quot;:&quot;Tocator legume\\\/fructe&quot;,&quot;youtube_url&quot;:null,&quot;thumbnail&quot;:{&quot;url&quot;:&quot;http:\\\/\\\/jpx.ro\\\/eurodac\\\/wp-content\\\/uploads\\\/2021\\\/03\\\/PRTscr.jpg&quot;,&quot;id&quot;:9714,&quot;size&quot;:&quot;&quot;},&quot;_id&quot;:&quot;d69819a&quot;,&quot;type&quot;:&quot;hosted&quot;,&quot;hosted_url&quot;:{&quot;url&quot;:&quot;http:\\\/\\\/jpx.ro\\\/eurodac\\\/wp-content\\\/uploads\\\/2025\\\/06\\\/tocator legumefructe done 480p.mp4&quot;,&quot;id&quot;:11114,&quot;size&quot;:&quot;&quot;},&quot;vimeo_url&quot;:null,&quot;is_external_url&quot;:&quot;&quot;,&quot;external_url&quot;:null,&quot;section_html_tag&quot;:null,&quot;video_html_tag&quot;:&quot;h4&quot;,&quot;duration&quot;:&quot;&quot;,&quot;inner_tab_is_content_visible&quot;:&quot;&quot;,&quot;inner_tab_content_1&quot;:null,&quot;inner_tab_content_2&quot;:null}],&quot;inner_tab_title_1&quot;:&quot;Tab #1&quot;,&quot;inner_tab_title_2&quot;:&quot;Tab #2&quot;}\" data-widget_type=\"video-playlist.default\">\n\t\t\t\t<div class=\"elementor-widget-container\">\n\t\t\t\t\t\n\t\t<div class=\"e-tabs\" role=\"region\" aria-labelledby=\"e-playlist-dae6ce3\">\n\t\t\t<div class=\"e-tabs-main-area\">\n\t\t\t\t<div class=\"e-tabs-wrapper\">\n\t\t\t\t\t<div class=\"e-tabs-header\">\n\t\t\t\t\t\t<h2 class=\"e-tabs-title\" id=\"e-playlist-dae6ce3\">Playlist<\/h2>\n\t\t\t\t\t\t<div class=\"e-tabs-header-right-side\">\n\t\t\t\t\t\t\t\t\t\t\t\t\t\t\t<span class=\"e-tabs-videos-count\">1 Videos<\/span>\n\t\t\t\t\t\t\t\t\t\t\t\t\t\t<i aria-hidden=\"true\" class=\"e-tabs-toggle-videos-display-button rotate-down eicon-caret-down\"><\/i>\t\t\t\t\t\t<\/div>\n\t\t\t\t\t<\/div>\n\t\t\t\t\t<div class=\"e-tabs-items-wrapper\">\n\t\t\t\t\t\t<div class=\"e-tabs-items\" role=\"tablist\">\n\t\t\t\t\t\t\t\t\t\t\t\t\t\t\t\t\t\t\t\t\t\t\t\t<div id=\"e-tab-title-2291\" class=\"e-tab-title e-tab-desktop-title\" aria-selected=\"true\" data-tab=\"1\" role=\"tab\" tabindex=\"0\" aria-controls=\"e-tab-content-2291\">\n\t\t\t\t\t\t\t\t\t\t\t\t\t\t\t\t\t\t\t\t\t<div class=\"e-tab-thumbnail\">\n\t\t\t\t\t\t\t\t\t\t\t\t\t\t\t\t\t\t\t\t\t\t\t\t\t<img decoding=\"async\" src=\"https:\/\/jpx.ro\/eurodac\/wp-content\/uploads\/2021\/03\/PRTscr.jpg\" alt=\"Tocator legume\/fructe\" loading=\"lazy\" \/>\n\t\t\t\t\t\t\t\t\t\t\t\t\t\t\t\t\t\t\t\t\t\t\t\t<span class=\"icon-play\"><i aria-hidden=\"true\" class=\"fas fa-play-circle\"><\/i><\/span>\n\t\t\t\t\t\t\t\t\t\t\t\t<span class=\"icon-watched\"><i aria-hidden=\"true\" class=\"fas fa-check-circle\"><\/i><\/span>\n\t\t\t\t\t\t\t\t\t\t\t<\/div>\n\t\t\t\t\t\t\t\t\t\t\t\t\t\t\t\t\t\t\t\t<h4 class=\"e-tab-title-text\">\n\t\t\t\t\t\t\t\t\t\t\t<button type=\"button\">Tocator legume\/fructe<\/button>\n\t\t\t\t\t\t\t\t\t\t<\/h4>\n\t\t\t\t\t\t\t\t\t\t\t\t\t\t\t\t\t\t\t<\/div>\n\t\t\t\t\t\t\t\t\t\t\t\t\t\t\t\t\t\t\t\t\t<\/div>\n\t\t\t\t\t\t<div class=\"shadow shadow-top\" aria-hidden=\"true\"><\/div>\n\t\t\t\t\t\t<div class=\"shadow shadow-bottom\" aria-hidden=\"true\"><\/div>\n\t\t\t\t\t<\/div>\n\t\t\t\t<\/div>\n\n\t\t\t\t<div class=\"e-tabs-content-wrapper\" role=\"tablist\" aria-orientation=\"vertical\">\n\t\t\t\t\t\t\t\t\t\t\t<div id=\"e-tab-content-2291\" class=\"e-tab-content elementor-clearfix\" data-tab=\"1\" role=\"tabpanel\" aria-labelledby=\"e-tab-title-2291\" tabindex=\"0\" data-video-url=\"https:\/\/jpx.ro\/eurodac\/wp-content\/uploads\/2025\/06\/tocator legumefructe done 480p.mp4\" data-video-type=\"hosted\" data-video-title=\"Tocator legume\/fructe\" data-video-duration=\"\">\n\t\t\t\t\t\t\t<div><\/div>\n\t\t\t\t\t\t\t\t\t\t\t\t\t<\/div>\n\t\t\t\t\t\t\t\t\t<\/div>\n\t\t\t<\/div>\n\n\t\t\t<div class=\"e-tabs-inner-tabs\" >\n\t\t\t\t\t\t\t\t\t\t\t\t\t\t\t\t<\/div>\n\t\t<\/div>\n\t\t\t\t\t\t<\/div>\n\t\t\t\t<\/div>\n\t\t\t\t\t<\/div>\n\t\t<\/div>\n\t\t\t\t\t<\/div>\n\t\t<\/section>\n\t\t\t\t<\/div>\n\t\t","protected":false},"excerpt":{"rendered":"<p><!--StartFragment --><\/p>\n<p>Un toc\u0103tor automat de legume \u0219i fructe este un echipament conceput pentru a procesa rapid \u0219i eficient produsele alimentare, reduc\u00e2nd timpul necesar preg\u0103tirii ingredientelor. Acesta este utilizat at\u00e2t \u00een gospod\u0103rii, c\u00e2t \u0219i \u00een industria alimentar\u0103, restaurante \u0219i unit\u0103\u021bi de procesare.<\/p>\n<p>&nbsp;<\/p>\n<p>Toc\u0103toarele automate folosesc diverse mecanisme pentru a t\u0103ia, m\u0103run\u021bi \u0219i felia legumele \u0219i fructele:<\/p>\n<p>&#8211; Lame rotative din o\u021bel inoxidabil \u2013 Asigur\u0103 o t\u0103iere precis\u0103 \u0219i uniform\u0103.<\/p>\n<p>&#8211; Motor puternic \u2013 Permite procesarea rapid\u0103 a unor cantit\u0103\u021bi mari de produse.<\/p>\n<p>&#8211; Set\u0103ri ajustabile \u2013 Posibilitatea de a selecta grosimea \u0219i forma t\u0103ierii.<\/p>\n<p>&#8211; Sisteme de siguran\u021b\u0103 \u2013 Protejeaz\u0103 utilizatorul \u00eempotriva accidentelor.<\/p>\n<p>&nbsp;<\/p>\n<p>Avantaje principale<\/p>\n<p>&#8211; Eficien\u021b\u0103 crescut\u0103 \u2013 Reduce timpul de preg\u0103tire a ingredientelor.<\/p>\n<p>&#8211; Uniformitate \u2013 Asigur\u0103 t\u0103ierea precis\u0103 \u0219i constant\u0103 a produselor.<\/p>\n<p>&#8211; Versatilitate \u2013 Poate fi utilizat pentru diverse tipuri de legume \u0219i fructe.<\/p>\n<p>&#8211; Siguran\u021b\u0103 \u2013 Modelele moderne includ sisteme de protec\u021bie \u00eempotriva accidentelor.<\/p>\n<p>Aceste echipamente sunt ideale pentru buc\u0103t\u0103rii profesionale \u0219i unit\u0103\u021bi de procesare, oferind o solu\u021bie rapid\u0103 \u0219i eficient\u0103 pentru preg\u0103tirea ingredientelor.<\/p>\n<p><!--EndFragment --><\/p>\n","protected":false},"featured_media":11116,"template":"","meta":[],"product_brand":[],"product_cat":[183],"product_tag":[],"class_list":{"0":"post-11073","1":"product","2":"type-product","3":"status-publish","4":"has-post-thumbnail","6":"product_cat-procesare","8":"first","9":"instock","10":"shipping-taxable","11":"product-type-simple"},"brands":[],"_links":{"self":[{"href":"https:\/\/jpx.ro\/eurodac\/wp-json\/wp\/v2\/product\/11073","targetHints":{"allow":["GET"]}}],"collection":[{"href":"https:\/\/jpx.ro\/eurodac\/wp-json\/wp\/v2\/product"}],"about":[{"href":"https:\/\/jpx.ro\/eurodac\/wp-json\/wp\/v2\/types\/product"}],"version-history":[{"count":7,"href":"https:\/\/jpx.ro\/eurodac\/wp-json\/wp\/v2\/product\/11073\/revisions"}],"predecessor-version":[{"id":11120,"href":"https:\/\/jpx.ro\/eurodac\/wp-json\/wp\/v2\/product\/11073\/revisions\/11120"}],"wp:featuredmedia":[{"embeddable":true,"href":"https:\/\/jpx.ro\/eurodac\/wp-json\/wp\/v2\/media\/11116"}],"wp:attachment":[{"href":"https:\/\/jpx.ro\/eurodac\/wp-json\/wp\/v2\/media?parent=11073"}],"wp:term":[{"taxonomy":"product_brand","embeddable":true,"href":"https:\/\/jpx.ro\/eurodac\/wp-json\/wp\/v2\/product_brand?post=11073"},{"taxonomy":"product_cat","embeddable":true,"href":"https:\/\/jpx.ro\/eurodac\/wp-json\/wp\/v2\/product_cat?post=11073"},{"taxonomy":"product_tag","embeddable":true,"href":"https:\/\/jpx.ro\/eurodac\/wp-json\/wp\/v2\/product_tag?post=11073"}],"curies":[{"name":"wp","href":"https:\/\/api.w.org\/{rel}","templated":true}]}}