{"id":10239,"date":"2025-02-14T14:12:38","date_gmt":"2025-02-14T12:12:38","guid":{"rendered":"https:\/\/jpx.ro\/eurodac\/?post_type=product&#038;p=10239"},"modified":"2025-05-21T11:25:14","modified_gmt":"2025-05-21T08:25:14","slug":"masina-rotativa-de-ambalat-in-recipiente-preformate","status":"publish","type":"product","link":"https:\/\/jpx.ro\/eurodac\/product\/masina-rotativa-de-ambalat-in-recipiente-preformate\/","title":{"rendered":"Ma\u0219ina rotativ\u0103\/liniar\u0103 de ambalat \u00een recipiente preformate"},"content":{"rendered":"\t\t<div data-elementor-type=\"product-post\" data-elementor-id=\"10239\" class=\"elementor elementor-10239\" data-elementor-post-type=\"product\">\n\t\t\t\t\t\t<section class=\"elementor-section elementor-top-section elementor-element elementor-element-23c4898 elementor-section-boxed elementor-section-height-default elementor-section-height-default\" data-id=\"23c4898\" data-element_type=\"section\" data-e-type=\"section\">\n\t\t\t\t\t\t<div class=\"elementor-container elementor-column-gap-default\">\n\t\t\t\t\t<div class=\"elementor-column elementor-col-100 elementor-top-column elementor-element elementor-element-f66f290\" data-id=\"f66f290\" data-element_type=\"column\" data-e-type=\"column\">\n\t\t\t<div class=\"elementor-widget-wrap elementor-element-populated\">\n\t\t\t\t\t\t<div class=\"elementor-element elementor-element-3ffba5e e-tabs-view-vertical elementor-layout-end elementor-widget elementor-widget-video-playlist\" data-id=\"3ffba5e\" data-element_type=\"widget\" data-e-type=\"widget\" data-settings=\"{&quot;playlist_title&quot;:&quot;Playlist&quot;,&quot;tabs&quot;:[{&quot;_id&quot;:&quot;48b7984&quot;,&quot;type&quot;:&quot;hosted&quot;,&quot;hosted_url&quot;:{&quot;url&quot;:&quot;http:\\\/\\\/jpx.ro\\\/eurodac\\\/wp-content\\\/uploads\\\/2025\\\/02\\\/Ambalare-morcov-in-galetuse-preformate.mp4&quot;,&quot;id&quot;:10381,&quot;size&quot;:&quot;&quot;},&quot;title&quot;:&quot;Ambalare morcov in galetuse preformate&quot;,&quot;thumbnail&quot;:{&quot;url&quot;:&quot;http:\\\/\\\/jpx.ro\\\/eurodac\\\/wp-content\\\/uploads\\\/2021\\\/03\\\/PRTscr.jpg&quot;,&quot;id&quot;:9714,&quot;size&quot;:&quot;&quot;},&quot;youtube_url&quot;:null,&quot;vimeo_url&quot;:null,&quot;is_external_url&quot;:&quot;&quot;,&quot;external_url&quot;:null,&quot;section_html_tag&quot;:null,&quot;video_html_tag&quot;:&quot;h4&quot;,&quot;duration&quot;:&quot;&quot;,&quot;inner_tab_is_content_visible&quot;:&quot;&quot;,&quot;inner_tab_content_1&quot;:null,&quot;inner_tab_content_2&quot;:null},{&quot;_id&quot;:&quot;6810b80&quot;,&quot;type&quot;:&quot;hosted&quot;,&quot;hosted_url&quot;:{&quot;url&quot;:&quot;http:\\\/\\\/jpx.ro\\\/eurodac\\\/wp-content\\\/uploads\\\/2025\\\/02\\\/masina-rotativa-iaurt.mp4&quot;,&quot;id&quot;:10386,&quot;size&quot;:&quot;&quot;},&quot;title&quot;:&quot;Masina rotativa iaurt&quot;,&quot;thumbnail&quot;:{&quot;url&quot;:&quot;http:\\\/\\\/jpx.ro\\\/eurodac\\\/wp-content\\\/uploads\\\/2021\\\/03\\\/PRTscr.jpg&quot;,&quot;id&quot;:9714,&quot;size&quot;:&quot;&quot;},&quot;youtube_url&quot;:null,&quot;vimeo_url&quot;:null,&quot;is_external_url&quot;:&quot;&quot;,&quot;external_url&quot;:null,&quot;section_html_tag&quot;:null,&quot;video_html_tag&quot;:&quot;h4&quot;,&quot;duration&quot;:&quot;&quot;,&quot;inner_tab_is_content_visible&quot;:&quot;&quot;,&quot;inner_tab_content_1&quot;:null,&quot;inner_tab_content_2&quot;:null},{&quot;_id&quot;:&quot;cbde28a&quot;,&quot;type&quot;:&quot;hosted&quot;,&quot;hosted_url&quot;:{&quot;url&quot;:&quot;http:\\\/\\\/jpx.ro\\\/eurodac\\\/wp-content\\\/uploads\\\/2025\\\/02\\\/ambalare-tofu-servo-1.mp4&quot;,&quot;id&quot;:10391,&quot;size&quot;:&quot;&quot;},&quot;title&quot;:&quot;Ambalare tofu &quot;,&quot;thumbnail&quot;:{&quot;url&quot;:&quot;http:\\\/\\\/jpx.ro\\\/eurodac\\\/wp-content\\\/uploads\\\/2021\\\/03\\\/PRTscr.jpg&quot;,&quot;id&quot;:9714,&quot;size&quot;:&quot;&quot;},&quot;youtube_url&quot;:null,&quot;vimeo_url&quot;:null,&quot;is_external_url&quot;:&quot;&quot;,&quot;external_url&quot;:null,&quot;section_html_tag&quot;:null,&quot;video_html_tag&quot;:&quot;h4&quot;,&quot;duration&quot;:&quot;&quot;,&quot;inner_tab_is_content_visible&quot;:&quot;&quot;,&quot;inner_tab_content_1&quot;:null,&quot;inner_tab_content_2&quot;:null},{&quot;_id&quot;:&quot;f70d0d6&quot;,&quot;type&quot;:&quot;hosted&quot;,&quot;hosted_url&quot;:{&quot;url&quot;:&quot;http:\\\/\\\/jpx.ro\\\/eurodac\\\/wp-content\\\/uploads\\\/2025\\\/02\\\/ambalare-pate-vegetal-servo-3.mp4&quot;,&quot;id&quot;:10403,&quot;size&quot;:&quot;&quot;},&quot;title&quot;:&quot;Ambalare pate vegetal&quot;,&quot;thumbnail&quot;:{&quot;url&quot;:&quot;http:\\\/\\\/jpx.ro\\\/eurodac\\\/wp-content\\\/uploads\\\/2021\\\/03\\\/PRTscr.jpg&quot;,&quot;id&quot;:9714,&quot;size&quot;:&quot;&quot;},&quot;youtube_url&quot;:null,&quot;vimeo_url&quot;:null,&quot;is_external_url&quot;:&quot;&quot;,&quot;external_url&quot;:null,&quot;section_html_tag&quot;:null,&quot;video_html_tag&quot;:&quot;h4&quot;,&quot;duration&quot;:&quot;&quot;,&quot;inner_tab_is_content_visible&quot;:&quot;&quot;,&quot;inner_tab_content_1&quot;:null,&quot;inner_tab_content_2&quot;:null}],&quot;inner_tab_title_1&quot;:&quot;Tab #1&quot;,&quot;inner_tab_title_2&quot;:&quot;Tab #2&quot;}\" data-widget_type=\"video-playlist.default\">\n\t\t\t\t<div class=\"elementor-widget-container\">\n\t\t\t\t\t\n\t\t<div class=\"e-tabs\" role=\"region\" aria-labelledby=\"e-playlist-3ffba5e\">\n\t\t\t<div class=\"e-tabs-main-area\">\n\t\t\t\t<div class=\"e-tabs-wrapper\">\n\t\t\t\t\t<div class=\"e-tabs-header\">\n\t\t\t\t\t\t<h2 class=\"e-tabs-title\" id=\"e-playlist-3ffba5e\">Playlist<\/h2>\n\t\t\t\t\t\t<div class=\"e-tabs-header-right-side\">\n\t\t\t\t\t\t\t\t\t\t\t\t\t\t\t<span class=\"e-tabs-videos-count\">4 Videos<\/span>\n\t\t\t\t\t\t\t\t\t\t\t\t\t\t<i aria-hidden=\"true\" class=\"e-tabs-toggle-videos-display-button rotate-down eicon-caret-down\"><\/i>\t\t\t\t\t\t<\/div>\n\t\t\t\t\t<\/div>\n\t\t\t\t\t<div class=\"e-tabs-items-wrapper\">\n\t\t\t\t\t\t<div class=\"e-tabs-items\" role=\"tablist\">\n\t\t\t\t\t\t\t\t\t\t\t\t\t\t\t\t\t\t\t\t\t\t\t\t<div id=\"e-tab-title-6701\" class=\"e-tab-title e-tab-desktop-title\" aria-selected=\"true\" data-tab=\"1\" role=\"tab\" tabindex=\"0\" aria-controls=\"e-tab-content-6701\">\n\t\t\t\t\t\t\t\t\t\t\t\t\t\t\t\t\t\t\t\t\t<div class=\"e-tab-thumbnail\">\n\t\t\t\t\t\t\t\t\t\t\t\t\t\t\t\t\t\t\t\t\t\t\t\t\t<img decoding=\"async\" src=\"https:\/\/jpx.ro\/eurodac\/wp-content\/uploads\/2021\/03\/PRTscr.jpg\" alt=\"Ambalare morcov in galetuse preformate\" loading=\"lazy\" \/>\n\t\t\t\t\t\t\t\t\t\t\t\t\t\t\t\t\t\t\t\t\t\t\t\t<span class=\"icon-play\"><i aria-hidden=\"true\" class=\"fas fa-play-circle\"><\/i><\/span>\n\t\t\t\t\t\t\t\t\t\t\t\t<span class=\"icon-watched\"><i aria-hidden=\"true\" class=\"fas fa-check-circle\"><\/i><\/span>\n\t\t\t\t\t\t\t\t\t\t\t<\/div>\n\t\t\t\t\t\t\t\t\t\t\t\t\t\t\t\t\t\t\t\t<h4 class=\"e-tab-title-text\">\n\t\t\t\t\t\t\t\t\t\t\t<button type=\"button\">Ambalare morcov in galetuse preformate<\/button>\n\t\t\t\t\t\t\t\t\t\t<\/h4>\n\t\t\t\t\t\t\t\t\t\t\t\t\t\t\t\t\t\t\t<\/div>\n\t\t\t\t\t\t\t\t\t\t\t\t\t\t\t\t\t\t\t\t\t\t\t\t\t\t\t\t\t\t\t\t<div id=\"e-tab-title-6702\" class=\"e-tab-title e-tab-desktop-title\" aria-selected=\"false\" data-tab=\"2\" role=\"tab\" tabindex=\"-1\" aria-controls=\"e-tab-content-6702\">\n\t\t\t\t\t\t\t\t\t\t\t\t\t\t\t\t\t\t\t\t\t<div class=\"e-tab-thumbnail\">\n\t\t\t\t\t\t\t\t\t\t\t\t\t\t\t\t\t\t\t\t\t\t\t\t\t<img decoding=\"async\" src=\"https:\/\/jpx.ro\/eurodac\/wp-content\/uploads\/2021\/03\/PRTscr.jpg\" alt=\"Masina rotativa iaurt\" loading=\"lazy\" \/>\n\t\t\t\t\t\t\t\t\t\t\t\t\t\t\t\t\t\t\t\t\t\t\t\t<span class=\"icon-play\"><i aria-hidden=\"true\" class=\"fas fa-play-circle\"><\/i><\/span>\n\t\t\t\t\t\t\t\t\t\t\t\t<span class=\"icon-watched\"><i aria-hidden=\"true\" class=\"fas fa-check-circle\"><\/i><\/span>\n\t\t\t\t\t\t\t\t\t\t\t<\/div>\n\t\t\t\t\t\t\t\t\t\t\t\t\t\t\t\t\t\t\t\t<h4 class=\"e-tab-title-text\">\n\t\t\t\t\t\t\t\t\t\t\t<button type=\"button\">Masina rotativa iaurt<\/button>\n\t\t\t\t\t\t\t\t\t\t<\/h4>\n\t\t\t\t\t\t\t\t\t\t\t\t\t\t\t\t\t\t\t<\/div>\n\t\t\t\t\t\t\t\t\t\t\t\t\t\t\t\t\t\t\t\t\t\t\t\t\t\t\t\t\t\t\t\t<div id=\"e-tab-title-6703\" class=\"e-tab-title e-tab-desktop-title\" aria-selected=\"false\" data-tab=\"3\" role=\"tab\" tabindex=\"-1\" aria-controls=\"e-tab-content-6703\">\n\t\t\t\t\t\t\t\t\t\t\t\t\t\t\t\t\t\t\t\t\t<div class=\"e-tab-thumbnail\">\n\t\t\t\t\t\t\t\t\t\t\t\t\t\t\t\t\t\t\t\t\t\t\t\t\t<img decoding=\"async\" src=\"https:\/\/jpx.ro\/eurodac\/wp-content\/uploads\/2021\/03\/PRTscr.jpg\" alt=\"Ambalare tofu \" loading=\"lazy\" \/>\n\t\t\t\t\t\t\t\t\t\t\t\t\t\t\t\t\t\t\t\t\t\t\t\t<span class=\"icon-play\"><i aria-hidden=\"true\" class=\"fas fa-play-circle\"><\/i><\/span>\n\t\t\t\t\t\t\t\t\t\t\t\t<span class=\"icon-watched\"><i aria-hidden=\"true\" class=\"fas fa-check-circle\"><\/i><\/span>\n\t\t\t\t\t\t\t\t\t\t\t<\/div>\n\t\t\t\t\t\t\t\t\t\t\t\t\t\t\t\t\t\t\t\t<h4 class=\"e-tab-title-text\">\n\t\t\t\t\t\t\t\t\t\t\t<button type=\"button\">Ambalare tofu <\/button>\n\t\t\t\t\t\t\t\t\t\t<\/h4>\n\t\t\t\t\t\t\t\t\t\t\t\t\t\t\t\t\t\t\t<\/div>\n\t\t\t\t\t\t\t\t\t\t\t\t\t\t\t\t\t\t\t\t\t\t\t\t\t\t\t\t\t\t\t\t<div id=\"e-tab-title-6704\" class=\"e-tab-title e-tab-desktop-title\" aria-selected=\"false\" data-tab=\"4\" role=\"tab\" tabindex=\"-1\" aria-controls=\"e-tab-content-6704\">\n\t\t\t\t\t\t\t\t\t\t\t\t\t\t\t\t\t\t\t\t\t<div class=\"e-tab-thumbnail\">\n\t\t\t\t\t\t\t\t\t\t\t\t\t\t\t\t\t\t\t\t\t\t\t\t\t<img decoding=\"async\" src=\"https:\/\/jpx.ro\/eurodac\/wp-content\/uploads\/2021\/03\/PRTscr.jpg\" alt=\"Ambalare pate vegetal\" loading=\"lazy\" \/>\n\t\t\t\t\t\t\t\t\t\t\t\t\t\t\t\t\t\t\t\t\t\t\t\t<span class=\"icon-play\"><i aria-hidden=\"true\" class=\"fas fa-play-circle\"><\/i><\/span>\n\t\t\t\t\t\t\t\t\t\t\t\t<span class=\"icon-watched\"><i aria-hidden=\"true\" class=\"fas fa-check-circle\"><\/i><\/span>\n\t\t\t\t\t\t\t\t\t\t\t<\/div>\n\t\t\t\t\t\t\t\t\t\t\t\t\t\t\t\t\t\t\t\t<h4 class=\"e-tab-title-text\">\n\t\t\t\t\t\t\t\t\t\t\t<button type=\"button\">Ambalare pate vegetal<\/button>\n\t\t\t\t\t\t\t\t\t\t<\/h4>\n\t\t\t\t\t\t\t\t\t\t\t\t\t\t\t\t\t\t\t<\/div>\n\t\t\t\t\t\t\t\t\t\t\t\t\t\t\t\t\t\t\t\t\t<\/div>\n\t\t\t\t\t\t<div class=\"shadow shadow-top\" aria-hidden=\"true\"><\/div>\n\t\t\t\t\t\t<div class=\"shadow shadow-bottom\" aria-hidden=\"true\"><\/div>\n\t\t\t\t\t<\/div>\n\t\t\t\t<\/div>\n\n\t\t\t\t<div class=\"e-tabs-content-wrapper\" role=\"tablist\" aria-orientation=\"vertical\">\n\t\t\t\t\t\t\t\t\t\t\t<div id=\"e-tab-content-6701\" class=\"e-tab-content elementor-clearfix\" data-tab=\"1\" role=\"tabpanel\" aria-labelledby=\"e-tab-title-6701\" tabindex=\"0\" data-video-url=\"https:\/\/jpx.ro\/eurodac\/wp-content\/uploads\/2025\/02\/Ambalare-morcov-in-galetuse-preformate.mp4\" data-video-type=\"hosted\" data-video-title=\"Ambalare morcov in galetuse preformate\" data-video-duration=\"\">\n\t\t\t\t\t\t\t<div><\/div>\n\t\t\t\t\t\t\t\t\t\t\t\t\t<\/div>\n\t\t\t\t\t\t\t\t\t\t\t<div id=\"e-tab-content-6702\" class=\"e-tab-content elementor-clearfix\" data-tab=\"2\" role=\"tabpanel\" aria-labelledby=\"e-tab-title-6702\" tabindex=\"0\" data-video-url=\"https:\/\/jpx.ro\/eurodac\/wp-content\/uploads\/2025\/02\/masina-rotativa-iaurt.mp4\" data-video-type=\"hosted\" data-video-title=\"Masina rotativa iaurt\" data-video-duration=\"\" hidden=\"hidden\">\n\t\t\t\t\t\t\t<div><\/div>\n\t\t\t\t\t\t\t\t\t\t\t\t\t<\/div>\n\t\t\t\t\t\t\t\t\t\t\t<div id=\"e-tab-content-6703\" class=\"e-tab-content elementor-clearfix\" data-tab=\"3\" role=\"tabpanel\" aria-labelledby=\"e-tab-title-6703\" tabindex=\"0\" data-video-url=\"https:\/\/jpx.ro\/eurodac\/wp-content\/uploads\/2025\/02\/ambalare-tofu-servo-1.mp4\" data-video-type=\"hosted\" data-video-title=\"Ambalare tofu \" data-video-duration=\"\" hidden=\"hidden\">\n\t\t\t\t\t\t\t<div><\/div>\n\t\t\t\t\t\t\t\t\t\t\t\t\t<\/div>\n\t\t\t\t\t\t\t\t\t\t\t<div id=\"e-tab-content-6704\" class=\"e-tab-content elementor-clearfix\" data-tab=\"4\" role=\"tabpanel\" aria-labelledby=\"e-tab-title-6704\" tabindex=\"0\" data-video-url=\"https:\/\/jpx.ro\/eurodac\/wp-content\/uploads\/2025\/02\/ambalare-pate-vegetal-servo-3.mp4\" data-video-type=\"hosted\" data-video-title=\"Ambalare pate vegetal\" data-video-duration=\"\" hidden=\"hidden\">\n\t\t\t\t\t\t\t<div><\/div>\n\t\t\t\t\t\t\t\t\t\t\t\t\t<\/div>\n\t\t\t\t\t\t\t\t\t<\/div>\n\t\t\t<\/div>\n\n\t\t\t<div class=\"e-tabs-inner-tabs\" >\n\t\t\t\t\t\t\t\t\t\t\t\t\t\t\t\t\t\t\t\t\t\t\t\t\t\t\t\t\t\t\t\t\t\t\t\t\t\t\t\t\t\t\t<\/div>\n\t\t<\/div>\n\t\t\t\t\t\t<\/div>\n\t\t\t\t<\/div>\n\t\t\t\t\t<\/div>\n\t\t<\/div>\n\t\t\t\t\t<\/div>\n\t\t<\/section>\n\t\t\t\t<\/div>\n\t\t","protected":false},"excerpt":{"rendered":"<p>Ma\u0219inile rotative de ambalat \u00een recipiente preformate sunt solu\u021bii automatizate, eficiente \u0219i versatile, utilizate pentru ambalarea unei game largi de produse, \u00een industria alimentar\u0103 (lactate, procesare fructe \u0219i legume, miere etc), industria farmaceutic\u0103, cosmetic\u0103, etc. Aceste sisteme sunt proiectate pentru a optimiza procesele de ambalare, asigur\u00e2nd sigilare de \u00eenalt\u0103 calitate, productivitate crescut\u0103 \u0219i respectarea standardelor stricte de igien\u0103 \u0219i siguran\u021b\u0103. Sunt concepute pentru serii mici si mijlocii. Sunt flexibile din punct de vedere al dimensiunii si formei recipientului folosit.Func\u021bionarea ma\u0219inii rotative de ambalat \u00een recipiente preformate:<br \/>\nRecipiente preformate sunt \u00eenc\u0103rcate automat \u00eentr-o magazine de alimentare. Printr-un sistem de prindere sau un transportor mecanic, acestea sunt preluate \u0219i plasate \u00een cavit\u0103\u021bile de pe masa rotativ\u0103.Ma\u0219ina avanseaz\u0103 recipientele spre sta\u021bia de umplere. \u00cen func\u021bie de tipul produsului, dozarea se poate face cu: c\u00e2ntar, snec, pompe, benzi transportoare\/vibrante.\u00cen cazul foliei, o rol\u0103 de folie este alimentat\u0103 automat \u0219i pozi\u021bionat\u0103 peste deschiderea recipientului. Pentru recipiente cu capace preformate, acestea sunt preluate dintr-o magazie de alimentare \u0219i plasate pe recipiente.O matri\u021b\u0103 \u00eenc\u0103lzit\u0103 preseaz\u0103 folia de sigilare pe marginea recipientului, asigur\u00e2nd oasigur\u00e2nd o \u00eenchidere ermetic\u0103.Dup\u0103 sigilare \u0219i etichetare, recipientele sunt transferate automat pe un transportor pentru a fi colectate.<\/p>\n<p>&nbsp;<\/p>\n<p>Optionale:<\/p>\n<p>&#8211; Filtru de aer HEPA pentru mediu steril<\/p>\n<p>&#8211; Sistem CIP<\/p>\n<p>&#8211; Sistem de \u00eenchidere cu capac din plastic<\/p>\n<p>&#8211; Sta\u021bie suplimentar\u0103 de umplere<\/p>\n<p>&#8211; Op\u021biune de duz\u0103 pentru produse solide sau lichide<\/p>\n<p>&#8211; \u00cenc\u0103lzitor \u0219i mixer integrat \u00een hopper<\/p>\n<p>&#8211; Sistem de colectare a produselor la ie\u0219irea de pe banda transportoare<\/p>\n<p>&#8211; Pomp\u0103 de transfer pentru alimentarea unit\u0103\u021bii de umplere<\/p>\n<p>&#8211; Sistem de injectare cu gaz azot pentru atmosfer\u0103 controlat\u0103<\/p>\n<p>&#8211; Integrarea imprimantelor \u0219i etichetatoarelor.<\/p>\n<p>&#8211; Mentenanta preventiva sistem EuroDac AIE si monitorizare la distan\u021b\u0103.<\/p>\n<p>&nbsp;<\/p>\n<p>Caracteristici tehnice:<\/p>\n<p>&#8211; Material aplicabil: materiale termoplastice ca PS, PP, PET etc.<\/p>\n<p>&#8211; Volum de umplere: 10 \u2013 300 m<\/p>\n","protected":false},"featured_media":10240,"template":"","meta":[],"product_brand":[],"product_cat":[188,189,191,177,192],"product_tag":[196,226,199,197,198,195],"class_list":{"0":"post-10239","1":"product","2":"type-product","3":"status-publish","4":"has-post-thumbnail","6":"product_cat-alimentara-bauturi","7":"product_cat-farmaceutica-cosmetica","8":"product_cat-industria-chimica","9":"product_cat-masini-de-ambalat","10":"product_cat-materialelor-de-constructii","11":"product_tag-ambalare-verticala","12":"product_tag-echipament-ambalare-seminte-nuci","13":"product_tag-masina-ambalat-orez","14":"product_tag-masina-ambalat-prafoase","15":"product_tag-masina-ambalat-zahar","16":"product_tag-masina-de-ambalat","18":"first","19":"instock","20":"shipping-taxable","21":"product-type-simple"},"brands":[],"_links":{"self":[{"href":"https:\/\/jpx.ro\/eurodac\/wp-json\/wp\/v2\/product\/10239","targetHints":{"allow":["GET"]}}],"collection":[{"href":"https:\/\/jpx.ro\/eurodac\/wp-json\/wp\/v2\/product"}],"about":[{"href":"https:\/\/jpx.ro\/eurodac\/wp-json\/wp\/v2\/types\/product"}],"version-history":[{"count":20,"href":"https:\/\/jpx.ro\/eurodac\/wp-json\/wp\/v2\/product\/10239\/revisions"}],"predecessor-version":[{"id":10897,"href":"https:\/\/jpx.ro\/eurodac\/wp-json\/wp\/v2\/product\/10239\/revisions\/10897"}],"wp:featuredmedia":[{"embeddable":true,"href":"https:\/\/jpx.ro\/eurodac\/wp-json\/wp\/v2\/media\/10240"}],"wp:attachment":[{"href":"https:\/\/jpx.ro\/eurodac\/wp-json\/wp\/v2\/media?parent=10239"}],"wp:term":[{"taxonomy":"product_brand","embeddable":true,"href":"https:\/\/jpx.ro\/eurodac\/wp-json\/wp\/v2\/product_brand?post=10239"},{"taxonomy":"product_cat","embeddable":true,"href":"https:\/\/jpx.ro\/eurodac\/wp-json\/wp\/v2\/product_cat?post=10239"},{"taxonomy":"product_tag","embeddable":true,"href":"https:\/\/jpx.ro\/eurodac\/wp-json\/wp\/v2\/product_tag?post=10239"}],"curies":[{"name":"wp","href":"https:\/\/api.w.org\/{rel}","templated":true}]}}