{"id":10132,"date":"2025-02-10T16:50:19","date_gmt":"2025-02-10T14:50:19","guid":{"rendered":"https:\/\/jpx.ro\/eurodac\/?post_type=product&#038;p=10132"},"modified":"2025-07-16T15:25:09","modified_gmt":"2025-07-16T12:25:09","slug":"linia-de-ambalat-verticala-eda-420-copy","status":"publish","type":"product","link":"https:\/\/jpx.ro\/eurodac\/product\/linia-de-ambalat-verticala-eda-420-copy\/","title":{"rendered":"Linie de ambalat \u00een pungi preformate tip \u201cdoypack\u201d"},"content":{"rendered":"\t\t<div data-elementor-type=\"product-post\" data-elementor-id=\"10132\" class=\"elementor elementor-10132\" data-elementor-post-type=\"product\">\n\t\t\t\t\t\t<section class=\"elementor-section elementor-top-section elementor-element elementor-element-65aa1dc elementor-section-boxed elementor-section-height-default elementor-section-height-default\" data-id=\"65aa1dc\" data-element_type=\"section\" data-e-type=\"section\">\n\t\t\t\t\t\t<div class=\"elementor-container elementor-column-gap-default\">\n\t\t\t\t\t<div class=\"elementor-column elementor-col-100 elementor-top-column elementor-element elementor-element-c854e9a\" data-id=\"c854e9a\" data-element_type=\"column\" data-e-type=\"column\">\n\t\t\t<div class=\"elementor-widget-wrap elementor-element-populated\">\n\t\t\t\t\t\t<div class=\"elementor-element elementor-element-3596ee0 e-tabs-view-vertical elementor-layout-end elementor-widget elementor-widget-video-playlist\" data-id=\"3596ee0\" data-element_type=\"widget\" data-e-type=\"widget\" data-settings=\"{&quot;playlist_title&quot;:&quot;Playlist&quot;,&quot;tabs&quot;:[{&quot;_id&quot;:&quot;fa2d914&quot;,&quot;type&quot;:&quot;hosted&quot;,&quot;hosted_url&quot;:{&quot;url&quot;:&quot;http:\\\/\\\/jpx.ro\\\/eurodac\\\/wp-content\\\/uploads\\\/2025\\\/02\\\/Linie-ambalare-mancare-de-animale.mp4&quot;,&quot;id&quot;:10330,&quot;size&quot;:&quot;&quot;},&quot;title&quot;:&quot;Linie ambalare mancare de animale&quot;,&quot;thumbnail&quot;:{&quot;url&quot;:&quot;http:\\\/\\\/jpx.ro\\\/eurodac\\\/wp-content\\\/uploads\\\/2021\\\/03\\\/PRTscr.jpg&quot;,&quot;id&quot;:9714,&quot;size&quot;:&quot;&quot;},&quot;youtube_url&quot;:null,&quot;vimeo_url&quot;:null,&quot;is_external_url&quot;:&quot;&quot;,&quot;external_url&quot;:null,&quot;section_html_tag&quot;:null,&quot;video_html_tag&quot;:&quot;h4&quot;,&quot;duration&quot;:&quot;&quot;,&quot;inner_tab_is_content_visible&quot;:&quot;&quot;,&quot;inner_tab_content_1&quot;:null,&quot;inner_tab_content_2&quot;:null},{&quot;_id&quot;:&quot;77c5ae5&quot;,&quot;type&quot;:&quot;hosted&quot;,&quot;hosted_url&quot;:{&quot;url&quot;:&quot;http:\\\/\\\/jpx.ro\\\/eurodac\\\/wp-content\\\/uploads\\\/2025\\\/02\\\/Linie-de-ambalat-in-pungi-preformate.mp4&quot;,&quot;id&quot;:10331,&quot;size&quot;:&quot;&quot;},&quot;title&quot;:&quot;Linie de ambalat in pungi preformate&quot;,&quot;thumbnail&quot;:{&quot;url&quot;:&quot;http:\\\/\\\/jpx.ro\\\/eurodac\\\/wp-content\\\/uploads\\\/2021\\\/03\\\/PRTscr.jpg&quot;,&quot;id&quot;:9714,&quot;size&quot;:&quot;&quot;},&quot;youtube_url&quot;:null,&quot;vimeo_url&quot;:null,&quot;is_external_url&quot;:&quot;&quot;,&quot;external_url&quot;:null,&quot;section_html_tag&quot;:null,&quot;video_html_tag&quot;:&quot;h4&quot;,&quot;duration&quot;:&quot;&quot;,&quot;inner_tab_is_content_visible&quot;:&quot;&quot;,&quot;inner_tab_content_1&quot;:null,&quot;inner_tab_content_2&quot;:null},{&quot;_id&quot;:&quot;e118a24&quot;,&quot;type&quot;:&quot;hosted&quot;,&quot;hosted_url&quot;:{&quot;url&quot;:&quot;http:\\\/\\\/jpx.ro\\\/eurodac\\\/wp-content\\\/uploads\\\/2025\\\/02\\\/Untitled-video-Made-with-Clipchamp-42.mp4&quot;,&quot;id&quot;:11163,&quot;size&quot;:&quot;&quot;},&quot;title&quot;:&quot;Masina doypack eco&quot;,&quot;thumbnail&quot;:{&quot;url&quot;:&quot;http:\\\/\\\/jpx.ro\\\/eurodac\\\/wp-content\\\/uploads\\\/2021\\\/03\\\/PRTscr.jpg&quot;,&quot;id&quot;:9714,&quot;size&quot;:&quot;&quot;},&quot;youtube_url&quot;:null,&quot;vimeo_url&quot;:null,&quot;is_external_url&quot;:&quot;&quot;,&quot;external_url&quot;:null,&quot;section_html_tag&quot;:null,&quot;video_html_tag&quot;:&quot;h4&quot;,&quot;duration&quot;:&quot;&quot;,&quot;inner_tab_is_content_visible&quot;:&quot;&quot;,&quot;inner_tab_content_1&quot;:null,&quot;inner_tab_content_2&quot;:null}],&quot;inner_tab_title_1&quot;:&quot;Tab #1&quot;,&quot;inner_tab_title_2&quot;:&quot;Tab #2&quot;}\" data-widget_type=\"video-playlist.default\">\n\t\t\t\t<div class=\"elementor-widget-container\">\n\t\t\t\t\t\n\t\t<div class=\"e-tabs\" role=\"region\" aria-labelledby=\"e-playlist-3596ee0\">\n\t\t\t<div class=\"e-tabs-main-area\">\n\t\t\t\t<div class=\"e-tabs-wrapper\">\n\t\t\t\t\t<div class=\"e-tabs-header\">\n\t\t\t\t\t\t<h2 class=\"e-tabs-title\" id=\"e-playlist-3596ee0\">Playlist<\/h2>\n\t\t\t\t\t\t<div class=\"e-tabs-header-right-side\">\n\t\t\t\t\t\t\t\t\t\t\t\t\t\t\t<span class=\"e-tabs-videos-count\">3 Videos<\/span>\n\t\t\t\t\t\t\t\t\t\t\t\t\t\t<i aria-hidden=\"true\" class=\"e-tabs-toggle-videos-display-button rotate-down eicon-caret-down\"><\/i>\t\t\t\t\t\t<\/div>\n\t\t\t\t\t<\/div>\n\t\t\t\t\t<div class=\"e-tabs-items-wrapper\">\n\t\t\t\t\t\t<div class=\"e-tabs-items\" role=\"tablist\">\n\t\t\t\t\t\t\t\t\t\t\t\t\t\t\t\t\t\t\t\t\t\t\t\t<div id=\"e-tab-title-5611\" class=\"e-tab-title e-tab-desktop-title\" aria-selected=\"true\" data-tab=\"1\" role=\"tab\" tabindex=\"0\" aria-controls=\"e-tab-content-5611\">\n\t\t\t\t\t\t\t\t\t\t\t\t\t\t\t\t\t\t\t\t\t<div class=\"e-tab-thumbnail\">\n\t\t\t\t\t\t\t\t\t\t\t\t\t\t\t\t\t\t\t\t\t\t\t\t\t<img decoding=\"async\" src=\"https:\/\/jpx.ro\/eurodac\/wp-content\/uploads\/2021\/03\/PRTscr.jpg\" alt=\"Linie ambalare mancare de animale\" loading=\"lazy\" \/>\n\t\t\t\t\t\t\t\t\t\t\t\t\t\t\t\t\t\t\t\t\t\t\t\t<span class=\"icon-play\"><i aria-hidden=\"true\" class=\"fas fa-play-circle\"><\/i><\/span>\n\t\t\t\t\t\t\t\t\t\t\t\t<span class=\"icon-watched\"><i aria-hidden=\"true\" class=\"fas fa-check-circle\"><\/i><\/span>\n\t\t\t\t\t\t\t\t\t\t\t<\/div>\n\t\t\t\t\t\t\t\t\t\t\t\t\t\t\t\t\t\t\t\t<h4 class=\"e-tab-title-text\">\n\t\t\t\t\t\t\t\t\t\t\t<button type=\"button\">Linie ambalare mancare de animale<\/button>\n\t\t\t\t\t\t\t\t\t\t<\/h4>\n\t\t\t\t\t\t\t\t\t\t\t\t\t\t\t\t\t\t\t<\/div>\n\t\t\t\t\t\t\t\t\t\t\t\t\t\t\t\t\t\t\t\t\t\t\t\t\t\t\t\t\t\t\t\t<div id=\"e-tab-title-5612\" class=\"e-tab-title e-tab-desktop-title\" aria-selected=\"false\" data-tab=\"2\" role=\"tab\" tabindex=\"-1\" aria-controls=\"e-tab-content-5612\">\n\t\t\t\t\t\t\t\t\t\t\t\t\t\t\t\t\t\t\t\t\t<div class=\"e-tab-thumbnail\">\n\t\t\t\t\t\t\t\t\t\t\t\t\t\t\t\t\t\t\t\t\t\t\t\t\t<img decoding=\"async\" src=\"https:\/\/jpx.ro\/eurodac\/wp-content\/uploads\/2021\/03\/PRTscr.jpg\" alt=\"Linie de ambalat in pungi preformate\" loading=\"lazy\" \/>\n\t\t\t\t\t\t\t\t\t\t\t\t\t\t\t\t\t\t\t\t\t\t\t\t<span class=\"icon-play\"><i aria-hidden=\"true\" class=\"fas fa-play-circle\"><\/i><\/span>\n\t\t\t\t\t\t\t\t\t\t\t\t<span class=\"icon-watched\"><i aria-hidden=\"true\" class=\"fas fa-check-circle\"><\/i><\/span>\n\t\t\t\t\t\t\t\t\t\t\t<\/div>\n\t\t\t\t\t\t\t\t\t\t\t\t\t\t\t\t\t\t\t\t<h4 class=\"e-tab-title-text\">\n\t\t\t\t\t\t\t\t\t\t\t<button type=\"button\">Linie de ambalat in pungi preformate<\/button>\n\t\t\t\t\t\t\t\t\t\t<\/h4>\n\t\t\t\t\t\t\t\t\t\t\t\t\t\t\t\t\t\t\t<\/div>\n\t\t\t\t\t\t\t\t\t\t\t\t\t\t\t\t\t\t\t\t\t\t\t\t\t\t\t\t\t\t\t\t<div id=\"e-tab-title-5613\" class=\"e-tab-title e-tab-desktop-title\" aria-selected=\"false\" data-tab=\"3\" role=\"tab\" tabindex=\"-1\" aria-controls=\"e-tab-content-5613\">\n\t\t\t\t\t\t\t\t\t\t\t\t\t\t\t\t\t\t\t\t\t<div class=\"e-tab-thumbnail\">\n\t\t\t\t\t\t\t\t\t\t\t\t\t\t\t\t\t\t\t\t\t\t\t\t\t<img decoding=\"async\" src=\"https:\/\/jpx.ro\/eurodac\/wp-content\/uploads\/2021\/03\/PRTscr.jpg\" alt=\"Masina doypack eco\" loading=\"lazy\" \/>\n\t\t\t\t\t\t\t\t\t\t\t\t\t\t\t\t\t\t\t\t\t\t\t\t<span class=\"icon-play\"><i aria-hidden=\"true\" class=\"fas fa-play-circle\"><\/i><\/span>\n\t\t\t\t\t\t\t\t\t\t\t\t<span class=\"icon-watched\"><i aria-hidden=\"true\" class=\"fas fa-check-circle\"><\/i><\/span>\n\t\t\t\t\t\t\t\t\t\t\t<\/div>\n\t\t\t\t\t\t\t\t\t\t\t\t\t\t\t\t\t\t\t\t<h4 class=\"e-tab-title-text\">\n\t\t\t\t\t\t\t\t\t\t\t<button type=\"button\">Masina doypack eco<\/button>\n\t\t\t\t\t\t\t\t\t\t<\/h4>\n\t\t\t\t\t\t\t\t\t\t\t\t\t\t\t\t\t\t\t<\/div>\n\t\t\t\t\t\t\t\t\t\t\t\t\t\t\t\t\t\t\t\t\t<\/div>\n\t\t\t\t\t\t<div class=\"shadow shadow-top\" aria-hidden=\"true\"><\/div>\n\t\t\t\t\t\t<div class=\"shadow shadow-bottom\" aria-hidden=\"true\"><\/div>\n\t\t\t\t\t<\/div>\n\t\t\t\t<\/div>\n\n\t\t\t\t<div class=\"e-tabs-content-wrapper\" role=\"tablist\" aria-orientation=\"vertical\">\n\t\t\t\t\t\t\t\t\t\t\t<div id=\"e-tab-content-5611\" class=\"e-tab-content elementor-clearfix\" data-tab=\"1\" role=\"tabpanel\" aria-labelledby=\"e-tab-title-5611\" tabindex=\"0\" data-video-url=\"https:\/\/jpx.ro\/eurodac\/wp-content\/uploads\/2025\/02\/Linie-ambalare-mancare-de-animale.mp4\" data-video-type=\"hosted\" data-video-title=\"Linie ambalare mancare de animale\" data-video-duration=\"\">\n\t\t\t\t\t\t\t<div><\/div>\n\t\t\t\t\t\t\t\t\t\t\t\t\t<\/div>\n\t\t\t\t\t\t\t\t\t\t\t<div id=\"e-tab-content-5612\" class=\"e-tab-content elementor-clearfix\" data-tab=\"2\" role=\"tabpanel\" aria-labelledby=\"e-tab-title-5612\" tabindex=\"0\" data-video-url=\"https:\/\/jpx.ro\/eurodac\/wp-content\/uploads\/2025\/02\/Linie-de-ambalat-in-pungi-preformate.mp4\" data-video-type=\"hosted\" data-video-title=\"Linie de ambalat in pungi preformate\" data-video-duration=\"\" hidden=\"hidden\">\n\t\t\t\t\t\t\t<div><\/div>\n\t\t\t\t\t\t\t\t\t\t\t\t\t<\/div>\n\t\t\t\t\t\t\t\t\t\t\t<div id=\"e-tab-content-5613\" class=\"e-tab-content elementor-clearfix\" data-tab=\"3\" role=\"tabpanel\" aria-labelledby=\"e-tab-title-5613\" tabindex=\"0\" data-video-url=\"https:\/\/jpx.ro\/eurodac\/wp-content\/uploads\/2025\/02\/Untitled-video-Made-with-Clipchamp-42.mp4\" data-video-type=\"hosted\" data-video-title=\"Masina doypack eco\" data-video-duration=\"\" hidden=\"hidden\">\n\t\t\t\t\t\t\t<div><\/div>\n\t\t\t\t\t\t\t\t\t\t\t\t\t<\/div>\n\t\t\t\t\t\t\t\t\t<\/div>\n\t\t\t<\/div>\n\n\t\t\t<div class=\"e-tabs-inner-tabs\" >\n\t\t\t\t\t\t\t\t\t\t\t\t\t\t\t\t\t\t\t\t\t\t\t\t\t\t\t\t\t\t\t\t\t\t<\/div>\n\t\t<\/div>\n\t\t\t\t\t\t<\/div>\n\t\t\t\t<\/div>\n\t\t\t\t\t<\/div>\n\t\t<\/div>\n\t\t\t\t\t<\/div>\n\t\t<\/section>\n\t\t\t\t<\/div>\n\t\t","protected":false},"excerpt":{"rendered":"<p>Echipamentul de ambalat \u00een pungi preformate este proiectat pentru a automatiza procesul de ambalare a produselor \u00een pungi deja fabricate. Acest echipament este folosit \u00een general pentru serii mici \u0219i medii, pentru produse premium. Folose\u0219te punga tip \u201cdoypack\u201d pentru toate tipurile de produs (granulate, pr\u0103foase, lichide).Func\u021bionarea ma\u0219inii de ambalat \u00een pungi preformate:<br \/>\nPungile sunt alimentate \u00eentr-o magazie de pungi, automat sau manual, de c\u0103tre operator. Urm\u00e2nd ca de aici s\u0103 fie preluate de c\u0103tre un sistem cu vacum \u0219i o transfer\u0103 c\u0103tre clema mecanic\u0103 de pe masa rotativ\u0103 pentru a o transporta mai departe.Este folosit un system de ventuze cu vacum, ce ac\u021bioneaz\u0103 la partea superioar\u0103 \u0219i inferioar\u0103 a pungii. Dac\u0103 nu exist\u0103 nicio pung\u0103 de ambalare sau dac\u0103 deschiderea pungii nu se face corect, sta\u021bia urm\u0103toare nu va fi activat\u0103.\u00cen func\u021bie de tipul materialului de ambalare, sunt folosite sisteme de alimentare diferite (c\u00e2ntar, sistem volumetric, dozare cu \u0219nec, pompe etc) pentru a asigura livrarea automat\u0103 sau semiautomat\u0103 a produsului \u00een pungi.Gura pungii este sigilat\u0103 cu ajutorul unui set de bacuri termice. Tipul de etan\u0219are poate fi ales \u00een func\u021bie de cerin\u021be utilizatorului. Etan\u0219area este realizat\u0103 pentru a asigura o sigilare stabil\u0103 \u0219i pentru a preveni orice posibilitate de scurgeri sau deteriorare a produsului.<\/p>\n<p>&nbsp;<\/p>\n<p>Optionale:<\/p>\n<p>&#8211; Deschidere\/\u00eenchidere fermoar (zip) pentru ambalaje resigilabile.<\/p>\n<p>&#8211; Codificare dat\u0103 \u0219i lot, integrat\u0103.<\/p>\n<p>&#8211; Sistem vibrator pentru distribu\u021bie uniform\u0103.<\/p>\n<p>&#8211; Introducere gaz inert.<\/p>\n<p>&#8211; Mentenan\u021ba preventiv\u0103 sistem EuroDac AIE \u0219i monitorizare de la distan\u021b\u0103.<\/p>\n<p>&nbsp;<\/p>\n<p>Caracteristici tehnice:<\/p>\n<p>&#8211; Volum de umplere: 5 &#8211; 3500 g<\/p>\n<p>&#8211; L\u0103\u021bime pung\u0103: 55 \u2013 400 mm<\/p>\n<p>&#8211; Lungime pung\u0103: \u2264 650 mm<\/p>\n","protected":false},"featured_media":10228,"template":"","meta":[],"product_brand":[],"product_cat":[188,189,191,177,192],"product_tag":[196,226,199,197,198,195],"class_list":{"0":"post-10132","1":"product","2":"type-product","3":"status-publish","4":"has-post-thumbnail","6":"product_cat-alimentara-bauturi","7":"product_cat-farmaceutica-cosmetica","8":"product_cat-industria-chimica","9":"product_cat-masini-de-ambalat","10":"product_cat-materialelor-de-constructii","11":"product_tag-ambalare-verticala","12":"product_tag-echipament-ambalare-seminte-nuci","13":"product_tag-masina-ambalat-orez","14":"product_tag-masina-ambalat-prafoase","15":"product_tag-masina-ambalat-zahar","16":"product_tag-masina-de-ambalat","18":"first","19":"instock","20":"shipping-taxable","21":"product-type-simple"},"brands":[],"_links":{"self":[{"href":"https:\/\/jpx.ro\/eurodac\/wp-json\/wp\/v2\/product\/10132","targetHints":{"allow":["GET"]}}],"collection":[{"href":"https:\/\/jpx.ro\/eurodac\/wp-json\/wp\/v2\/product"}],"about":[{"href":"https:\/\/jpx.ro\/eurodac\/wp-json\/wp\/v2\/types\/product"}],"version-history":[{"count":17,"href":"https:\/\/jpx.ro\/eurodac\/wp-json\/wp\/v2\/product\/10132\/revisions"}],"predecessor-version":[{"id":11167,"href":"https:\/\/jpx.ro\/eurodac\/wp-json\/wp\/v2\/product\/10132\/revisions\/11167"}],"wp:featuredmedia":[{"embeddable":true,"href":"https:\/\/jpx.ro\/eurodac\/wp-json\/wp\/v2\/media\/10228"}],"wp:attachment":[{"href":"https:\/\/jpx.ro\/eurodac\/wp-json\/wp\/v2\/media?parent=10132"}],"wp:term":[{"taxonomy":"product_brand","embeddable":true,"href":"https:\/\/jpx.ro\/eurodac\/wp-json\/wp\/v2\/product_brand?post=10132"},{"taxonomy":"product_cat","embeddable":true,"href":"https:\/\/jpx.ro\/eurodac\/wp-json\/wp\/v2\/product_cat?post=10132"},{"taxonomy":"product_tag","embeddable":true,"href":"https:\/\/jpx.ro\/eurodac\/wp-json\/wp\/v2\/product_tag?post=10132"}],"curies":[{"name":"wp","href":"https:\/\/api.w.org\/{rel}","templated":true}]}}