{"id":10015,"date":"2024-03-06T11:30:11","date_gmt":"2024-03-06T09:30:11","guid":{"rendered":"https:\/\/jpx.ro\/eurodac\/?post_type=product&#038;p=10015"},"modified":"2025-05-22T11:14:30","modified_gmt":"2025-05-22T08:14:30","slug":"echipament-pentru-infoliere-paleti-fp-6500","status":"publish","type":"product","link":"https:\/\/jpx.ro\/eurodac\/product\/echipament-pentru-infoliere-paleti-fp-6500\/","title":{"rendered":"Echipament pentru \u00eenfoliere pale\u021bi FP-6500"},"content":{"rendered":"\t\t<div data-elementor-type=\"product-post\" data-elementor-id=\"10015\" class=\"elementor elementor-10015\" data-elementor-post-type=\"product\">\n\t\t\t\t\t\t<section class=\"elementor-section elementor-top-section elementor-element elementor-element-70c7fad elementor-section-boxed elementor-section-height-default elementor-section-height-default\" data-id=\"70c7fad\" data-element_type=\"section\" data-e-type=\"section\">\n\t\t\t\t\t\t<div class=\"elementor-container elementor-column-gap-default\">\n\t\t\t\t\t<div class=\"elementor-column elementor-col-100 elementor-top-column elementor-element elementor-element-50fcc9c\" data-id=\"50fcc9c\" data-element_type=\"column\" data-e-type=\"column\">\n\t\t\t<div class=\"elementor-widget-wrap elementor-element-populated\">\n\t\t\t\t\t\t<div class=\"elementor-element elementor-element-6e5f0a9 elementor-widget elementor-widget-video\" data-id=\"6e5f0a9\" data-element_type=\"widget\" data-e-type=\"widget\" data-settings=\"{&quot;video_type&quot;:&quot;hosted&quot;,&quot;autoplay&quot;:&quot;yes&quot;,&quot;play_on_mobile&quot;:&quot;yes&quot;,&quot;mute&quot;:&quot;yes&quot;,&quot;loop&quot;:&quot;yes&quot;,&quot;controls&quot;:&quot;yes&quot;}\" data-widget_type=\"video.default\">\n\t\t\t\t<div class=\"elementor-widget-container\">\n\t\t\t\t\t\t\t<div class=\"e-hosted-video elementor-wrapper elementor-open-inline\">\n\t\t\t\t\t<video class=\"elementor-video\" src=\"https:\/\/jpx.ro\/eurodac\/wp-content\/uploads\/2024\/03\/FP6500.mp4\" autoplay=\"\" loop=\"\" controls=\"\" muted=\"muted\" playsinline=\"\" controlsList=\"nodownload\"><\/video>\n\t\t\t\t<\/div>\n\t\t\t\t\t\t<\/div>\n\t\t\t\t<\/div>\n\t\t\t\t\t<\/div>\n\t\t<\/div>\n\t\t\t\t\t<\/div>\n\t\t<\/section>\n\t\t\t\t<\/div>\n\t\t","protected":false},"excerpt":{"rendered":"<p>Echipamentul pentru infolierea paletilor FP 6500 este o solu\u021bie inovatoare ce integreaz\u0103 tehnologie avansat\u0103 pentru a simplifica \u0219i eficientiza procesul de ambalare. Echipamentul automat de \u00eenf\u0103\u0219urare cu bra\u021b rotativ este ideal pentru utilizarea \u00een medii industriale \u0219i comerciale unde este necesar\u0103 ambalarea rapid\u0103 \u0219i eficient\u0103 a \u00eenc\u0103rc\u0103turilor pe pale\u021bi. Contribuie semnificativ la cre\u0219terea eficien\u021bei opera\u021bionale \u0219i la reducerea costurilor de ambalare.Cu capacitatea sa de a controla automat tensiunea \u0219i de a ajusta ciclurile de ambalare \u00een func\u021bie de nevoile specifice ale \u00eenc\u0103rc\u0103turii, acest infoliator ofer\u0103 o infoliere uniform\u0103 \u0219i sigur\u0103 a pale\u021bilor.Designul ergonomic \u0219i func\u021bionalit\u0103\u021bile intuitive permit utilizarea u\u0219oar\u0103 \u0219i eficient\u0103, iar rezultatele sunt economii de timp \u0219i materiale, precum \u0219i o protec\u021bie sporit\u0103 a m\u0103rfurilor pe parcursul transportului \u0219i manipul\u0103rii<\/p>\n<p>&nbsp;<\/p>\n<p style=\"font-weight: 400;\">Op\u021bionale:<\/p>\n<p>&#8211; Ecran pentru setarea parametrilor \u0219i a ciclurilor<br \/>\n-Plase de protectie H=2000 cu usi laterale de acces<br \/>\n-Bariere de siguran\u021b\u0103 (MUTING) la intrarea \u0219i ie\u0219irea din bobinator<br \/>\n-Dispozitiv pneumatic pentru reducerea benzii de film cu sudare cu clapete<br \/>\n-Dispozitiv pneumatic de presare a pale\u021bilor<br \/>\n-CP670\/AV Pre\u00eentindere motorizat\u0103 a filmului cu raport variabil de la 100% la 300% (1 m = 4 m film pre\u00eentins)<br \/>\n-Inaltime speciala pana la paleti H=3000 mm<\/p>\n<p>&nbsp;<\/p>\n<p style=\"font-weight: 400;\">Caracteristici tehnice:<\/p>\n<p>&#8211; Viteza maxim\u0103 platform\u0103 rotativ\u0103 [R.P.M.]: 15<\/p>\n<p>&#8211; Dimensiuni maxime palet [Lxlxh mm]: 1200 x 1000 x 2200 \/opt 2700<\/p>\n<p>&#8211; Greutate maxim\u0103 palet [kg]: 2000<\/p>\n<p>&#8211; Productivitate [paleti\/ora]: 55-60<\/p>\n<p>&#8211; \u00cen\u0103l\u021bime maxim\u0103 rola folie [mm]: 500<\/p>\n<p>&#8211; Diametru maxim rola folie [mm]: 300<\/p>\n<p>&#8211; Detectare palet cu celule fotoelectrice<\/p>\n<p>&#8211; Tensiune [VAC]: 380<\/p>\n<p>&nbsp;<\/p>\n<p>&nbsp;<\/p>\n","protected":false},"featured_media":10019,"template":"","meta":[],"product_brand":[],"product_cat":[204],"product_tag":[],"class_list":{"0":"post-10015","1":"product","2":"type-product","3":"status-publish","4":"has-post-thumbnail","6":"product_cat-infoliere-si-legare-paleti","8":"first","9":"instock","10":"shipping-taxable","11":"product-type-simple"},"brands":[],"_links":{"self":[{"href":"https:\/\/jpx.ro\/eurodac\/wp-json\/wp\/v2\/product\/10015","targetHints":{"allow":["GET"]}}],"collection":[{"href":"https:\/\/jpx.ro\/eurodac\/wp-json\/wp\/v2\/product"}],"about":[{"href":"https:\/\/jpx.ro\/eurodac\/wp-json\/wp\/v2\/types\/product"}],"version-history":[{"count":7,"href":"https:\/\/jpx.ro\/eurodac\/wp-json\/wp\/v2\/product\/10015\/revisions"}],"predecessor-version":[{"id":10962,"href":"https:\/\/jpx.ro\/eurodac\/wp-json\/wp\/v2\/product\/10015\/revisions\/10962"}],"wp:featuredmedia":[{"embeddable":true,"href":"https:\/\/jpx.ro\/eurodac\/wp-json\/wp\/v2\/media\/10019"}],"wp:attachment":[{"href":"https:\/\/jpx.ro\/eurodac\/wp-json\/wp\/v2\/media?parent=10015"}],"wp:term":[{"taxonomy":"product_brand","embeddable":true,"href":"https:\/\/jpx.ro\/eurodac\/wp-json\/wp\/v2\/product_brand?post=10015"},{"taxonomy":"product_cat","embeddable":true,"href":"https:\/\/jpx.ro\/eurodac\/wp-json\/wp\/v2\/product_cat?post=10015"},{"taxonomy":"product_tag","embeddable":true,"href":"https:\/\/jpx.ro\/eurodac\/wp-json\/wp\/v2\/product_tag?post=10015"}],"curies":[{"name":"wp","href":"https:\/\/api.w.org\/{rel}","templated":true}]}}