{"id":9143,"date":"2021-07-05T09:53:28","date_gmt":"2021-07-05T09:53:28","guid":{"rendered":"https:\/\/acoperisuri-tigle-metalice.ro\/e\/?page_id=9143"},"modified":"2026-02-06T23:35:56","modified_gmt":"2026-02-06T21:35:56","slug":"studiu-de-caz-fiesta","status":"publish","type":"page","link":"https:\/\/jpx.ro\/eurodac\/studiu-de-caz-fiesta\/","title":{"rendered":"Studiu de caz Fiesta"},"content":{"rendered":"\t\t<div data-elementor-type=\"wp-post\" data-elementor-id=\"9143\" class=\"elementor elementor-9143\" data-elementor-post-type=\"page\">\n\t\t\t\t\t\t<section class=\"elementor-section elementor-top-section elementor-element elementor-element-5cab3ce elementor-section-boxed elementor-section-height-default elementor-section-height-default\" data-id=\"5cab3ce\" data-element_type=\"section\" data-e-type=\"section\">\n\t\t\t\t\t\t<div class=\"elementor-container elementor-column-gap-default\">\n\t\t\t\t\t<div class=\"elementor-column elementor-col-50 elementor-top-column elementor-element elementor-element-2542ad3\" data-id=\"2542ad3\" data-element_type=\"column\" data-e-type=\"column\">\n\t\t\t<div class=\"elementor-widget-wrap elementor-element-populated\">\n\t\t\t\t\t\t<div class=\"elementor-element elementor-element-274b514 elementor-widget elementor-widget-image\" data-id=\"274b514\" data-element_type=\"widget\" data-e-type=\"widget\" data-widget_type=\"image.default\">\n\t\t\t\t<div class=\"elementor-widget-container\">\n\t\t\t\t\t\t\t\t\t\t\t\t\t\t\t\t<a href=\"https:\/\/jpx.ro\/eurodac\/wp-content\/uploads\/2021\/07\/021120112544.jpg\" data-elementor-open-lightbox=\"yes\" data-elementor-lightbox-title=\"021120112544\" data-e-action-hash=\"#elementor-action%3Aaction%3Dlightbox%26settings%3DeyJpZCI6OTE2NywidXJsIjoiaHR0cHM6XC9cL2pweC5yb1wvZXVyb2RhY1wvd3AtY29udGVudFwvdXBsb2Fkc1wvMjAyMVwvMDdcLzAyMTEyMDExMjU0NC5qcGcifQ%3D%3D\">\n\t\t\t\t\t\t\t<img fetchpriority=\"high\" decoding=\"async\" width=\"800\" height=\"600\" src=\"https:\/\/jpx.ro\/eurodac\/wp-content\/uploads\/2021\/07\/021120112544.jpg\" class=\"attachment-large size-large wp-image-9167\" alt=\"\" srcset=\"https:\/\/jpx.ro\/eurodac\/wp-content\/uploads\/2021\/07\/021120112544.jpg 1024w, https:\/\/jpx.ro\/eurodac\/wp-content\/uploads\/2021\/07\/021120112544-600x450.jpg 600w, https:\/\/jpx.ro\/eurodac\/wp-content\/uploads\/2021\/07\/021120112544-300x225.jpg 300w, https:\/\/jpx.ro\/eurodac\/wp-content\/uploads\/2021\/07\/021120112544-768x576.jpg 768w, https:\/\/jpx.ro\/eurodac\/wp-content\/uploads\/2021\/07\/021120112544-285x214.jpg 285w, https:\/\/jpx.ro\/eurodac\/wp-content\/uploads\/2021\/07\/021120112544-660x495.jpg 660w, https:\/\/jpx.ro\/eurodac\/wp-content\/uploads\/2021\/07\/021120112544-150x113.jpg 150w\" sizes=\"(max-width: 800px) 100vw, 800px\" \/>\t\t\t\t\t\t\t\t<\/a>\n\t\t\t\t\t\t\t\t\t\t\t\t\t\t\t<\/div>\n\t\t\t\t<\/div>\n\t\t\t\t<div class=\"elementor-element elementor-element-ad8230f elementor-widget elementor-widget-image\" data-id=\"ad8230f\" data-element_type=\"widget\" data-e-type=\"widget\" data-widget_type=\"image.default\">\n\t\t\t\t<div class=\"elementor-widget-container\">\n\t\t\t\t\t\t\t\t\t\t\t\t\t\t\t\t<a href=\"https:\/\/jpx.ro\/eurodac\/wp-content\/uploads\/2021\/07\/021120112542.jpg\" data-elementor-open-lightbox=\"yes\" data-elementor-lightbox-title=\"021120112542\" data-e-action-hash=\"#elementor-action%3Aaction%3Dlightbox%26settings%3DeyJpZCI6OTE2OCwidXJsIjoiaHR0cHM6XC9cL2pweC5yb1wvZXVyb2RhY1wvd3AtY29udGVudFwvdXBsb2Fkc1wvMjAyMVwvMDdcLzAyMTEyMDExMjU0Mi5qcGcifQ%3D%3D\">\n\t\t\t\t\t\t\t<img decoding=\"async\" width=\"800\" height=\"600\" src=\"https:\/\/jpx.ro\/eurodac\/wp-content\/uploads\/2021\/07\/021120112542.jpg\" class=\"attachment-large size-large wp-image-9168\" alt=\"\" srcset=\"https:\/\/jpx.ro\/eurodac\/wp-content\/uploads\/2021\/07\/021120112542.jpg 1024w, https:\/\/jpx.ro\/eurodac\/wp-content\/uploads\/2021\/07\/021120112542-600x450.jpg 600w, https:\/\/jpx.ro\/eurodac\/wp-content\/uploads\/2021\/07\/021120112542-300x225.jpg 300w, https:\/\/jpx.ro\/eurodac\/wp-content\/uploads\/2021\/07\/021120112542-768x576.jpg 768w, https:\/\/jpx.ro\/eurodac\/wp-content\/uploads\/2021\/07\/021120112542-285x214.jpg 285w, https:\/\/jpx.ro\/eurodac\/wp-content\/uploads\/2021\/07\/021120112542-660x495.jpg 660w, https:\/\/jpx.ro\/eurodac\/wp-content\/uploads\/2021\/07\/021120112542-150x113.jpg 150w\" sizes=\"(max-width: 800px) 100vw, 800px\" \/>\t\t\t\t\t\t\t\t<\/a>\n\t\t\t\t\t\t\t\t\t\t\t\t\t\t\t<\/div>\n\t\t\t\t<\/div>\n\t\t\t\t<div class=\"elementor-element elementor-element-2dd90af elementor-widget elementor-widget-video\" data-id=\"2dd90af\" data-element_type=\"widget\" data-e-type=\"widget\" data-settings=\"{&quot;youtube_url&quot;:&quot;https:\\\/\\\/www.youtube.com\\\/watch?v=tROuu_qjoRg&quot;,&quot;video_type&quot;:&quot;youtube&quot;,&quot;controls&quot;:&quot;yes&quot;}\" data-widget_type=\"video.default\">\n\t\t\t\t<div class=\"elementor-widget-container\">\n\t\t\t\t\t\t\t<div class=\"elementor-wrapper elementor-open-inline\">\n\t\t\t<div class=\"elementor-video\"><\/div>\t\t<\/div>\n\t\t\t\t\t\t<\/div>\n\t\t\t\t<\/div>\n\t\t\t\t\t<\/div>\n\t\t<\/div>\n\t\t\t\t<div class=\"elementor-column elementor-col-50 elementor-top-column elementor-element elementor-element-7c4b132\" data-id=\"7c4b132\" data-element_type=\"column\" data-e-type=\"column\">\n\t\t\t<div class=\"elementor-widget-wrap elementor-element-populated\">\n\t\t\t\t\t\t<div class=\"elementor-element elementor-element-92182ef elementor-widget elementor-widget-heading\" data-id=\"92182ef\" data-element_type=\"widget\" data-e-type=\"widget\" data-widget_type=\"heading.default\">\n\t\t\t\t<div class=\"elementor-widget-container\">\n\t\t\t\t\t<h1 class=\"elementor-heading-title elementor-size-default\">Fiesta<\/h1>\t\t\t\t<\/div>\n\t\t\t\t<\/div>\n\t\t\t\t<div class=\"elementor-element elementor-element-fa774b6 elementor-widget elementor-widget-text-editor\" data-id=\"fa774b6\" data-element_type=\"widget\" data-e-type=\"widget\" data-widget_type=\"text-editor.default\">\n\t\t\t\t<div class=\"elementor-widget-container\">\n\t\t\t\t\t\t\t\t\t<p><strong>Echipament pentru s\u0103rare semin\u021be \u0219i alune\u00a0<\/strong><\/p><p>\u00a0<\/p><p><span style=\"text-decoration: underline;\"><strong>Client: Fiesta<\/strong><\/span><\/p><p>Companie din industria alimentar\u0103, care detine o cot\u0103 important\u0103 din pia\u021ba snaksurilor\u00a0<\/p><p>\u00a0<\/p><p><span style=\"text-decoration: underline;\"><strong>Cerin\u021b\u0103:<\/strong><\/span><\/p><p>Realizarea unei linii automate pentru s\u0103rarea produselor ce urmeaz\u0103 a fi ambalate (alune, semin\u021be), cu un consum energetic redus, s\u0103 asigure uniformitate \u00een acoperirea produselor cu saramur\u0103, cu alimentare automat\u0103 a liniei din saci tip \u201ebig bags&#8221;. Inginerii Eurodac au avut ca sarcin\u0103 \u0219i legarea liniei cu ma\u0219ina de ambalat vertical\u0103 care s\u0103 alimenteze c\u00e2ntarul de tip multi head al ma\u0219inii.<\/p><p>\u00a0<\/p><p><span style=\"text-decoration: underline;\"><strong>Etapa preg\u0103titoare:<\/strong><\/span><\/p><p>Primul pas a fost ob\u021binerea tuturor mostrelor produselor \u0219i apoi inginerii Eurodac au m\u0103surat spa\u021biul de lucru al ma\u0219inilor ce urmau s\u0103 fie conectate. A fost important s\u0103 studieze diferitele stadii\u00a0 de desc\u0103rcare a sacilor.\u00a0<\/p><p>\u00a0<\/p><p><span style=\"text-decoration: underline;\"><strong>Dificult\u0103\u021bi:<\/strong><\/span><\/p><p>Una dintre provoc\u0103ri a fost g\u00e2ndirea modului de manipulare al produselor, astfel \u00eenc\u00e2t acestea s\u0103 asigure acoperirea integrala cu saramur\u0103. Am simulat plasarea duzelor \u0219i a diverselor tipuri ale jeturilor pentru ca saramura recuperat\u0103 s\u0103 fie c\u00e2t mai pu\u021bin\u0103.<\/p><p>\u00a0<\/p><p><span style=\"text-decoration: underline;\"><strong>Echipamentele livrate:<\/strong><\/span><\/p><ul><li>ma\u0219in\u0103 de alimentat din saci tip \u201ebig bags&#8221;;<\/li><li>elevatorul de alimentare;<\/li><li>tamburul de s\u0103rare;<\/li><li>sistemul de dozare \u0219i pulverizare al saramurii \u00eempreun\u0103 cu sistemul de dozat sare;<\/li><li>elevatorul de alimentare a ma\u0219inii de ambalat.<\/li><\/ul><p><span style=\"text-decoration: underline;\"><strong>Descriere:<\/strong><\/span><\/p><p>Clientul \u00eencarc\u0103 cu ajutorul motostivuitorului ma\u0219ina de alimentat din saci tip \u201ebig bags&#8221;, ridic\u00e2nd sacul la o cota de unde acesta este preluat de ma\u0219in\u0103. Sacul este apoi l\u0103sat automat la o \u00een\u0103l\u021bime unde se realizeaz\u0103 perforarea gurii de deversare a produselor. Extragerea produselor din sacul \u201ebig bag&#8221; se face cu ajutorul unui vibrator cu electromagnet, urm\u00e2nd ca produsele s\u0103 fie transferate pe elevatorul de tip leb\u0103d\u0103 cu band\u0103 cu racle\u021bi \u0219i gofraj lateral. Elevatorul alimenteaz\u0103 tamburul de s\u0103rare \u00een interiorul c\u0103ruia se produce s\u0103rarea cu ajutorul unor palete ce amestec\u0103 produsele \u0219i le expun de mai multe ori jetului duzelor de s\u0103rare \u0219i dozatoarelor de sare pr\u0103foas\u0103. Dup\u0103 ce produsele sunt s\u0103rate, sunt transportate cu ajutorul unui elevator tip leb\u0103d\u0103 la ma\u0219ina de ambalat.<\/p><p>\u00a0<\/p><p><strong>Materiale:<\/strong> Inox sau Ol vopsit<\/p><p>\u00a0<\/p><p><strong>Productivitate:<\/strong> \u00eentre 600-2000 kg \/ ora (depinde de densitatea \u0219i m\u0103rimea produselor)<\/p><p>\u00a0<\/p><p><span style=\"text-decoration: underline;\"><strong>Op\u021bional:<\/strong><\/span><\/p><p>Sistem de c\u00e2nt\u0103rire al sacilor big bags \u0219i urm\u0103rirea \u00een timp real al cantit\u0103\u021bii procesate<\/p><p>Sistem de scuturare al sacului pentru a asigura descarcarea in totalitate a acestuia<\/p><p>\u00a0<\/p><p><span style=\"text-decoration: underline;\"><strong>Rezultate ob\u021binute pentru client:<\/strong><\/span><\/p><p>&#8211; reducerea timpului de manipulare pentru alimentarea liniei de s\u0103rare<\/p><p>&#8211; s\u0103rarea uniform\u0103 a produselor<\/p><p>&#8211; eliminarea \u00eentreruperilor fluxului de produc\u021bie prin alimentarea direct\u0103 a ma\u0219inii de ambalat.<\/p>\t\t\t\t\t\t\t\t<\/div>\n\t\t\t\t<\/div>\n\t\t\t\t\t<\/div>\n\t\t<\/div>\n\t\t\t\t\t<\/div>\n\t\t<\/section>\n\t\t\t\t<section class=\"elementor-section elementor-top-section elementor-element elementor-element-9159c08 elementor-section-boxed elementor-section-height-default elementor-section-height-default\" data-id=\"9159c08\" data-element_type=\"section\" data-e-type=\"section\">\n\t\t\t\t\t\t<div class=\"elementor-container elementor-column-gap-default\">\n\t\t\t\t\t<div class=\"elementor-column elementor-col-100 elementor-top-column elementor-element elementor-element-9735c9e\" data-id=\"9735c9e\" data-element_type=\"column\" data-e-type=\"column\" data-settings=\"{&quot;background_background&quot;:&quot;classic&quot;}\">\n\t\t\t<div class=\"elementor-widget-wrap elementor-element-populated\">\n\t\t\t\t\t\t<div class=\"elementor-element elementor-element-a88fe03 elementor-widget elementor-widget-text-editor\" data-id=\"a88fe03\" data-element_type=\"widget\" data-e-type=\"widget\" data-widget_type=\"text-editor.default\">\n\t\t\t\t<div class=\"elementor-widget-container\">\n\t\t\t\t\t\t\t\t\t<p style=\"text-align: center;\">Vrei un proiect similar?<\/p>\t\t\t\t\t\t\t\t<\/div>\n\t\t\t\t<\/div>\n\t\t\t\t<div class=\"elementor-element elementor-element-25d650c elementor-widget elementor-widget-text-editor\" data-id=\"25d650c\" data-element_type=\"widget\" data-e-type=\"widget\" data-widget_type=\"text-editor.default\">\n\t\t\t\t<div class=\"elementor-widget-container\">\n\t\t\t\t\t\t\t\t\t<p style=\"text-align: center;\">In\u021belegem nevoile unui antreprenor, de aceea suntem disponibili 24\/7 pentru c\u0103 fabrica ta s\u0103 func\u021bioneze perfect<\/p>\t\t\t\t\t\t\t\t<\/div>\n\t\t\t\t<\/div>\n\t\t\t\t<div class=\"elementor-element elementor-element-2e9fc83 pp-buttons-halign-center pp-buttons-valign-middle pp-buttons-stack-none elementor-widget elementor-widget-pp-buttons\" data-id=\"2e9fc83\" data-element_type=\"widget\" data-e-type=\"widget\" data-widget_type=\"pp-buttons.default\">\n\t\t\t\t<div class=\"elementor-widget-container\">\n\t\t\t\t\t\t\t<div class=\"pp-buttons-group\">\n\t\t\t\t\t\t\t\t\t\t\t<a href=\"https:\/\/jpx.ro\/eurodac\/contact\/\" class=\"pp-button elementor-button elementor-size-sm elementor-repeater-item-bc861f7 \">\n\t\t\t\t\t<div class=\"pp-button-content-wrapper\">\n\t\t\t\t\t\t<span class=\"pp-button-content-inner pp-icon-before\">\n\t\t\t\t\t\t\t\n\t\t\t\t\t\t\t\t<span class=\"pp-button-title\">\n\t\t\t\t\t\t\t\t\tcontacteaza-ne\t\t\t\t\t\t\t\t<\/span>\n\t\t\t\t\t\t\t\t\t\t\t\t\t<\/span>\n\t\t\t\t\t<\/div>\n\t\t\t\t<\/a>\n\t\t\t\t\t\t\t\t\t\t<\/div>\t\t\t\t<\/div>\n\t\t\t\t<\/div>\n\t\t\t\t\t<\/div>\n\t\t<\/div>\n\t\t\t\t\t<\/div>\n\t\t<\/section>\n\t\t\t\t<\/div>\n\t\t","protected":false},"excerpt":{"rendered":"<p>Fiesta Echipament pentru s\u0103rare semin\u021be \u0219i alune\u00a0 \u00a0 Client: Fiesta Companie din industria alimentar\u0103, care detine o cot\u0103 important\u0103 din pia\u021ba snaksurilor\u00a0 \u00a0 Cerin\u021b\u0103: Realizarea unei linii automate pentru s\u0103rarea produselor ce urmeaz\u0103 a fi ambalate (alune, semin\u021be), cu un consum energetic redus, s\u0103 asigure uniformitate \u00een acoperirea produselor cu saramur\u0103, cu alimentare automat\u0103 a [&hellip;]<\/p>\n","protected":false},"author":1,"featured_media":0,"parent":0,"menu_order":0,"comment_status":"closed","ping_status":"closed","template":"elementor_header_footer","meta":{"footnotes":""},"class_list":["post-9143","page","type-page","status-publish","hentry"],"_links":{"self":[{"href":"https:\/\/jpx.ro\/eurodac\/wp-json\/wp\/v2\/pages\/9143","targetHints":{"allow":["GET"]}}],"collection":[{"href":"https:\/\/jpx.ro\/eurodac\/wp-json\/wp\/v2\/pages"}],"about":[{"href":"https:\/\/jpx.ro\/eurodac\/wp-json\/wp\/v2\/types\/page"}],"author":[{"embeddable":true,"href":"https:\/\/jpx.ro\/eurodac\/wp-json\/wp\/v2\/users\/1"}],"replies":[{"embeddable":true,"href":"https:\/\/jpx.ro\/eurodac\/wp-json\/wp\/v2\/comments?post=9143"}],"version-history":[{"count":22,"href":"https:\/\/jpx.ro\/eurodac\/wp-json\/wp\/v2\/pages\/9143\/revisions"}],"predecessor-version":[{"id":12221,"href":"https:\/\/jpx.ro\/eurodac\/wp-json\/wp\/v2\/pages\/9143\/revisions\/12221"}],"wp:attachment":[{"href":"https:\/\/jpx.ro\/eurodac\/wp-json\/wp\/v2\/media?parent=9143"}],"curies":[{"name":"wp","href":"https:\/\/api.w.org\/{rel}","templated":true}]}}