{"id":8621,"date":"2021-06-19T00:04:33","date_gmt":"2021-06-19T00:04:33","guid":{"rendered":"https:\/\/acoperisuri-tigle-metalice.ro\/e\/?page_id=8621"},"modified":"2026-02-06T23:35:33","modified_gmt":"2026-02-06T21:35:33","slug":"deutek","status":"publish","type":"page","link":"https:\/\/jpx.ro\/eurodac\/deutek\/","title":{"rendered":"Studiu de caz Deutek"},"content":{"rendered":"\t\t<div data-elementor-type=\"wp-post\" data-elementor-id=\"8621\" class=\"elementor elementor-8621\" data-elementor-post-type=\"page\">\n\t\t\t\t\t\t<section class=\"elementor-section elementor-top-section elementor-element elementor-element-5cab3ce elementor-section-boxed elementor-section-height-default elementor-section-height-default\" data-id=\"5cab3ce\" data-element_type=\"section\" data-e-type=\"section\">\n\t\t\t\t\t\t<div class=\"elementor-container elementor-column-gap-default\">\n\t\t\t\t\t<div class=\"elementor-column elementor-col-50 elementor-top-column elementor-element elementor-element-2542ad3\" data-id=\"2542ad3\" data-element_type=\"column\" data-e-type=\"column\">\n\t\t\t<div class=\"elementor-widget-wrap elementor-element-populated\">\n\t\t\t\t\t\t<div class=\"elementor-element elementor-element-274b514 elementor-widget elementor-widget-image\" data-id=\"274b514\" data-element_type=\"widget\" data-e-type=\"widget\" data-widget_type=\"image.default\">\n\t\t\t\t<div class=\"elementor-widget-container\">\n\t\t\t\t\t\t\t\t\t\t\t\t\t\t\t\t<a href=\"https:\/\/jpx.ro\/eurodac\/wp-content\/uploads\/2021\/06\/IMGP1046.jpg\" data-elementor-open-lightbox=\"yes\" data-elementor-lightbox-title=\"IMGP1046\" data-e-action-hash=\"#elementor-action%3Aaction%3Dlightbox%26settings%3DeyJpZCI6ODYyNCwidXJsIjoiaHR0cHM6XC9cL2pweC5yb1wvZXVyb2RhY1wvd3AtY29udGVudFwvdXBsb2Fkc1wvMjAyMVwvMDZcL0lNR1AxMDQ2LmpwZyJ9\">\n\t\t\t\t\t\t\t<img fetchpriority=\"high\" decoding=\"async\" width=\"800\" height=\"600\" src=\"https:\/\/jpx.ro\/eurodac\/wp-content\/uploads\/2021\/06\/IMGP1046-1024x768.jpg\" class=\"attachment-large size-large wp-image-8624\" alt=\"\" srcset=\"https:\/\/jpx.ro\/eurodac\/wp-content\/uploads\/2021\/06\/IMGP1046-1024x768.jpg 1024w, https:\/\/jpx.ro\/eurodac\/wp-content\/uploads\/2021\/06\/IMGP1046-600x450.jpg 600w, https:\/\/jpx.ro\/eurodac\/wp-content\/uploads\/2021\/06\/IMGP1046-300x225.jpg 300w, https:\/\/jpx.ro\/eurodac\/wp-content\/uploads\/2021\/06\/IMGP1046-768x576.jpg 768w, https:\/\/jpx.ro\/eurodac\/wp-content\/uploads\/2021\/06\/IMGP1046-660x495.jpg 660w, https:\/\/jpx.ro\/eurodac\/wp-content\/uploads\/2021\/06\/IMGP1046.jpg 1440w\" sizes=\"(max-width: 800px) 100vw, 800px\" \/>\t\t\t\t\t\t\t\t<\/a>\n\t\t\t\t\t\t\t\t\t\t\t\t\t\t\t<\/div>\n\t\t\t\t<\/div>\n\t\t\t\t<div class=\"elementor-element elementor-element-ad8230f elementor-widget elementor-widget-image\" data-id=\"ad8230f\" data-element_type=\"widget\" data-e-type=\"widget\" data-widget_type=\"image.default\">\n\t\t\t\t<div class=\"elementor-widget-container\">\n\t\t\t\t\t\t\t\t\t\t\t\t\t\t\t\t<a href=\"https:\/\/jpx.ro\/eurodac\/wp-content\/uploads\/2021\/06\/side.jpg\" data-elementor-open-lightbox=\"yes\" data-elementor-lightbox-title=\"side\" data-e-action-hash=\"#elementor-action%3Aaction%3Dlightbox%26settings%3DeyJpZCI6ODYyNSwidXJsIjoiaHR0cHM6XC9cL2pweC5yb1wvZXVyb2RhY1wvd3AtY29udGVudFwvdXBsb2Fkc1wvMjAyMVwvMDZcL3NpZGUuanBnIn0%3D\">\n\t\t\t\t\t\t\t<img decoding=\"async\" width=\"800\" height=\"508\" src=\"https:\/\/jpx.ro\/eurodac\/wp-content\/uploads\/2021\/06\/side-1024x650.jpg\" class=\"attachment-large size-large wp-image-8625\" alt=\"\" srcset=\"https:\/\/jpx.ro\/eurodac\/wp-content\/uploads\/2021\/06\/side-1024x650.jpg 1024w, https:\/\/jpx.ro\/eurodac\/wp-content\/uploads\/2021\/06\/side-600x381.jpg 600w, https:\/\/jpx.ro\/eurodac\/wp-content\/uploads\/2021\/06\/side-300x190.jpg 300w, https:\/\/jpx.ro\/eurodac\/wp-content\/uploads\/2021\/06\/side-768x487.jpg 768w, https:\/\/jpx.ro\/eurodac\/wp-content\/uploads\/2021\/06\/side-660x419.jpg 660w, https:\/\/jpx.ro\/eurodac\/wp-content\/uploads\/2021\/06\/side.jpg 1190w\" sizes=\"(max-width: 800px) 100vw, 800px\" \/>\t\t\t\t\t\t\t\t<\/a>\n\t\t\t\t\t\t\t\t\t\t\t\t\t\t\t<\/div>\n\t\t\t\t<\/div>\n\t\t\t\t\t<\/div>\n\t\t<\/div>\n\t\t\t\t<div class=\"elementor-column elementor-col-50 elementor-top-column elementor-element elementor-element-7c4b132\" data-id=\"7c4b132\" data-element_type=\"column\" data-e-type=\"column\">\n\t\t\t<div class=\"elementor-widget-wrap elementor-element-populated\">\n\t\t\t\t\t\t<div class=\"elementor-element elementor-element-92182ef elementor-widget elementor-widget-heading\" data-id=\"92182ef\" data-element_type=\"widget\" data-e-type=\"widget\" data-widget_type=\"heading.default\">\n\t\t\t\t<div class=\"elementor-widget-container\">\n\t\t\t\t\t<h1 class=\"elementor-heading-title elementor-size-default\">Deutek\u200b<\/h1>\t\t\t\t<\/div>\n\t\t\t\t<\/div>\n\t\t\t\t<div class=\"elementor-element elementor-element-fa774b6 elementor-widget elementor-widget-text-editor\" data-id=\"fa774b6\" data-element_type=\"widget\" data-e-type=\"widget\" data-widget_type=\"text-editor.default\">\n\t\t\t\t<div class=\"elementor-widget-container\">\n\t\t\t\t\t\t\t\t\t<p style=\"font-weight: 400;\"><strong><u>Client<\/u><\/strong><\/p><p style=\"font-weight: 400;\">Companie multina\u021bional\u0103 produc\u0103toare de materiale pentru construc\u021bii care produce aditivi, amorse,\u00a0 vopsea lavabil\u0103, pulberi \u0219i lacuri.<\/p><p style=\"font-weight: 400;\"><strong><u>Cerin\u021b\u0103<\/u><\/strong><\/p><p style=\"font-weight: 400;\">Conceperea unei ma\u0219ini automate pentru etichetare, folosind adeziv pe baz\u0103 de ap\u0103 care s\u0103 poat\u0103 lucra cu recipiente de tip sticl\u0103, bidoane, g\u0103le\u021bi. Totodat\u0103, ma\u0219ina trebuia s\u0103 lucreze cu forme diferite ale recipientelor: rotunde, rectangulare, tronconice si sa poata faca fata mediului de lucru agresiv cu mult praf si substante chimice.<\/p><p style=\"font-weight: 400;\"><strong><u>Caracteristici tehnice cerute<\/u><\/strong><\/p><ul><li style=\"font-weight: 400;\">Alimentare\/desc\u0103rcare manual\u0103 a galetilor si sticlelor<\/li><li style=\"font-weight: 400;\">Productivitate medie de 1400 recipiente\/or\u0103<\/li><li style=\"font-weight: 400;\">Posibilitatea folosirii pentru recipiente cu diametre \u00eencep\u00e2nd de la 80 mm p\u00e2n\u0103 la diametre de 300mm<\/li><li style=\"font-weight: 400;\">L\u0103\u021bime etichet\u0103 intre 80 mm- 280 mm \u0219i lungime de la 60 mm p\u00e2n\u0103 la 350 mm<\/li><li style=\"font-weight: 400;\">Alimentarea etichetelor s\u0103 se fac\u0103 automat dintr-o stiv\u0103<\/li><\/ul><p>\u00a0<\/p><p style=\"font-weight: 400;\"><strong><u>Etapa preg\u0103titoare<\/u><\/strong><\/p><p style=\"font-weight: 400;\">S-a studiat forma recipientelor pentru a g\u0103si solu\u021bii de manipulare prin dreptul zonei de eliberare a etichetei. Apoi s-a testat adezivul pentru a dimensiona o instala\u021bie de pompare care s\u0103 asigure debitul \u0219i fluen\u021ba adezivului.<\/p><p style=\"font-weight: 400;\"><strong><u>Dificult\u0103\u021bi<\/u><\/strong><\/p><p style=\"font-weight: 400;\">Extragerea etichetelor una c\u00e2te una din magazie datorit\u0103 m\u0103rimii acestora.<\/p><p style=\"font-weight: 400;\">Conceperea unui sistem de ungere al etichetelor care s\u0103 asigure un film constant pe toata l\u0103\u021bimea \u0219i lungimea etichetelor.<\/p><p style=\"font-weight: 400;\">Manipularea etichetelor, f\u0103r\u0103 a le \u0219ifona, pe distan\u021ba dintre magazie \u0219i mecanismul de aplicare pe recipiente.<\/p><p style=\"font-weight: 400;\">Aplicarea etichetelor lungi pe recipientele tronconice astfel \u00eenc\u00e2t acestea s\u0103 aib\u0103 toate col\u021burile lipite \u0219i s\u0103 nu existe cute.<\/p><p style=\"font-weight: 400;\"><strong><u>Echipamentele livrate<\/u><\/strong><\/p><p style=\"font-weight: 400;\"><em>Ma\u0219ina de etichetat recipiente cu adeziv pe baz<\/em>\u0103<em>\u00a0de ap<\/em>\u0103<\/p><p style=\"font-weight: 400;\"><strong>Descriere:\u00a0<\/strong><\/p><p style=\"font-weight: 400;\">Este un echipament automat ce aplic\u0103 etichete pe diverse tipuri de recipiente (rotunde, ovale, tronconice, rectangulare) folosind adeziv pe baz\u0103 de ap\u0103.<br \/>Materiale:\u00a0Inox sau Ol vopsit<br \/>Dimensiuni ma\u0219in\u0103:\u00a05.5m x 2.3m x 2.4m<br \/>Dimensiuni etichete: l\u0103\u021bime 80mm &#8211; 280 mm \/ lungime 60mm &#8211; 350 mm<\/p><p style=\"font-weight: 400;\">Recipiente: diametru 80mm pana la \u00a0300mm<\/p><p style=\"font-weight: 400;\">Mod de aplicare: de jur \u00eemprejur \u0219i lateral pe o parte sau pe dou\u0103 p\u0103r\u021bi<\/p><p style=\"font-weight: 400;\">Productivitate:\u00a0\u00eentre 900-1400 recipiente \/ or\u0103<br \/>Alimentare:\u00a0380VAC<br \/>Putere instalat\u0103:\u00a02.2 kW<\/p><p style=\"font-weight: 400;\"><strong>Alte caracteristici:<\/strong><\/p><p>Stiva automata de etichete care lucreaz\u0103 cu vacum<\/p><p style=\"font-weight: 400;\">Sistem pentru orientat m\u00e2nerul la g\u0103le\u021bi<\/p><p style=\"font-weight: 400;\">Bra\u021b presare etichete<\/p><p style=\"font-weight: 400;\">Panou automatizare cu parametri procesului reglabili din ecranul tactil<br \/>Toate reglajele mecanice prev\u0103zute cu num\u0103r\u0103toare si rigle pentru a asigura rapiditatea reglajelor<\/p><p style=\"font-weight: 400;\">Op\u021bional:<\/p><p style=\"font-weight: 400;\">Integrarea echipamentului \u00een fluxul de produc\u021bie, astfel \u00eenc\u00e2t alimentarea cu recipiente s\u0103 se fac\u0103 automat<\/p><p style=\"font-weight: 400;\"><strong><u>Rezultate ob\u021binute pentru client<\/u><\/strong><\/p><p style=\"font-weight: 400;\">&#8211;\u00a0\u00a0\u00a0\u00a0 Aplicarea cu consecven\u021b\u0103 a etichetelor folosind adeziv pe baz\u0103 de ap\u0103, cu o productivitate medie de 1400 unit\u0103\u021bi\/or\u0103 .<\/p><p style=\"font-weight: 400;\">&#8211; \u00a0\u00a0\u00a0Incadrarea in spatiul de lucru specificat de client \u00a0<\/p><p style=\"font-weight: 400;\">&#8211;\u00a0\u00a0\u00a0\u00a0 Film de adeziv cu grosime constant\u0103 \u0219i uniform distribuit pe etichete<\/p>\t\t\t\t\t\t\t\t<\/div>\n\t\t\t\t<\/div>\n\t\t\t\t\t<\/div>\n\t\t<\/div>\n\t\t\t\t\t<\/div>\n\t\t<\/section>\n\t\t\t\t<section class=\"elementor-section elementor-top-section elementor-element elementor-element-38c9a65 elementor-section-boxed elementor-section-height-default elementor-section-height-default\" data-id=\"38c9a65\" data-element_type=\"section\" data-e-type=\"section\">\n\t\t\t\t\t\t<div class=\"elementor-container elementor-column-gap-default\">\n\t\t\t\t\t<div class=\"elementor-column elementor-col-100 elementor-top-column elementor-element elementor-element-94cc206\" data-id=\"94cc206\" data-element_type=\"column\" data-e-type=\"column\" data-settings=\"{&quot;background_background&quot;:&quot;classic&quot;}\">\n\t\t\t<div class=\"elementor-widget-wrap elementor-element-populated\">\n\t\t\t\t\t\t<div class=\"elementor-element elementor-element-9c06e26 elementor-widget elementor-widget-text-editor\" data-id=\"9c06e26\" data-element_type=\"widget\" data-e-type=\"widget\" data-widget_type=\"text-editor.default\">\n\t\t\t\t<div class=\"elementor-widget-container\">\n\t\t\t\t\t\t\t\t\t<p style=\"text-align: center;\">Vrei un proiect similar?<\/p>\t\t\t\t\t\t\t\t<\/div>\n\t\t\t\t<\/div>\n\t\t\t\t<div class=\"elementor-element elementor-element-071f2c1 elementor-widget elementor-widget-text-editor\" data-id=\"071f2c1\" data-element_type=\"widget\" data-e-type=\"widget\" data-widget_type=\"text-editor.default\">\n\t\t\t\t<div class=\"elementor-widget-container\">\n\t\t\t\t\t\t\t\t\t<p style=\"text-align: center;\">In\u021belegem nevoile unui antreprenor, de aceea suntem disponibili 24\/7 pentru c\u0103 fabrica ta s\u0103 func\u021bioneze perfect<\/p>\t\t\t\t\t\t\t\t<\/div>\n\t\t\t\t<\/div>\n\t\t\t\t<div class=\"elementor-element elementor-element-e52c82f pp-buttons-halign-center pp-buttons-valign-middle pp-buttons-stack-none elementor-widget elementor-widget-pp-buttons\" data-id=\"e52c82f\" data-element_type=\"widget\" data-e-type=\"widget\" data-widget_type=\"pp-buttons.default\">\n\t\t\t\t<div class=\"elementor-widget-container\">\n\t\t\t\t\t\t\t<div class=\"pp-buttons-group\">\n\t\t\t\t\t\t\t\t\t\t\t<a href=\"https:\/\/jpx.ro\/eurodac\/contact\/\" class=\"pp-button elementor-button elementor-size-sm elementor-repeater-item-bc861f7 \">\n\t\t\t\t\t<div class=\"pp-button-content-wrapper\">\n\t\t\t\t\t\t<span class=\"pp-button-content-inner pp-icon-before\">\n\t\t\t\t\t\t\t\n\t\t\t\t\t\t\t\t<span class=\"pp-button-title\">\n\t\t\t\t\t\t\t\t\tcontacteaza-ne\t\t\t\t\t\t\t\t<\/span>\n\t\t\t\t\t\t\t\t\t\t\t\t\t<\/span>\n\t\t\t\t\t<\/div>\n\t\t\t\t<\/a>\n\t\t\t\t\t\t\t\t\t\t<\/div>\t\t\t\t<\/div>\n\t\t\t\t<\/div>\n\t\t\t\t\t<\/div>\n\t\t<\/div>\n\t\t\t\t\t<\/div>\n\t\t<\/section>\n\t\t\t\t<\/div>\n\t\t","protected":false},"excerpt":{"rendered":"<p>Deutek\u200b Client Companie multina\u021bional\u0103 produc\u0103toare de materiale pentru construc\u021bii care produce aditivi, amorse,\u00a0 vopsea lavabil\u0103, pulberi \u0219i lacuri. Cerin\u021b\u0103 Conceperea unei ma\u0219ini automate pentru etichetare, folosind adeziv pe baz\u0103 de ap\u0103 care s\u0103 poat\u0103 lucra cu recipiente de tip sticl\u0103, bidoane, g\u0103le\u021bi. Totodat\u0103, ma\u0219ina trebuia s\u0103 lucreze cu forme diferite ale recipientelor: rotunde, rectangulare, tronconice [&hellip;]<\/p>\n","protected":false},"author":1,"featured_media":0,"parent":0,"menu_order":0,"comment_status":"closed","ping_status":"closed","template":"elementor_header_footer","meta":{"footnotes":""},"class_list":["post-8621","page","type-page","status-publish","hentry"],"_links":{"self":[{"href":"https:\/\/jpx.ro\/eurodac\/wp-json\/wp\/v2\/pages\/8621","targetHints":{"allow":["GET"]}}],"collection":[{"href":"https:\/\/jpx.ro\/eurodac\/wp-json\/wp\/v2\/pages"}],"about":[{"href":"https:\/\/jpx.ro\/eurodac\/wp-json\/wp\/v2\/types\/page"}],"author":[{"embeddable":true,"href":"https:\/\/jpx.ro\/eurodac\/wp-json\/wp\/v2\/users\/1"}],"replies":[{"embeddable":true,"href":"https:\/\/jpx.ro\/eurodac\/wp-json\/wp\/v2\/comments?post=8621"}],"version-history":[{"count":37,"href":"https:\/\/jpx.ro\/eurodac\/wp-json\/wp\/v2\/pages\/8621\/revisions"}],"predecessor-version":[{"id":12215,"href":"https:\/\/jpx.ro\/eurodac\/wp-json\/wp\/v2\/pages\/8621\/revisions\/12215"}],"wp:attachment":[{"href":"https:\/\/jpx.ro\/eurodac\/wp-json\/wp\/v2\/media?parent=8621"}],"curies":[{"name":"wp","href":"https:\/\/api.w.org\/{rel}","templated":true}]}}