{"id":7137,"date":"2021-03-07T19:09:24","date_gmt":"2021-03-07T19:09:24","guid":{"rendered":"https:\/\/acoperisuri-tigle-metalice.ro\/e\/?page_id=7137"},"modified":"2026-01-24T20:45:00","modified_gmt":"2026-01-24T18:45:00","slug":"cuptoare-prajire","status":"publish","type":"page","link":"https:\/\/jpx.ro\/eurodac\/cuptoare-prajire\/","title":{"rendered":"Cuptoare pr\u0103jire"},"content":{"rendered":"\t\t<div data-elementor-type=\"wp-post\" data-elementor-id=\"7137\" class=\"elementor elementor-7137\" data-elementor-post-type=\"page\">\n\t\t\t\t\t\t<section class=\"elementor-section elementor-top-section elementor-element elementor-element-4c944ba elementor-section-boxed elementor-section-height-default elementor-section-height-default\" data-id=\"4c944ba\" data-element_type=\"section\" data-e-type=\"section\" data-settings=\"{&quot;background_background&quot;:&quot;classic&quot;}\">\n\t\t\t\t\t\t<div class=\"elementor-container elementor-column-gap-default\">\n\t\t\t\t\t<div class=\"elementor-column elementor-col-100 elementor-top-column elementor-element elementor-element-abab32c elementor-invisible\" data-id=\"abab32c\" data-element_type=\"column\" data-e-type=\"column\" data-settings=\"{&quot;animation&quot;:&quot;fadeIn&quot;,&quot;animation_delay&quot;:200}\">\n\t\t\t<div class=\"elementor-widget-wrap elementor-element-populated\">\n\t\t\t\t\t\t<section class=\"elementor-section elementor-inner-section elementor-element elementor-element-c76ab44 elementor-section-boxed elementor-section-height-default elementor-section-height-default\" data-id=\"c76ab44\" data-element_type=\"section\" data-e-type=\"section\">\n\t\t\t\t\t\t<div class=\"elementor-container elementor-column-gap-default\">\n\t\t\t\t\t<div class=\"elementor-column elementor-col-100 elementor-inner-column elementor-element elementor-element-aba5a18\" data-id=\"aba5a18\" data-element_type=\"column\" data-e-type=\"column\">\n\t\t\t<div class=\"elementor-widget-wrap elementor-element-populated\">\n\t\t\t\t\t\t<div class=\"elementor-element elementor-element-346ed8b elementor-widget elementor-widget-heading\" data-id=\"346ed8b\" data-element_type=\"widget\" data-e-type=\"widget\" data-widget_type=\"heading.default\">\n\t\t\t\t<div class=\"elementor-widget-container\">\n\t\t\t\t\t<h1 class=\"elementor-heading-title elementor-size-default\">Cuptoare pr\u0103jire<\/h1>\t\t\t\t<\/div>\n\t\t\t\t<\/div>\n\t\t\t\t<div class=\"elementor-element elementor-element-ac50326 elementor-widget elementor-widget-heading\" data-id=\"ac50326\" data-element_type=\"widget\" data-e-type=\"widget\" data-widget_type=\"heading.default\">\n\t\t\t\t<div class=\"elementor-widget-container\">\n\t\t\t\t\t<h2 class=\"elementor-heading-title elementor-size-default\">Cuptoare de pr\u0103jire pentru linii industriale, proiectate pentru \u00eenc\u0103lzire uniform\u0103, control precis al procesului \u0219i productivitate ridicat\u0103. Solu\u021bii potrivite pentru fluxuri continue \u0219i rezultate repetabile.<\/h2>\t\t\t\t<\/div>\n\t\t\t\t<\/div>\n\t\t\t\t\t<\/div>\n\t\t<\/div>\n\t\t\t\t\t<\/div>\n\t\t<\/section>\n\t\t\t\t<div class=\"elementor-element elementor-element-483667a elementor-widget elementor-widget-shortcode\" data-id=\"483667a\" data-element_type=\"widget\" data-e-type=\"widget\" data-widget_type=\"shortcode.default\">\n\t\t\t\t<div class=\"elementor-widget-container\">\n\t\t\t\t\t\t\t<div class=\"elementor-shortcode\"><section class=\"hfHpb hfHpb--grid\" data-badge=\"green\" style=\"--hfHpb-cols:4;--hfHpb-lines:2;--hfHpb-lines-hover:5;--hfHpb-lines-mobile:2;--hfHpb-price-color:#ffa24d;\"><div class=\"hfHpb-wrap\"><div class=\"hfHpb-grid\" role=\"list\"><a class=\"hfHpb-card\" role=\"listitem\" href=\"https:\/\/jpx.ro\/eurodac\/product\/cuptor-prajire-cu-banda-pe-un-nivel-svl-1000\/\"><div class=\"hfHpb-media\"><div class=\"hfHpb-mediaIn\"><img loading=\"lazy\" decoding=\"async\" width=\"300\" height=\"300\" src=\"https:\/\/jpx.ro\/eurodac\/wp-content\/uploads\/2021\/03\/SVL-1000-300x300.jpg\" class=\"hfHpb-img\" alt=\"Cuptor Prajire cu Banda pe un Nivel SVL 1000\" loading=\"lazy\" srcset=\"https:\/\/jpx.ro\/eurodac\/wp-content\/uploads\/2021\/03\/SVL-1000-300x300.jpg 300w, https:\/\/jpx.ro\/eurodac\/wp-content\/uploads\/2021\/03\/SVL-1000-100x100.jpg 100w, https:\/\/jpx.ro\/eurodac\/wp-content\/uploads\/2021\/03\/SVL-1000-150x150.jpg 150w\" sizes=\"auto, (max-width: 300px) 100vw, 300px\" \/><\/div><\/div><div class=\"hfHpb-meta\"><div class=\"hfHpb-name\">Cuptor Prajire cu Banda pe un Nivel SVL 1000<\/div><div class=\"hfHpb-preview\">Echipamentul este un cuptor cu banda transportoare de inox pe un nivel, care poate fi folosit la prjirea alunelor, a semintelor negre si albe, a nucilor, a fisticului etc.\r\n\r\nEchipamentul permite obtinerea unei productivitati mari cu un consum mic de gaze, caldura rezultata din gazele arse fiind directionata cu ajutorul ventilatoarelor direct pe produs.\r\n\r\nSistemul inovator cu schimbator de caldura nu permite gazelor arse sa aiba contact direct cu produsul asfel incat caldura este recirculata in interiorul cuptorului.\r\n\r\nDe asemenea echipamentul poate fi folosit si ca dryer in cazul in care se doreste uscarea produselor dupa aromatizare.\r\n\r\nParametrii de lucru cei mai importanti (temperatura si viteza benzii) se ajusteaza din touch screen, interfata fiind disponibila si in limba romana.\r\n\r\n\r\nCaracteristici tehnice:\r\n\r\nPuterea Electrica Totala Instalata: 27kW\r\nPutere Maxima Termica: 200-400 kW\r\nConsum mediu Gaz: 10-20 L\/h<\/div><div class=\"hfHpb-actions\"><span class=\"hfHpb-btn\" aria-hidden=\"true\">Descoper\u0103 <svg viewBox=\"0 0 24 24\"><path d=\"M5 12h12\"><\/path><path d=\"M13 6l6 6-6 6\"><\/path><\/svg><\/span><\/div><\/div><\/a><a class=\"hfHpb-card\" role=\"listitem\" href=\"https:\/\/jpx.ro\/eurodac\/product\/cuptor-prajire-cu-banda-pe-un-nivel-svl-500\/\"><div class=\"hfHpb-media\"><div class=\"hfHpb-mediaIn\"><img loading=\"lazy\" decoding=\"async\" width=\"300\" height=\"300\" src=\"https:\/\/jpx.ro\/eurodac\/wp-content\/uploads\/2021\/03\/SVL-500_1-300x300.png\" class=\"hfHpb-img\" alt=\"Cuptor Prajire cu Banda pe un Nivel SVL 500\" loading=\"lazy\" srcset=\"https:\/\/jpx.ro\/eurodac\/wp-content\/uploads\/2021\/03\/SVL-500_1-300x300.png 300w, https:\/\/jpx.ro\/eurodac\/wp-content\/uploads\/2021\/03\/SVL-500_1-100x100.png 100w, https:\/\/jpx.ro\/eurodac\/wp-content\/uploads\/2021\/03\/SVL-500_1-150x150.png 150w\" sizes=\"auto, (max-width: 300px) 100vw, 300px\" \/><\/div><\/div><div class=\"hfHpb-meta\"><div class=\"hfHpb-name\">Cuptor Prajire cu Banda pe un Nivel SVL 500<\/div><div class=\"hfHpb-preview\">Echipamentul este un cuptor cu banda transportoare de inox pe un nivel, care poate fi folosit la prjirea alunelor, a semintelor negre si albe, a nucilor, a fisticului etc.\r\n\r\nEchipamentul permite obtinerea unei productivitati mari cu un consum mic de gaze, caldura rezultata din gazele arse fiind directionata cu ajutorul ventilatoarelor direct pe produs.\r\n\r\nSistemul inovator cu schimbator de caldura nu permite gazelor arse sa aiba contact direct cu produsul asfel incat caldura este recirculata in interiorul cuptorului.\r\n\r\nDe asemenea echipamentul poate fi folosit si ca dryer in cazul in care se doreste uscarea produselor dupa aromatizare.\r\n\r\nParametrii de lucru cei mai importanti (temperatura si viteza benzii) se ajusteaza din touch screen, interfata fiind disponibila si in limba romana.\r\n\r\n\r\nCaracteristici tehnice:\r\n\r\nPuterea Electrica Totala Instalata: 13 kW\r\nPutere Maxima Termica: 160 kW\r\nConsum mediu Gaz: 9-18 Nm3\/h\r\nConsum mediu GPL: 7-15 kg\/h\r\nConsum mediu motorina: 9-13,4 lt\/h<\/div><div class=\"hfHpb-actions\"><span class=\"hfHpb-btn\" aria-hidden=\"true\">Descoper\u0103 <svg viewBox=\"0 0 24 24\"><path d=\"M5 12h12\"><\/path><path d=\"M13 6l6 6-6 6\"><\/path><\/svg><\/span><\/div><\/div><\/a><a class=\"hfHpb-card\" role=\"listitem\" href=\"https:\/\/jpx.ro\/eurodac\/product\/cuptor-prajire-cu-benzi-multi-level-srx-60-ce\/\"><div class=\"hfHpb-media\"><div class=\"hfHpb-mediaIn\"><img loading=\"lazy\" decoding=\"async\" width=\"300\" height=\"300\" src=\"https:\/\/jpx.ro\/eurodac\/wp-content\/uploads\/2021\/03\/SRX-60_2-300x300.png\" class=\"hfHpb-img\" alt=\"Cuptor Prajire cu Benzi Multi Level SRX 60 CE\" loading=\"lazy\" srcset=\"https:\/\/jpx.ro\/eurodac\/wp-content\/uploads\/2021\/03\/SRX-60_2-300x300.png 300w, https:\/\/jpx.ro\/eurodac\/wp-content\/uploads\/2021\/03\/SRX-60_2-100x100.png 100w, https:\/\/jpx.ro\/eurodac\/wp-content\/uploads\/2021\/03\/SRX-60_2-150x150.png 150w\" sizes=\"auto, (max-width: 300px) 100vw, 300px\" \/><\/div><\/div><div class=\"hfHpb-meta\"><div class=\"hfHpb-name\">Cuptor Prajire cu Benzi Multi Level SRX 60 CE<\/div><div class=\"hfHpb-preview\">Echipamentul este folosit la prajirea de seminte de floarea soarelui, alune, fistic, nuci, seminte dovleac, migdale etc.\r\nCuptoarele Sevval din seria SRX functioneaza cu o banda transportoare asezata pe cinci niveluri, concept care contribuie la pastrarea aromelor pentru o perioada indelungata de timp, la prajirea uniforma si in profunzime si la obtinerea unor gusturi diversificare prin ajustarea parametrilor de lucru.\r\n\r\nVitezele benzilor, precum si temperatura din interiorul cuptorului sunt ajustabile individual.\r\nSistemul de prajire este bazat pe caldura, gazele arse neintrand in contact direct cu produsul , acestea fiind dirijate printr-un sistem de tevi dispuse transversal pe benzi ceea ce asigura o temperatura constanta si uniforma in camerele cuptorului asigurand produsului obtinerea unei arome deosebite.\r\nModelele SRX dispun de un sistem inovativ de recirculare a caldurii facand din acestea cele mai economice cuptoare dupa piata.\r\n\r\nCaracteristici Tehnice\r\nPuterea Electrica Totala Instalata : 4.82kW\r\nPutere Maxima Termica: 80 kW\r\nConsum mediu Gaz: 4,5-9 Nm3\/h\r\nConsum mediu GPL: 3,5-7,5 kg\/h\r\nConsum mediu motorina: 4,5-6,7 lt\/h\r\n\r\nVezi detalii tehnice<\/div><div class=\"hfHpb-actions\"><span class=\"hfHpb-btn\" aria-hidden=\"true\">Descoper\u0103 <svg viewBox=\"0 0 24 24\"><path d=\"M5 12h12\"><\/path><path d=\"M13 6l6 6-6 6\"><\/path><\/svg><\/span><\/div><\/div><\/a><a class=\"hfHpb-card\" role=\"listitem\" href=\"https:\/\/jpx.ro\/eurodac\/product\/cuptor-prajire-cu-benzi-multi-level-srx-90-ce\/\"><div class=\"hfHpb-media\"><div class=\"hfHpb-mediaIn\"><img loading=\"lazy\" decoding=\"async\" width=\"300\" height=\"300\" src=\"https:\/\/jpx.ro\/eurodac\/wp-content\/uploads\/2021\/03\/SRX-90-300x300.jpg\" class=\"hfHpb-img\" alt=\"Cuptor Prajire cu Benzi Multi Level SRX 90 CE\" loading=\"lazy\" srcset=\"https:\/\/jpx.ro\/eurodac\/wp-content\/uploads\/2021\/03\/SRX-90-300x300.jpg 300w, https:\/\/jpx.ro\/eurodac\/wp-content\/uploads\/2021\/03\/SRX-90-100x100.jpg 100w, https:\/\/jpx.ro\/eurodac\/wp-content\/uploads\/2021\/03\/SRX-90-150x150.jpg 150w\" sizes=\"auto, (max-width: 300px) 100vw, 300px\" \/><\/div><\/div><div class=\"hfHpb-meta\"><div class=\"hfHpb-name\">Cuptor Prajire cu Benzi Multi Level SRX 90 CE<\/div><div class=\"hfHpb-preview\">Echipamentul este un cuptor cu banda transportoare care poate fi folosit la prajirea de seminte de floarea soarelui, alune, fistic, nuci, seminte dovleac, migdale etc.\r\n\r\nCuptoarele Sevval din seria SRX functioneaza cu o banda transportoare asezata pe cinci niveluri, concept care contribuie la pastrarea aromei alunelor si semintelor in timpul prajirii, la prajirea uniforma si in profunzime si la obtinerea unor gusturi diversificare prin ajustarea parametrilor de lucru.\r\n\r\nVitezele benzilor sunt individual ajustabile precum si temperatura din interiorul cuptorului.\r\n\r\nCuptoarele pentru prajit, SRX, sunt flexibile, putand praji atat seminte cat si alune. Sistemul de prajire este bazat pe caldura, ceea ce asigura o prajire uniforma dar si obtinerea unui gust excelent.\r\n\r\nDotari:\r\n\u2022 Constructie integrala inox AISI304\r\n\u2022 Banda inox pe 5 niveluri\r\n\u2022 Arzator de ultima generatie Baltur\r\n\u2022 Sistem de ardere cu circuit inchis (gazul nu are contact cu produsul)\r\n\u2022 Sistem de ardere optional pe LPG sau diesel\r\n\u2022 Touch screen interfata operator pentru control temperaturi, viteze si monitorizare proces\r\n\u2022 Meniu limba romana\r\n\u2022 Conveior racire-inclus (cu recirculare)\r\n\u2022 Sistem vibrator pentru directionare produs\r\n\u2022 Sistem pentru extragere impuritati (optional)\r\n\u2022 Statie de sarare semiautomata (inclusa) (as pune asta peste \u201cSistem pentru extragere impuritati\u201d si as renunta la \u201cinclusa\u201d)\r\n\u2022 Sistem incarcare (inclus)\r\n\r\nCaracteristici tehnice:\r\nPuterea Electrica Totala Instalata: 5.94 kW\r\nPutere Maxima Termica: 74.3 kW\r\nConsum mediu Gaz: 3-10 Nm3\/h\r\nLungime banda: 51000 mm\r\nLatime banda: 900 mm<\/div><div class=\"hfHpb-actions\"><span class=\"hfHpb-btn\" aria-hidden=\"true\">Descoper\u0103 <svg viewBox=\"0 0 24 24\"><path d=\"M5 12h12\"><\/path><path d=\"M13 6l6 6-6 6\"><\/path><\/svg><\/span><\/div><\/div><\/a><a class=\"hfHpb-card\" role=\"listitem\" href=\"https:\/\/jpx.ro\/eurodac\/product\/cuptor-prajire-cu-benzi-multi-nivel-srmb-120-ce\/\"><div class=\"hfHpb-media\"><div class=\"hfHpb-mediaIn\"><img loading=\"lazy\" decoding=\"async\" width=\"300\" height=\"300\" src=\"https:\/\/jpx.ro\/eurodac\/wp-content\/uploads\/2021\/03\/SRMB120-300x300.jpg\" class=\"hfHpb-img\" alt=\"Cuptor Prajire cu Benzi Multi Nivel SRMB 120 CE\" loading=\"lazy\" srcset=\"https:\/\/jpx.ro\/eurodac\/wp-content\/uploads\/2021\/03\/SRMB120-300x300.jpg 300w, https:\/\/jpx.ro\/eurodac\/wp-content\/uploads\/2021\/03\/SRMB120-100x100.jpg 100w, https:\/\/jpx.ro\/eurodac\/wp-content\/uploads\/2021\/03\/SRMB120-150x150.jpg 150w\" sizes=\"auto, (max-width: 300px) 100vw, 300px\" \/><\/div><\/div><div class=\"hfHpb-meta\"><div class=\"hfHpb-name\">Cuptor Prajire cu Benzi Multi Nivel SRMB 120 CE<\/div><div class=\"hfHpb-preview\">Cuptorul de prajire cu flux continuu, SRMB120, este unul dintre cele mai bune cuptoare din gama sa datorita sistemului performant de prajire folosit.\r\nAcest sistem este bazat pe procesul de incalzire. Cuptorul prezinta o banda de inox pe 5 niveluri, este flexibil, putand praji diferite tipuri de alune, nuci si seminte precum seminte de floarea soarelui, alune de padure, fistic, migdale, seminte de dovleac, etc.\r\n\r\nCaracteristici tehnice:\r\n\r\nPuterea Electrica Totala Instalata: 8,02 kW\r\nPutere Maxima Termica: 160 kW\r\nConsum mediu Gaz: 5-18 Nm3\/h\r\nConsum mediu GPL: 4-15 kg\/h\r\nConsum mediu motorina: 10,5-13,5 lt\/h<\/div><div class=\"hfHpb-actions\"><span class=\"hfHpb-btn\" aria-hidden=\"true\">Descoper\u0103 <svg viewBox=\"0 0 24 24\"><path d=\"M5 12h12\"><\/path><path d=\"M13 6l6 6-6 6\"><\/path><\/svg><\/span><\/div><\/div><\/a><a class=\"hfHpb-card\" role=\"listitem\" href=\"https:\/\/jpx.ro\/eurodac\/product\/cuptor-rotativ-eb-500\/\"><div class=\"hfHpb-media\"><div class=\"hfHpb-mediaIn\"><img loading=\"lazy\" decoding=\"async\" width=\"259\" height=\"300\" src=\"https:\/\/jpx.ro\/eurodac\/wp-content\/uploads\/2021\/03\/EB500-_2_1-259x300.png\" class=\"hfHpb-img\" alt=\"Cuptor Rotativ EB 500\" loading=\"lazy\" \/><\/div><\/div><div class=\"hfHpb-meta\"><div class=\"hfHpb-name\">Cuptor Rotativ EB 500<\/div><div class=\"hfHpb-preview\">Echipamentul este un cuptor rotativ inchis perfect atat pentru prajirea cafelei cat si a produselor de genul semite de dovleac, seminte negre, alune de padure. Consumul redus, precum si posibilitatea setarii automate a temperaturii pentru prajire si a timpului de prajire sunt doar cateva dintre particularitatile acestui tip de echipament. Tehnologie de prajire pe loturi.\r\n\r\nCaracteristici Tehnice\r\nPuterea Electrica Totala Instalata: 9.28 kW\r\nPresiune Aer in Functionare:10 Bar\r\nPutere Maxima Termica: 80 kW\r\nConsum mediu Gaz: 4,5-9 Nm3\/h\r\nConsum mediu GPL: 3,5-7,5 kg\/h\r\nConsum mediu motorina: 4,5-6,7 lt\/h<\/div><div class=\"hfHpb-actions\"><span class=\"hfHpb-btn\" aria-hidden=\"true\">Descoper\u0103 <svg viewBox=\"0 0 24 24\"><path d=\"M5 12h12\"><\/path><path d=\"M13 6l6 6-6 6\"><\/path><\/svg><\/span><\/div><\/div><\/a><a class=\"hfHpb-card\" role=\"listitem\" href=\"https:\/\/jpx.ro\/eurodac\/product\/cuptor-rotativ-eb80-eb100-eb120\/\"><div class=\"hfHpb-media\"><div class=\"hfHpb-mediaIn\"><img loading=\"lazy\" decoding=\"async\" width=\"300\" height=\"300\" src=\"https:\/\/jpx.ro\/eurodac\/wp-content\/uploads\/2021\/03\/EB80-EB100-EB120-300x300.png\" class=\"hfHpb-img\" alt=\"Cuptor Rotativ EB80 \u2013 EB100 \u2013 EB120\" loading=\"lazy\" srcset=\"https:\/\/jpx.ro\/eurodac\/wp-content\/uploads\/2021\/03\/EB80-EB100-EB120-300x300.png 300w, https:\/\/jpx.ro\/eurodac\/wp-content\/uploads\/2021\/03\/EB80-EB100-EB120-100x100.png 100w, https:\/\/jpx.ro\/eurodac\/wp-content\/uploads\/2021\/03\/EB80-EB100-EB120-150x150.png 150w\" sizes=\"auto, (max-width: 300px) 100vw, 300px\" \/><\/div><\/div><div class=\"hfHpb-meta\"><div class=\"hfHpb-name\">Cuptor Rotativ EB80 \u2013 EB100 \u2013 EB120<\/div><div class=\"hfHpb-preview\">Echipamentele sunt cuptoare rotative inchise perfecte atat pentru prajirea cafelei cat si a produselor din categoriile seminte de dovleac, seminte negre, alune de padure.\r\n\r\nConsumul redus, precum si posibilitatea setarii automate a caldurii pentru prajire si a timpului de prajire sunt doar cateva dintre particularitatile acestui tip de echipament.\r\n\r\nTehnologie de prajire pe loturi.\r\n\r\nCapacitate:\r\n\r\nEB 80 - 120 kg\/ora\r\nEB100 - 150 kg\/ora\r\nEB120 - 180 kg\/ora\r\n\r\nCaracteristici Tehnice:\r\n\r\nPuterea Electrica Totala Instalata: 3,86 kW\r\nPutere Maxima Termica: 80 kW\r\nConsum mediu Gaz: 4,5-9 Nm3\/h\r\nConsum mediu GPL: 3,5-7,5 kg\/h\r\nConsum mediu motorina: 3,57-6,7<\/div><div class=\"hfHpb-actions\"><span class=\"hfHpb-btn\" aria-hidden=\"true\">Descoper\u0103 <svg viewBox=\"0 0 24 24\"><path d=\"M5 12h12\"><\/path><path d=\"M13 6l6 6-6 6\"><\/path><\/svg><\/span><\/div><\/div><\/a><a class=\"hfHpb-card\" role=\"listitem\" href=\"https:\/\/jpx.ro\/eurodac\/product\/echipament-sarare-svlt01\/\"><div class=\"hfHpb-media\"><div class=\"hfHpb-mediaIn\"><img loading=\"lazy\" decoding=\"async\" width=\"243\" height=\"300\" src=\"https:\/\/jpx.ro\/eurodac\/wp-content\/uploads\/2021\/03\/svlt-01-_v2-243x300.png\" class=\"hfHpb-img\" alt=\"Echipament Sarare SVLT01\" loading=\"lazy\" \/><\/div><\/div><div class=\"hfHpb-meta\"><div class=\"hfHpb-name\">Echipament Sarare SVLT01<\/div><div class=\"hfHpb-preview\">Echipament de sarare automat ce poate fi folosit pentru o diversitate de produse precum seminte, nuci, alune, migdale, fistic etc.\r\n\r\nEchipamentul permite dozarea in functie de reteta, avand capacitati maxime diferite pentru fiecare tip de produs in parte.Permite salvarea in\r\nPLC a 15 tipuri de retete, acestea putand fi selectate automat din touch screen in functie de produs si de preferinte.\r\n\r\nDe asemenea solutia de sarare poate fi mixata separat intr-un vas de omogenizare sau poate fi preparata direct in buncarul de amestecare. Este prevazut cu pompa de recirculare a solutiei pentru un consum optim.\r\nAcest echipament poate fi integrat intr-o linie completa de prajire si sarare, ca parte integranta a liniei.\r\n\r\nCapacitate:\r\n\r\nSarare Seminte Floarea Soarelul - 1000 kg\/h\r\nSarare Alune - 1400 kg\/h\r\nSarare Alune in Coaja - 450 kg\/h\r\nSarare Naut - 1500 kg\/h\r\nMigdale - 1500 kg\/h\r\nAlune de Padure - 2500 kg\/h\r\nSarare Seminte Dovleac - 700 kg\/h<\/div><div class=\"hfHpb-actions\"><span class=\"hfHpb-btn\" aria-hidden=\"true\">Descoper\u0103 <svg viewBox=\"0 0 24 24\"><path d=\"M5 12h12\"><\/path><path d=\"M13 6l6 6-6 6\"><\/path><\/svg><\/span><\/div><\/div><\/a><\/div><\/div><\/section>\n<\/div>\n\t\t\t\t\t\t<\/div>\n\t\t\t\t<\/div>\n\t\t\t\t\t<\/div>\n\t\t<\/div>\n\t\t\t\t\t<\/div>\n\t\t<\/section>\n\t\t\t\t<\/div>\n\t\t","protected":false},"excerpt":{"rendered":"<p>Cuptoare pr\u0103jire Cuptoare de pr\u0103jire pentru linii industriale, proiectate pentru \u00eenc\u0103lzire uniform\u0103, control precis al procesului \u0219i productivitate ridicat\u0103. Solu\u021bii potrivite pentru fluxuri continue \u0219i rezultate repetabile.<\/p>\n","protected":false},"author":1,"featured_media":0,"parent":0,"menu_order":0,"comment_status":"closed","ping_status":"closed","template":"elementor_header_footer","meta":{"footnotes":""},"class_list":["post-7137","page","type-page","status-publish","hentry"],"_links":{"self":[{"href":"https:\/\/jpx.ro\/eurodac\/wp-json\/wp\/v2\/pages\/7137","targetHints":{"allow":["GET"]}}],"collection":[{"href":"https:\/\/jpx.ro\/eurodac\/wp-json\/wp\/v2\/pages"}],"about":[{"href":"https:\/\/jpx.ro\/eurodac\/wp-json\/wp\/v2\/types\/page"}],"author":[{"embeddable":true,"href":"https:\/\/jpx.ro\/eurodac\/wp-json\/wp\/v2\/users\/1"}],"replies":[{"embeddable":true,"href":"https:\/\/jpx.ro\/eurodac\/wp-json\/wp\/v2\/comments?post=7137"}],"version-history":[{"count":13,"href":"https:\/\/jpx.ro\/eurodac\/wp-json\/wp\/v2\/pages\/7137\/revisions"}],"predecessor-version":[{"id":11879,"href":"https:\/\/jpx.ro\/eurodac\/wp-json\/wp\/v2\/pages\/7137\/revisions\/11879"}],"wp:attachment":[{"href":"https:\/\/jpx.ro\/eurodac\/wp-json\/wp\/v2\/media?parent=7137"}],"curies":[{"name":"wp","href":"https:\/\/api.w.org\/{rel}","templated":true}]}}