{"id":32307,"date":"2025-10-18T12:35:58","date_gmt":"2025-10-18T10:35:58","guid":{"rendered":"https:\/\/jpx.ro\/belsystem\/produs\/compact-vacuum-pad-with-adapter-one-touch-fittings-zp3-yu-um-2\/"},"modified":"2025-10-22T10:45:56","modified_gmt":"2025-10-22T08:45:56","slug":"compact-vacuum-pad-with-adapter-one-touch-fittings-zp3-yu-um-2","status":"publish","type":"product","link":"https:\/\/jpx.ro\/belsystem\/produs\/compact-vacuum-pad-with-adapter-one-touch-fittings-zp3-yu-um-2\/","title":{"rendered":"Vacuum compact cu adaptor \u0219i fitinguri cu o singur\u0103 atingere &#8211; ZP3-Y*U\/UM"},"content":{"rendered":"<div class=\"col-12 col-lg-8\">\n<h1 class=\"heading-02\" data-swiftype-index=\"true\">Vacumetru compact cu adaptor \u0219i fitinguri cu o singur\u0103 atingere &#8211; ZP3-Y*U\/UM<\/h1>\n<h2 class=\"heading-03 sub-description\" data-swiftype-index=\"true\"><\/h2>\n<div class=\"col-12 name-description name-description-desktop\">\n<div class=\"description\">\n<ul>\n<li>Dimensiuni vacuum: \u00d8 1,5 p\u00e2n\u0103 la \u00d8 16 mm<\/li>\n<li>Forme: Tip plat, Tip plat cu canelur\u0103<\/li>\n<li>Materiale: NBR, Cauciuc siliconic, Cauciuc uretanic, FKM, NBR conductiv, Cauciuc siliconic conductiv<\/li>\n<li>Op\u021biuni: Filet interior, fiting cu o singur\u0103 atingere \u0219i cu canelur\u0103, Intrare lateral\u0103 de vid.<\/li>\n<\/ul>\n<\/div>\n<\/div>\n<\/div>\n","protected":false},"excerpt":{"rendered":"<p>Vacumetru compact cu adaptor \u0219i fitinguri cu o singur\u0103 atingere &#8211; ZP3-Y*U\/UM Dimensiuni vacuum: \u00d8 1,5 p\u00e2n\u0103 la \u00d8 16 mm Forme: Tip plat, Tip plat cu canelur\u0103 Materiale: NBR, Cauciuc siliconic, Cauciuc uretanic, FKM, NBR conductiv, Cauciuc siliconic conductiv Op\u021biuni: Filet interior, fiting cu o singur\u0103 atingere \u0219i cu canelur\u0103, Intrare lateral\u0103 de vid.<\/p>\n","protected":false},"featured_media":31974,"template":"","meta":[],"product_brand":[],"product_cat":[1323],"product_tag":[1345,1349,1324,1348,1319],"class_list":{"0":"post-32307","1":"product","2":"type-product","3":"status-publish","4":"has-post-thumbnail","6":"product_cat-ventuze-de-vacuum","7":"product_tag-flat","8":"product_tag-lateral-adapter-with-one-touch-fitting","9":"product_tag-vacuum-pads","10":"product_tag-vacuum-pads-with-adapter-lateral-entry-with-one-touch-fitting","11":"product_tag-vacuum-products","13":"first","14":"instock","15":"taxable","16":"shipping-taxable","17":"purchasable","18":"product-type-simple"},"_links":{"self":[{"href":"https:\/\/jpx.ro\/belsystem\/wp-json\/wp\/v2\/product\/32307","targetHints":{"allow":["GET"]}}],"collection":[{"href":"https:\/\/jpx.ro\/belsystem\/wp-json\/wp\/v2\/product"}],"about":[{"href":"https:\/\/jpx.ro\/belsystem\/wp-json\/wp\/v2\/types\/product"}],"wp:featuredmedia":[{"embeddable":true,"href":"https:\/\/jpx.ro\/belsystem\/wp-json\/wp\/v2\/media\/31974"}],"wp:attachment":[{"href":"https:\/\/jpx.ro\/belsystem\/wp-json\/wp\/v2\/media?parent=32307"}],"wp:term":[{"taxonomy":"product_brand","embeddable":true,"href":"https:\/\/jpx.ro\/belsystem\/wp-json\/wp\/v2\/product_brand?post=32307"},{"taxonomy":"product_cat","embeddable":true,"href":"https:\/\/jpx.ro\/belsystem\/wp-json\/wp\/v2\/product_cat?post=32307"},{"taxonomy":"product_tag","embeddable":true,"href":"https:\/\/jpx.ro\/belsystem\/wp-json\/wp\/v2\/product_tag?post=32307"}],"curies":[{"name":"wp","href":"https:\/\/api.w.org\/{rel}","templated":true}]}}