{"id":32304,"date":"2025-10-18T12:35:57","date_gmt":"2025-10-18T10:35:57","guid":{"rendered":"https:\/\/jpx.ro\/belsystem\/produs\/thin-vacuum-pad-with-lock-ring-zpr-utct-2\/"},"modified":"2025-10-22T10:45:56","modified_gmt":"2025-10-22T08:45:56","slug":"thin-vacuum-pad-with-lock-ring-zpr-utct-2","status":"publish","type":"product","link":"https:\/\/jpx.ro\/belsystem\/produs\/thin-vacuum-pad-with-lock-ring-zpr-utct-2\/","title":{"rendered":"Pern\u0103 de vid sub\u021bire cu inel de blocare &#8211; ZPR (UT,CT)"},"content":{"rendered":"<div class=\"col-12 col-lg-8\">\n<h1 class=\"heading-02\" data-swiftype-index=\"true\"><\/h1>\n<h2 class=\"heading-03 sub-description\" data-swiftype-index=\"true\"><\/h2>\n<div class=\"col-12 name-description name-description-desktop\">\n<div class=\"description\">\n<ul>\n<li>Dimensiuni pl\u0103cu\u021be: \u00d8 10 &#8211; \u00d8 16 mm<\/li>\n<li>Forme: Tip sub\u021bire \u0219i plat, Tip sub\u021bire \u0219i plat cu nervuri<\/li>\n<li>Materiale: NBR, Cauciuc siliconic, Cauciuc uretanic, Cauciuc fluorurat, NBR conductiv, Cauciuc siliconic conductiv<\/li>\n<li>Op\u021biuni: Intrare lateral\u0103 \u00een vid cu montare rapid\u0103.<\/li>\n<\/ul>\n<\/div>\n<\/div>\n<\/div>\n","protected":false},"excerpt":{"rendered":"<p>Dimensiuni pl\u0103cu\u021be: \u00d8 10 &#8211; \u00d8 16 mm Forme: Tip sub\u021bire \u0219i plat, Tip sub\u021bire \u0219i plat cu nervuri Materiale: NBR, Cauciuc siliconic, Cauciuc uretanic, Cauciuc fluorurat, NBR conductiv, Cauciuc siliconic conductiv Op\u021biuni: Intrare lateral\u0103 \u00een vid cu montare rapid\u0103.<\/p>\n","protected":false},"featured_media":31896,"template":"","meta":[],"product_brand":[],"product_cat":[1323],"product_tag":[1345,1349,1324,1348,1319],"class_list":{"0":"post-32304","1":"product","2":"type-product","3":"status-publish","4":"has-post-thumbnail","6":"product_cat-ventuze-de-vacuum","7":"product_tag-flat","8":"product_tag-lateral-adapter-with-one-touch-fitting","9":"product_tag-vacuum-pads","10":"product_tag-vacuum-pads-with-adapter-lateral-entry-with-one-touch-fitting","11":"product_tag-vacuum-products","13":"first","14":"instock","15":"taxable","16":"shipping-taxable","17":"purchasable","18":"product-type-simple"},"_links":{"self":[{"href":"https:\/\/jpx.ro\/belsystem\/wp-json\/wp\/v2\/product\/32304","targetHints":{"allow":["GET"]}}],"collection":[{"href":"https:\/\/jpx.ro\/belsystem\/wp-json\/wp\/v2\/product"}],"about":[{"href":"https:\/\/jpx.ro\/belsystem\/wp-json\/wp\/v2\/types\/product"}],"wp:featuredmedia":[{"embeddable":true,"href":"https:\/\/jpx.ro\/belsystem\/wp-json\/wp\/v2\/media\/31896"}],"wp:attachment":[{"href":"https:\/\/jpx.ro\/belsystem\/wp-json\/wp\/v2\/media?parent=32304"}],"wp:term":[{"taxonomy":"product_brand","embeddable":true,"href":"https:\/\/jpx.ro\/belsystem\/wp-json\/wp\/v2\/product_brand?post=32304"},{"taxonomy":"product_cat","embeddable":true,"href":"https:\/\/jpx.ro\/belsystem\/wp-json\/wp\/v2\/product_cat?post=32304"},{"taxonomy":"product_tag","embeddable":true,"href":"https:\/\/jpx.ro\/belsystem\/wp-json\/wp\/v2\/product_tag?post=32304"}],"curies":[{"name":"wp","href":"https:\/\/api.w.org\/{rel}","templated":true}]}}