{"id":32255,"date":"2025-10-18T12:34:23","date_gmt":"2025-10-18T10:34:23","guid":{"rendered":"https:\/\/jpx.ro\/belsystem\/produs\/non-contact-gripper-bernoulli-square-type-xt661-x322\/"},"modified":"2025-10-22T10:45:51","modified_gmt":"2025-10-22T08:45:51","slug":"non-contact-gripper-bernoulli-square-type-xt661-x322","status":"publish","type":"product","link":"https:\/\/jpx.ro\/belsystem\/produs\/non-contact-gripper-bernoulli-square-type-xt661-x322\/","title":{"rendered":"Gripper f\u0103r\u0103 contact, tip p\u0103trat Bernoulli &#8211; XT661-X322"},"content":{"rendered":"<div class=\"col-12 col-lg-8\">\n<h1 class=\"heading-02\" data-swiftype-index=\"true\"><\/h1>\n<h2 class=\"heading-03 sub-description\" data-swiftype-index=\"true\"><\/h2>\n<div class=\"col-12 name-description name-description-desktop\">\n<div class=\"description\">\n<ul>\n<li>Dimensiuni pl\u0103cu\u021be: \u00d8 120 &#8211; \u00d8 150 mm<\/li>\n<li>Compacte \u0219i u\u0219oare<\/li>\n<li>Reducerea sarcinii de rota\u021bie<\/li>\n<li>Standardizare multi-port<\/li>\n<li>F\u0103r\u0103 gr\u0103sime<\/li>\n<li>Posibil de demontat \u0219i cur\u0103\u021bat pe interior.<\/li>\n<\/ul>\n<\/div>\n<\/div>\n<\/div>\n","protected":false},"excerpt":{"rendered":"<p>Dimensiuni pl\u0103cu\u021be: \u00d8 120 &#8211; \u00d8 150 mm Compacte \u0219i u\u0219oare Reducerea sarcinii de rota\u021bie Standardizare multi-port F\u0103r\u0103 gr\u0103sime Posibil de demontat \u0219i cur\u0103\u021bat pe interior.<\/p>\n","protected":false},"featured_media":32254,"template":"","meta":[],"product_brand":[],"product_cat":[1323],"product_tag":[1433,1324,1319],"class_list":{"0":"post-32255","1":"product","2":"type-product","3":"status-publish","4":"has-post-thumbnail","6":"product_cat-ventuze-de-vacuum","7":"product_tag-non-contact-grippers","8":"product_tag-vacuum-pads","9":"product_tag-vacuum-products","11":"first","12":"instock","13":"taxable","14":"shipping-taxable","15":"purchasable","16":"product-type-simple"},"_links":{"self":[{"href":"https:\/\/jpx.ro\/belsystem\/wp-json\/wp\/v2\/product\/32255","targetHints":{"allow":["GET"]}}],"collection":[{"href":"https:\/\/jpx.ro\/belsystem\/wp-json\/wp\/v2\/product"}],"about":[{"href":"https:\/\/jpx.ro\/belsystem\/wp-json\/wp\/v2\/types\/product"}],"wp:featuredmedia":[{"embeddable":true,"href":"https:\/\/jpx.ro\/belsystem\/wp-json\/wp\/v2\/media\/32254"}],"wp:attachment":[{"href":"https:\/\/jpx.ro\/belsystem\/wp-json\/wp\/v2\/media?parent=32255"}],"wp:term":[{"taxonomy":"product_brand","embeddable":true,"href":"https:\/\/jpx.ro\/belsystem\/wp-json\/wp\/v2\/product_brand?post=32255"},{"taxonomy":"product_cat","embeddable":true,"href":"https:\/\/jpx.ro\/belsystem\/wp-json\/wp\/v2\/product_cat?post=32255"},{"taxonomy":"product_tag","embeddable":true,"href":"https:\/\/jpx.ro\/belsystem\/wp-json\/wp\/v2\/product_tag?post=32255"}],"curies":[{"name":"wp","href":"https:\/\/api.w.org\/{rel}","templated":true}]}}