{"id":32251,"date":"2025-10-18T12:34:21","date_gmt":"2025-10-18T10:34:21","guid":{"rendered":"https:\/\/jpx.ro\/belsystem\/produs\/non-contact-gripper-low-profile-cyclone-type-xt661-x260\/"},"modified":"2025-10-22T10:45:51","modified_gmt":"2025-10-22T08:45:51","slug":"non-contact-gripper-low-profile-cyclone-type-xt661-x260","status":"publish","type":"product","link":"https:\/\/jpx.ro\/belsystem\/produs\/non-contact-gripper-low-profile-cyclone-type-xt661-x260\/","title":{"rendered":"Gripper f\u0103r\u0103 contact, tip ciclon cu profil redus &#8211; XT661-X260"},"content":{"rendered":"<div class=\"col-12 col-lg-8\">\n<h1 class=\"heading-02\" data-swiftype-index=\"true\"><\/h1>\n<h2 class=\"heading-03 sub-description\" data-swiftype-index=\"true\"><\/h2>\n<div class=\"col-12 name-description name-description-desktop\">\n<div class=\"description\">\n<ul>\n<li>Dimensiuni pad: \u00d8 20 &#8211; \u00d8 25 mm<\/li>\n<li>Grosime redus\u0103 \u0219i greutate redus\u0103.<\/li>\n<li>Compactitatea \u0219i greutatea redus\u0103 \u00eel fac potrivit pentru montarea pe un bra\u021b robotic.<\/li>\n<\/ul>\n<\/div>\n<\/div>\n<\/div>\n","protected":false},"excerpt":{"rendered":"<p>Dimensiuni pad: \u00d8 20 &#8211; \u00d8 25 mm Grosime redus\u0103 \u0219i greutate redus\u0103. Compactitatea \u0219i greutatea redus\u0103 \u00eel fac potrivit pentru montarea pe un bra\u021b robotic.<\/p>\n","protected":false},"featured_media":32250,"template":"","meta":[],"product_brand":[],"product_cat":[1323],"product_tag":[1433,1324,1319],"class_list":{"0":"post-32251","1":"product","2":"type-product","3":"status-publish","4":"has-post-thumbnail","6":"product_cat-ventuze-de-vacuum","7":"product_tag-non-contact-grippers","8":"product_tag-vacuum-pads","9":"product_tag-vacuum-products","11":"first","12":"instock","13":"taxable","14":"shipping-taxable","15":"purchasable","16":"product-type-simple"},"_links":{"self":[{"href":"https:\/\/jpx.ro\/belsystem\/wp-json\/wp\/v2\/product\/32251","targetHints":{"allow":["GET"]}}],"collection":[{"href":"https:\/\/jpx.ro\/belsystem\/wp-json\/wp\/v2\/product"}],"about":[{"href":"https:\/\/jpx.ro\/belsystem\/wp-json\/wp\/v2\/types\/product"}],"wp:featuredmedia":[{"embeddable":true,"href":"https:\/\/jpx.ro\/belsystem\/wp-json\/wp\/v2\/media\/32250"}],"wp:attachment":[{"href":"https:\/\/jpx.ro\/belsystem\/wp-json\/wp\/v2\/media?parent=32251"}],"wp:term":[{"taxonomy":"product_brand","embeddable":true,"href":"https:\/\/jpx.ro\/belsystem\/wp-json\/wp\/v2\/product_brand?post=32251"},{"taxonomy":"product_cat","embeddable":true,"href":"https:\/\/jpx.ro\/belsystem\/wp-json\/wp\/v2\/product_cat?post=32251"},{"taxonomy":"product_tag","embeddable":true,"href":"https:\/\/jpx.ro\/belsystem\/wp-json\/wp\/v2\/product_tag?post=32251"}],"curies":[{"name":"wp","href":"https:\/\/api.w.org\/{rel}","templated":true}]}}