{"id":32214,"date":"2025-10-17T18:58:28","date_gmt":"2025-10-17T16:58:28","guid":{"rendered":"https:\/\/jpx.ro\/belsystem\/produs\/compact-vacuum-pad-with-buffer-zp3e-y-2\/"},"modified":"2025-10-22T10:45:49","modified_gmt":"2025-10-22T08:45:49","slug":"compact-vacuum-pad-with-buffer-zp3e-y-2","status":"publish","type":"product","link":"https:\/\/jpx.ro\/belsystem\/produs\/compact-vacuum-pad-with-buffer-zp3e-y-2\/","title":{"rendered":"Pern\u0103 de vid compact\u0103 cu buffer &#8211; ZP3E-Y"},"content":{"rendered":"<div class=\"col-12 col-lg-8\">\n<h1 class=\"heading-02\" data-swiftype-index=\"true\"><\/h1>\n<h2 class=\"heading-03 sub-description\" data-swiftype-index=\"true\"><\/h2>\n<div class=\"col-12 name-description name-description-desktop\">\n<div class=\"description\">\n<ul>\n<li>Dimensiuni pl\u0103cu\u021be: \u00d8 32 p\u00e2n\u0103 la \u00d8 125 mm<\/li>\n<li>Forme: Tip plat cu canelur\u0103<\/li>\n<li>Materiale: NBR, Cauciuc siliconic, Cauciuc uretanic, FKM, NBR f\u0103r\u0103 urme<\/li>\n<li>Op\u021biuni: Filet interior tampon, Intrare lateral\u0103 \u00een vid.<\/li>\n<ul><\/ul>\n<\/ul>\n<\/div>\n<\/div>\n<\/div>\n","protected":false},"excerpt":{"rendered":"<p>Dimensiuni pl\u0103cu\u021be: \u00d8 32 p\u00e2n\u0103 la \u00d8 125 mm Forme: Tip plat cu canelur\u0103 Materiale: NBR, Cauciuc siliconic, Cauciuc uretanic, FKM, NBR f\u0103r\u0103 urme Op\u021biuni: Filet interior tampon, Intrare lateral\u0103 \u00een vid.<\/p>\n","protected":false},"featured_media":32213,"template":"","meta":[],"product_brand":[],"product_cat":[1323],"product_tag":[1345,1428,1324,1427,1319],"class_list":{"0":"post-32214","1":"product","2":"type-product","3":"status-publish","4":"has-post-thumbnail","6":"product_cat-ventuze-de-vacuum","7":"product_tag-flat","8":"product_tag-lateral-adapter","9":"product_tag-vacuum-pads","10":"product_tag-vacuum-pads-with-adapter-pad-lateral-entry","11":"product_tag-vacuum-products","13":"first","14":"instock","15":"taxable","16":"shipping-taxable","17":"purchasable","18":"product-type-simple"},"_links":{"self":[{"href":"https:\/\/jpx.ro\/belsystem\/wp-json\/wp\/v2\/product\/32214","targetHints":{"allow":["GET"]}}],"collection":[{"href":"https:\/\/jpx.ro\/belsystem\/wp-json\/wp\/v2\/product"}],"about":[{"href":"https:\/\/jpx.ro\/belsystem\/wp-json\/wp\/v2\/types\/product"}],"wp:featuredmedia":[{"embeddable":true,"href":"https:\/\/jpx.ro\/belsystem\/wp-json\/wp\/v2\/media\/32213"}],"wp:attachment":[{"href":"https:\/\/jpx.ro\/belsystem\/wp-json\/wp\/v2\/media?parent=32214"}],"wp:term":[{"taxonomy":"product_brand","embeddable":true,"href":"https:\/\/jpx.ro\/belsystem\/wp-json\/wp\/v2\/product_brand?post=32214"},{"taxonomy":"product_cat","embeddable":true,"href":"https:\/\/jpx.ro\/belsystem\/wp-json\/wp\/v2\/product_cat?post=32214"},{"taxonomy":"product_tag","embeddable":true,"href":"https:\/\/jpx.ro\/belsystem\/wp-json\/wp\/v2\/product_tag?post=32214"}],"curies":[{"name":"wp","href":"https:\/\/api.w.org\/{rel}","templated":true}]}}