{"id":32169,"date":"2025-10-17T18:58:11","date_gmt":"2025-10-17T16:58:11","guid":{"rendered":"https:\/\/jpx.ro\/belsystem\/produs\/oval-flat-shape-with-non-slip-feature-with-buffer-zp3m-wkb\/"},"modified":"2025-10-22T10:45:40","modified_gmt":"2025-10-22T08:45:40","slug":"oval-flat-shape-with-non-slip-feature-with-buffer-zp3m-wkb","status":"publish","type":"product","link":"https:\/\/jpx.ro\/belsystem\/produs\/oval-flat-shape-with-non-slip-feature-with-buffer-zp3m-wkb\/","title":{"rendered":"Form\u0103 oval\u0103 plat\u0103 cu caracteristic\u0103 antiderapant\u0103, cu tampon \u2013 ZP3M-#W#KB"},"content":{"rendered":"<div class=\"col-12 col-lg-8\">\n<h1 class=\"heading-02\" data-swiftype-index=\"true\">#<\/h1>\n<h2 class=\"heading-03 sub-description\" data-swiftype-index=\"true\"><\/h2>\n<div class=\"col-12 name-description name-description-desktop\">\n<div class=\"description\">\n<ul>\n<li>Dimensiuni pl\u0103cu\u021be: 16 x 50, 30 x 90, 40 x 80, 50 x 100<\/li>\n<li>Nervii speciale antiderapante<\/li>\n<li>Material: FS61 (cauciuc pe baz\u0103 de fluor)<\/li>\n<li>Duritate pl\u0103cu\u021b\u0103 (Shore A: \u00b15\u00b0): 60\u00ba<\/li>\n<li>Interval temperatur\u0103 de func\u021bionare la suprafa\u021b\u0103: 0 p\u00e2n\u0103 la 200 \u00baC<\/li>\n<li>Adaptor &amp; Interval temperatur\u0103 de func\u021bionare tampon: 0 p\u00e2n\u0103 la 150 \u00baC<\/li>\n<li>Deschidere filtru sit\u0103: 250 \u03bcm<\/li>\n<li>Op\u021biuni: filet exterior \u0219i interior \u0219i intrare vertical\u0103 p\u0103trat\u0103 \u00een vid.<\/li>\n<li>Curs\u0103 tampon: 10, 30, 50 mm.<\/li>\n<\/ul>\n<\/div>\n<\/div>\n<\/div>\n","protected":false},"excerpt":{"rendered":"<p># Dimensiuni pl\u0103cu\u021be: 16 x 50, 30 x 90, 40 x 80, 50 x 100 Nervii speciale antiderapante Material: FS61 (cauciuc pe baz\u0103 de fluor) Duritate pl\u0103cu\u021b\u0103 (Shore A: \u00b15\u00b0): 60\u00ba Interval temperatur\u0103 de func\u021bionare la suprafa\u021b\u0103: 0 p\u00e2n\u0103 la 200 \u00baC Adaptor &amp; Interval temperatur\u0103 de func\u021bionare tampon: 0 p\u00e2n\u0103 la 150 \u00baC Deschidere [&hellip;]<\/p>\n","protected":false},"featured_media":32168,"template":"","meta":[],"product_brand":[],"product_cat":[1323],"product_tag":[1344,1324,1328,1319,1329],"class_list":{"0":"post-32169","1":"product","2":"type-product","3":"status-publish","4":"has-post-thumbnail","6":"product_cat-ventuze-de-vacuum","7":"product_tag-oval","8":"product_tag-vacuum-pads","9":"product_tag-vacuum-pads-with-adapter-pad-vertical-entry","10":"product_tag-vacuum-products","11":"product_tag-vertical-adapter","13":"first","14":"instock","15":"taxable","16":"shipping-taxable","17":"purchasable","18":"product-type-simple"},"_links":{"self":[{"href":"https:\/\/jpx.ro\/belsystem\/wp-json\/wp\/v2\/product\/32169","targetHints":{"allow":["GET"]}}],"collection":[{"href":"https:\/\/jpx.ro\/belsystem\/wp-json\/wp\/v2\/product"}],"about":[{"href":"https:\/\/jpx.ro\/belsystem\/wp-json\/wp\/v2\/types\/product"}],"wp:featuredmedia":[{"embeddable":true,"href":"https:\/\/jpx.ro\/belsystem\/wp-json\/wp\/v2\/media\/32168"}],"wp:attachment":[{"href":"https:\/\/jpx.ro\/belsystem\/wp-json\/wp\/v2\/media?parent=32169"}],"wp:term":[{"taxonomy":"product_brand","embeddable":true,"href":"https:\/\/jpx.ro\/belsystem\/wp-json\/wp\/v2\/product_brand?post=32169"},{"taxonomy":"product_cat","embeddable":true,"href":"https:\/\/jpx.ro\/belsystem\/wp-json\/wp\/v2\/product_cat?post=32169"},{"taxonomy":"product_tag","embeddable":true,"href":"https:\/\/jpx.ro\/belsystem\/wp-json\/wp\/v2\/product_tag?post=32169"}],"curies":[{"name":"wp","href":"https:\/\/api.w.org\/{rel}","templated":true}]}}