{"id":32158,"date":"2025-10-17T18:58:06","date_gmt":"2025-10-17T16:58:06","guid":{"rendered":"https:\/\/jpx.ro\/belsystem\/produs\/abrasion-resistant-2-5-stage-bellows-zp3c2\/"},"modified":"2025-10-22T10:45:40","modified_gmt":"2025-10-22T08:45:40","slug":"abrasion-resistant-2-5-stage-bellows-zp3c2","status":"publish","type":"product","link":"https:\/\/jpx.ro\/belsystem\/produs\/abrasion-resistant-2-5-stage-bellows-zp3c2\/","title":{"rendered":"Rezistent la abraziune, burduf cu 2,5 etape \u2013 ZP3C2"},"content":{"rendered":"<div class=\"col-12 col-lg-8\">\n<h1 class=\"heading-02\" data-swiftype-index=\"true\"><\/h1>\n<h2 class=\"heading-03 sub-description\" data-swiftype-index=\"true\"><\/h2>\n<div class=\"col-12 name-description name-description-desktop\">\n<div class=\"description\">\n<ul>\n<li>Dimensiuni pl\u0103cu\u021be: \u00f820, \u00f825, \u00f832, \u00f840 \u0219i \u00f850<\/li>\n<li>Material: FS61 (cauciuc pe baz\u0103 de fluor)<\/li>\n<li>Duritate pl\u0103cu\u021b\u0103 (Shore A: \u00b15\u00b0): 60\u00ba<\/li>\n<li>Deschidere filtru sit\u0103: 250 \u03bcm.<\/li>\n<\/ul>\n<\/div>\n<\/div>\n<\/div>\n","protected":false},"excerpt":{"rendered":"<p>Dimensiuni pl\u0103cu\u021be: \u00f820, \u00f825, \u00f832, \u00f840 \u0219i \u00f850 Material: FS61 (cauciuc pe baz\u0103 de fluor) Duritate pl\u0103cu\u021b\u0103 (Shore A: \u00b15\u00b0): 60\u00ba Deschidere filtru sit\u0103: 250 \u03bcm.<\/p>\n","protected":false},"featured_media":32157,"template":"","meta":[],"product_brand":[],"product_cat":[1323],"product_tag":[1343,1327,1324,1325,1319],"class_list":{"0":"post-32158","1":"product","2":"type-product","3":"status-publish","4":"has-post-thumbnail","6":"product_cat-ventuze-de-vacuum","7":"product_tag-bellows","8":"product_tag-only-pad","9":"product_tag-vacuum-pads","10":"product_tag-vacuum-pads-only-maintenance-parts-accessories","11":"product_tag-vacuum-products","13":"first","14":"instock","15":"taxable","16":"shipping-taxable","17":"purchasable","18":"product-type-simple"},"_links":{"self":[{"href":"https:\/\/jpx.ro\/belsystem\/wp-json\/wp\/v2\/product\/32158","targetHints":{"allow":["GET"]}}],"collection":[{"href":"https:\/\/jpx.ro\/belsystem\/wp-json\/wp\/v2\/product"}],"about":[{"href":"https:\/\/jpx.ro\/belsystem\/wp-json\/wp\/v2\/types\/product"}],"wp:featuredmedia":[{"embeddable":true,"href":"https:\/\/jpx.ro\/belsystem\/wp-json\/wp\/v2\/media\/32157"}],"wp:attachment":[{"href":"https:\/\/jpx.ro\/belsystem\/wp-json\/wp\/v2\/media?parent=32158"}],"wp:term":[{"taxonomy":"product_brand","embeddable":true,"href":"https:\/\/jpx.ro\/belsystem\/wp-json\/wp\/v2\/product_brand?post=32158"},{"taxonomy":"product_cat","embeddable":true,"href":"https:\/\/jpx.ro\/belsystem\/wp-json\/wp\/v2\/product_cat?post=32158"},{"taxonomy":"product_tag","embeddable":true,"href":"https:\/\/jpx.ro\/belsystem\/wp-json\/wp\/v2\/product_tag?post=32158"}],"curies":[{"name":"wp","href":"https:\/\/api.w.org\/{rel}","templated":true}]}}