{"id":32132,"date":"2025-10-17T18:57:57","date_gmt":"2025-10-17T16:57:57","guid":{"rendered":"https:\/\/jpx.ro\/belsystem\/produs\/vacuum-pad-with-buffer-one-touch-fittings-zp3-yb\/"},"modified":"2025-10-22T10:45:36","modified_gmt":"2025-10-22T08:45:36","slug":"vacuum-pad-with-buffer-one-touch-fittings-zp3-yb","status":"publish","type":"product","link":"https:\/\/jpx.ro\/belsystem\/produs\/vacuum-pad-with-buffer-one-touch-fittings-zp3-yb\/","title":{"rendered":"Pern\u0103 de vid cu tampon \u0219i fitinguri cu o singur\u0103 atingere &#8211; ZP3-Y*B"},"content":{"rendered":"<div class=\"col-12 col-lg-8\">\n<h1 class=\"heading-02\" data-swiftype-index=\"true\">Disc de vid cu tampon \u0219i fitinguri cu o singur\u0103 atingere &#8211; ZP3-Y*B<\/h1>\n<h2 class=\"heading-03 sub-description\" data-swiftype-index=\"true\"><\/h2>\n<div class=\"col-12 name-description name-description-desktop\">\n<div class=\"description\">\n<ul>\n<li>Dimensiuni disc: \u00d8 4 p\u00e2n\u0103 la \u00d8 16 mm<\/li>\n<li>Forme: Tip cu burduf<\/li>\n<li>Materiale: NBR, cauciuc siliconic, cauciuc uretanic, FKM, NBR conductiv, cauciuc siliconic conductiv<\/li>\n<li>Op\u021biuni: Filet interior, fiting cu o singur\u0103 atingere \u0219i cu m\u00e2ner, tampon, intrare lateral\u0103 de vid.<\/li>\n<\/ul>\n<\/div>\n<\/div>\n<\/div>\n","protected":false},"excerpt":{"rendered":"<p>Disc de vid cu tampon \u0219i fitinguri cu o singur\u0103 atingere &#8211; ZP3-Y*B Dimensiuni disc: \u00d8 4 p\u00e2n\u0103 la \u00d8 16 mm Forme: Tip cu burduf Materiale: NBR, cauciuc siliconic, cauciuc uretanic, FKM, NBR conductiv, cauciuc siliconic conductiv Op\u021biuni: Filet interior, fiting cu o singur\u0103 atingere \u0219i cu m\u00e2ner, tampon, intrare lateral\u0103 de vid.<\/p>\n","protected":false},"featured_media":32131,"template":"","meta":[],"product_brand":[],"product_cat":[1323],"product_tag":[1343,1349,1324,1348,1319],"class_list":{"0":"post-32132","1":"product","2":"type-product","3":"status-publish","4":"has-post-thumbnail","6":"product_cat-ventuze-de-vacuum","7":"product_tag-bellows","8":"product_tag-lateral-adapter-with-one-touch-fitting","9":"product_tag-vacuum-pads","10":"product_tag-vacuum-pads-with-adapter-lateral-entry-with-one-touch-fitting","11":"product_tag-vacuum-products","13":"first","14":"instock","15":"taxable","16":"shipping-taxable","17":"purchasable","18":"product-type-simple"},"_links":{"self":[{"href":"https:\/\/jpx.ro\/belsystem\/wp-json\/wp\/v2\/product\/32132","targetHints":{"allow":["GET"]}}],"collection":[{"href":"https:\/\/jpx.ro\/belsystem\/wp-json\/wp\/v2\/product"}],"about":[{"href":"https:\/\/jpx.ro\/belsystem\/wp-json\/wp\/v2\/types\/product"}],"wp:featuredmedia":[{"embeddable":true,"href":"https:\/\/jpx.ro\/belsystem\/wp-json\/wp\/v2\/media\/32131"}],"wp:attachment":[{"href":"https:\/\/jpx.ro\/belsystem\/wp-json\/wp\/v2\/media?parent=32132"}],"wp:term":[{"taxonomy":"product_brand","embeddable":true,"href":"https:\/\/jpx.ro\/belsystem\/wp-json\/wp\/v2\/product_brand?post=32132"},{"taxonomy":"product_cat","embeddable":true,"href":"https:\/\/jpx.ro\/belsystem\/wp-json\/wp\/v2\/product_cat?post=32132"},{"taxonomy":"product_tag","embeddable":true,"href":"https:\/\/jpx.ro\/belsystem\/wp-json\/wp\/v2\/product_tag?post=32132"}],"curies":[{"name":"wp","href":"https:\/\/api.w.org\/{rel}","templated":true}]}}