{"id":31931,"date":"2025-10-17T18:52:30","date_gmt":"2025-10-17T16:52:30","guid":{"rendered":"https:\/\/jpx.ro\/belsystem\/produs\/vacuum-pad-for-fixing-panel-zp2-z00\/"},"modified":"2025-10-22T10:45:18","modified_gmt":"2025-10-22T08:45:18","slug":"vacuum-pad-for-fixing-panel-zp2-z00","status":"publish","type":"product","link":"https:\/\/jpx.ro\/belsystem\/produs\/vacuum-pad-for-fixing-panel-zp2-z00\/","title":{"rendered":"Ventuz\u0103 pentru fixarea panoului &#8211; ZP2-Z00*"},"content":{"rendered":"<div class=\"col-12 col-lg-8\">\n<h1 class=\"heading-02\" data-swiftype-index=\"true\"><\/h1>\n<h2 class=\"heading-03 sub-description\" data-swiftype-index=\"true\"><\/h2>\n<div class=\"col-12 name-description name-description-desktop\">\n<div class=\"description\">\n<ul>\n<li>M\u0103rimi: \u00d8 20 p\u00e2n\u0103 la \u00d8 40.<\/li>\n<\/ul>\n<\/div>\n<\/div>\n<\/div>\n","protected":false},"excerpt":{"rendered":"<p>M\u0103rimi: \u00d8 20 p\u00e2n\u0103 la \u00d8 40.<\/p>\n","protected":false},"featured_media":31930,"template":"","meta":[],"product_brand":[],"product_cat":[1323],"product_tag":[1480,1324,1325,1319],"class_list":{"0":"post-31931","1":"product","2":"type-product","3":"status-publish","4":"has-post-thumbnail","6":"product_cat-ventuze-de-vacuum","7":"product_tag-panel-and-glass-circuit-board-adsorption","8":"product_tag-vacuum-pads","9":"product_tag-vacuum-pads-only-maintenance-parts-accessories","10":"product_tag-vacuum-products","12":"first","13":"instock","14":"taxable","15":"shipping-taxable","16":"purchasable","17":"product-type-simple"},"_links":{"self":[{"href":"https:\/\/jpx.ro\/belsystem\/wp-json\/wp\/v2\/product\/31931","targetHints":{"allow":["GET"]}}],"collection":[{"href":"https:\/\/jpx.ro\/belsystem\/wp-json\/wp\/v2\/product"}],"about":[{"href":"https:\/\/jpx.ro\/belsystem\/wp-json\/wp\/v2\/types\/product"}],"wp:featuredmedia":[{"embeddable":true,"href":"https:\/\/jpx.ro\/belsystem\/wp-json\/wp\/v2\/media\/31930"}],"wp:attachment":[{"href":"https:\/\/jpx.ro\/belsystem\/wp-json\/wp\/v2\/media?parent=31931"}],"wp:term":[{"taxonomy":"product_brand","embeddable":true,"href":"https:\/\/jpx.ro\/belsystem\/wp-json\/wp\/v2\/product_brand?post=31931"},{"taxonomy":"product_cat","embeddable":true,"href":"https:\/\/jpx.ro\/belsystem\/wp-json\/wp\/v2\/product_cat?post=31931"},{"taxonomy":"product_tag","embeddable":true,"href":"https:\/\/jpx.ro\/belsystem\/wp-json\/wp\/v2\/product_tag?post=31931"}],"curies":[{"name":"wp","href":"https:\/\/api.w.org\/{rel}","templated":true}]}}