{"id":29154,"date":"2025-09-13T19:09:25","date_gmt":"2025-09-13T17:09:25","guid":{"rendered":"https:\/\/jpx.ro\/belsystem\/produs\/parallel-grippers-with-3-fingerspx-series\/"},"modified":"2025-10-23T06:41:49","modified_gmt":"2025-10-23T04:41:49","slug":"parallel-grippers-with-3-fingerspx-series","status":"publish","type":"product","link":"https:\/\/jpx.ro\/belsystem\/produs\/parallel-grippers-with-3-fingerspx-series\/","title":{"rendered":"Grippere paralele cu 3 degete seria PX"},"content":{"rendered":"<ul id=\"\" class=\"\">\n<li class=\"\">Precizie ridicat\u0103 a celor 3 degete datorit\u0103 glis\u0103rii pe canalul \u00een T<\/li>\n<li class=\"\">Tratament termic special al degetelor pentru a evita formarea jocului<\/li>\n<li class=\"\">Valori excelente de prindere intern\u0103 \u0219i extern\u0103<\/li>\n<\/ul>\n<p>Utilizate pentru manipularea componentelor rotunde, aceste cle\u0219ti garanteaz\u0103 o precizie ridicat\u0103 datorit\u0103 \u00eenchiderii sincronizate a celor trei f\u0103lci de prindere \u0219i sistemului de ghidaje prismatice.<br \/>\nIdeale pentru sectoare specifice precum pick-and-place (P&amp;Ps), interblocarea ma\u0219inilor-unelte \u0219i multe alte domenii, cle\u0219tii din seria PX acoper\u0103 toate exigen\u021bele automatiz\u0103rii industriale moderne, datorit\u0103 dimensiunilor lor compacte.<\/p>\n","protected":false},"excerpt":{"rendered":"<p>Precizie ridicat\u0103 a celor 3 degete datorit\u0103 glis\u0103rii pe canalul \u00een T Tratament termic special al degetelor pentru a evita formarea jocului Valori excelente de prindere intern\u0103 \u0219i extern\u0103 Utilizate pentru manipularea componentelor rotunde, aceste cle\u0219ti garanteaz\u0103 o precizie ridicat\u0103 datorit\u0103 \u00eenchiderii sincronizate a celor trei f\u0103lci de prindere \u0219i sistemului de ghidaje prismatice. Ideale [&hellip;]<\/p>\n","protected":false},"featured_media":30273,"template":"","meta":[],"product_brand":[700],"product_cat":[695],"product_tag":[699],"class_list":{"0":"post-29154","1":"product","2":"type-product","3":"status-publish","4":"has-post-thumbnail","6":"product_brand-at-fluid-solutions","7":"product_cat-cilindri-pneumatici","8":"product_tag-cylinders-and-manipulation","10":"first","11":"instock","12":"taxable","13":"shipping-taxable","14":"purchasable","15":"product-type-simple"},"_links":{"self":[{"href":"https:\/\/jpx.ro\/belsystem\/wp-json\/wp\/v2\/product\/29154","targetHints":{"allow":["GET"]}}],"collection":[{"href":"https:\/\/jpx.ro\/belsystem\/wp-json\/wp\/v2\/product"}],"about":[{"href":"https:\/\/jpx.ro\/belsystem\/wp-json\/wp\/v2\/types\/product"}],"wp:featuredmedia":[{"embeddable":true,"href":"https:\/\/jpx.ro\/belsystem\/wp-json\/wp\/v2\/media\/30273"}],"wp:attachment":[{"href":"https:\/\/jpx.ro\/belsystem\/wp-json\/wp\/v2\/media?parent=29154"}],"wp:term":[{"taxonomy":"product_brand","embeddable":true,"href":"https:\/\/jpx.ro\/belsystem\/wp-json\/wp\/v2\/product_brand?post=29154"},{"taxonomy":"product_cat","embeddable":true,"href":"https:\/\/jpx.ro\/belsystem\/wp-json\/wp\/v2\/product_cat?post=29154"},{"taxonomy":"product_tag","embeddable":true,"href":"https:\/\/jpx.ro\/belsystem\/wp-json\/wp\/v2\/product_tag?post=29154"}],"curies":[{"name":"wp","href":"https:\/\/api.w.org\/{rel}","templated":true}]}}